{"id":1073,"date":"2023-01-10T16:26:09","date_gmt":"2023-01-10T15:26:09","guid":{"rendered":"https:\/\/das-art.com\/membership-account\/membership-levels\/"},"modified":"2025-08-08T15:50:52","modified_gmt":"2025-08-08T13:50:52","slug":"subscribe","status":"publish","type":"page","link":"https:\/\/das-art.com\/fr\/subscribe\/","title":{"rendered":"Soutenir"},"content":{"rendered":"\n<div class=\"wp-block-group has-global-padding is-layout-constrained wp-container-core-group-is-layout-9a4c8acf wp-block-group-is-layout-constrained\" style=\"padding-top:var(--wp--preset--spacing--small);padding-right:var(--wp--preset--spacing--small);padding-bottom:var(--wp--preset--spacing--small);padding-left:var(--wp--preset--spacing--small)\">\n<div style=\"height:100px\" aria-hidden=\"true\" class=\"wp-block-spacer\"><\/div>\n\n\n\n<h2 class=\"wp-block-heading has-text-align-center\" style=\"text-transform:uppercase\">Salut \u00e0 toi ! Envie de soutenir mon travail ?<\/h2>\n\n\n\n<div style=\"height:var(--wp--preset--spacing--small)\" aria-hidden=\"true\" class=\"wp-block-spacer\"><\/div>\n\n\n\n<p><strong>Aide moi \u00e0 passer plus de temps sur mes projets artistiques ind\u00e9pendants<\/strong> (et \u00e0 acheter du mat\u00e9riel, payer les imprimeurs, les frais d&rsquo;h\u00e9bergement web\u2026) et moins sur mon job alimentaire, afin que je puisse cr\u00e9er plus de contenu (plus ou moins gratuit) et \u00e9diter plus de livres, plus souvent.<br><strong>En contrepartie, tu auras acc\u00e8s \u00e0 du contenu exclusif, aux coulisses de mes projets et \u00e0 ma gratitude \u00e9ternelle &#8211; et aussi, une remise sur \u00e0 peu pr\u00e8s tout ce que tu auras soutenu et quelques trucs gratuits m\u00eame !<\/strong><\/p>\n\n\n\n<h3 class=\"wp-block-heading\"><strong>Alors, comment \u00e7a fonctionne ?<\/strong><\/h3>\n\n\n\n<p><strong>Si tu aimes mon travail et veux me soutenir, moi, un artiste ind\u00e9pendant, choisi le montant de ce que tu veux me glisser dans la poche<\/strong> (m\u00eame un euro contribue \u00e9norm\u00e9ment \u00e0 m&rsquo;aider).<br>Bien s\u00fbr, tu peux modifier ou annuler ton soutient \u00e0 tout moment sans avoir \u00e0 te justifier et je resterais reconnaissant de l\u2019aide que tu m\u2019auras apporter jusque l\u00e0.<br><em>Tout est g\u00e9r\u00e9 via Paypal mais tu n&rsquo;as pas besoin d&rsquo;avoir ou de cr\u00e9er un compte.<\/em><\/p>\n\n\n\n<p><strong>Tu peux \u00e9galement m&rsquo;aider sans rien d\u00e9bourser en interagissant avec moi sur les r\u00e9seaux sociaux.<\/strong> Partager, sauvegarder, commenter et liker mon contenu ne te co\u00fbtera rien, tout en me laissant savoir que tu aimes mes cr\u00e9ations, et \u00e7a aide aussi pas mal avec les algorithmes\u2026<\/p>\n\n\n\n<div class=\"wp-block-group lets-connect is-content-justification-center is-nowrap is-layout-flex wp-container-core-group-is-layout-23441af8 wp-block-group-is-layout-flex\">\n<div class=\"wp-block-group lets-connect is-content-justification-center is-nowrap is-layout-flex wp-container-core-group-is-layout-23441af8 wp-block-group-is-layout-flex\">\n<figure class=\"wp-block-image size-large\"><a href=\"https:\/\/instagram.com\/DasArt\"><noscript><img decoding=\"async\" data-skip-lazy src=\"https:\/\/das-art.com\/wp-content\/uploads\/instagram.png\" alt=\"Instagram\"\/><\/noscript><img decoding=\"async\" src=\"https:\/\/das-art.com\/wp-content\/uploads\/instagram.png\" alt=\"Instagram\" data-src=\"https:\/\/das-art.com\/wp-content\/uploads\/instagram.png\" data-sizes=\"auto\" loading=\"eager\" class=\"vp-lazyload\"><\/a><\/figure>\n\n\n\n<figure class=\"wp-block-image size-full\"><a href=\"https:\/\/www.threads.net\/@DasArt\"><noscript><img loading=\"lazy\" decoding=\"async\" width=\"48\" height=\"48\" data-skip-lazy src=\"https:\/\/cdn.das-art.com\/threads.png\" alt=\"Threads\" class=\"wp-image-2130\"\/><\/noscript><img loading=\"eager\" decoding=\"async\" width=\"48\" height=\"48\" src=\"data:image\/svg+xml;base64,PHN2ZyB3aWR0aD0iNDgiIGhlaWdodD0iNDgiIHZpZXdCb3g9IjAgMCA0OCA0OCIgZmlsbD0ibm9uZSIgeG1sbnM9Imh0dHA6Ly93d3cudzMub3JnLzIwMDAvc3ZnIj48L3N2Zz4=\" alt=\"Threads\" class=\"wp-image-2130 vp-lazyload\" data-src=\"https:\/\/cdn.das-art.com\/threads.png\" data-sizes=\"auto\"><\/a><\/figure>\n\n\n\n<figure class=\"wp-block-image size-full\"><a href=\"https:\/\/bsky.app\/profile\/DasArt.bsky.social\"><noscript><img loading=\"lazy\" decoding=\"async\" width=\"48\" height=\"48\" data-skip-lazy src=\"https:\/\/cdn.das-art.com\/bluesky.png\" alt=\"Bluesky\" class=\"wp-image-2132\"\/><\/noscript><img loading=\"eager\" decoding=\"async\" width=\"48\" height=\"48\" src=\"data:image\/svg+xml;base64,PHN2ZyB3aWR0aD0iNDgiIGhlaWdodD0iNDgiIHZpZXdCb3g9IjAgMCA0OCA0OCIgZmlsbD0ibm9uZSIgeG1sbnM9Imh0dHA6Ly93d3cudzMub3JnLzIwMDAvc3ZnIj48L3N2Zz4=\" alt=\"Bluesky\" class=\"wp-image-2132 vp-lazyload\" data-src=\"https:\/\/cdn.das-art.com\/bluesky.png\" data-sizes=\"auto\"><\/a><\/figure>\n\n\n\n<figure class=\"wp-block-image size-large\"><a href=\"https:\/\/www.goodreads.com\/DasArt\"><noscript><img decoding=\"async\" data-skip-lazy src=\"https:\/\/das-art.com\/wp-content\/uploads\/goodreads.png\" alt=\"Goodreads\"\/><\/noscript><img decoding=\"async\" src=\"https:\/\/das-art.com\/wp-content\/uploads\/goodreads.png\" alt=\"Goodreads\" data-src=\"https:\/\/das-art.com\/wp-content\/uploads\/goodreads.png\" data-sizes=\"auto\" loading=\"eager\" class=\"vp-lazyload\"><\/a><\/figure>\n<\/div>\n<\/div>\n\n\n\n<div style=\"height:var(--wp--preset--spacing--small)\" aria-hidden=\"true\" class=\"wp-block-spacer\"><\/div>\n\n\n\n<h3 class=\"wp-block-heading has-text-align-center\">Maintenant, c&rsquo;est \u00e0 toi de jouer !<\/h3>\n\n\n\n<div class=\"wp-block-columns is-layout-flex wp-container-core-columns-is-layout-28f84493 wp-block-columns-is-layout-flex\">\n<div class=\"wp-block-column pledge has-white-background-color has-background is-layout-flow wp-block-column-is-layout-flow\" style=\"padding-top:var(--wp--preset--spacing--small);padding-right:var(--wp--preset--spacing--x-small);padding-bottom:var(--wp--preset--spacing--small);padding-left:var(--wp--preset--spacing--x-small)\">\n<div class=\"wp-block-group has-global-padding is-layout-constrained wp-block-group-is-layout-constrained\">\n<h4 class=\"wp-block-heading has-text-align-center\">Tu m&rsquo;offres un th\u00e9!<\/h4>\n\n\n\n<p class=\"has-text-align-center has-text-color\" style=\"color:#880c08\"><strong>Don unique<\/strong><\/p>\n\n\n\n<p>Tu veux remplir ma tasse de th\u00e9 ? Choisi un montant en cliquant sur ce bouton \u00ab\u00a0faire un don\u00a0\u00bb !<\/p>\n\n\n\n<div style=\"height:185px\" aria-hidden=\"true\" class=\"wp-block-spacer\"><\/div>\n\n\n\n<div class=\"wp-block-buttons is-content-justification-center is-layout-flex wp-container-core-buttons-is-layout-a89b3969 wp-block-buttons-is-layout-flex\">\n<div class=\"wp-block-button has-custom-width wp-block-button__width-100\"><a class=\"wp-block-button__link has-white-color has-text-color has-background wp-element-button\" href=\"https:\/\/www.paypal.com\/donate\/?hosted_button_id=LVU5W3Q8L5NYY\" style=\"border-radius:5px;background-color:#2c2e2f;font-style:normal;font-weight:700\"><strong>Faire un don<\/strong><\/a><\/div>\n<\/div>\n<\/div>\n<\/div>\n\n\n\n<div class=\"wp-block-column pledge has-white-background-color has-background is-layout-flow wp-block-column-is-layout-flow\" style=\"padding-top:var(--wp--preset--spacing--small);padding-right:var(--wp--preset--spacing--x-small);padding-bottom:var(--wp--preset--spacing--small);padding-left:var(--wp--preset--spacing--x-small)\">\n<div class=\"wp-block-group has-global-padding is-layout-constrained wp-block-group-is-layout-constrained\">\n<h4 class=\"wp-block-heading has-text-align-center\">La Gratitude \u00c9ternelle !<\/h4>\n\n\n\n<p class=\"has-text-align-center has-text-color\" style=\"color:#880c08\"><strong>1\u20ac par mois<\/strong><\/p>\n\n\n\n<p>Tout aide est appr\u00e9ci\u00e9e. En retour, tu auras :<\/p>\n\n\n\n<ul class=\"wp-block-list\">\n<li><strong>Du contenu exclusif et un \u0153il dans les coulisses<\/strong> de mes projets \u00e0 venir dans une lettre d&rsquo;information mensuelle,<\/li>\n\n\n\n<li><strong>Ma gratitude \u00e9ternelle<\/strong>, \u00e9videmment ! \ud83d\ude09<\/li>\n<\/ul>\n<\/div>\n\n\n\n<div style=\"height:27px\" aria-hidden=\"true\" class=\"wp-block-spacer\"><\/div>\n\n\n\n<script src=\"https:\/\/www.paypal.com\/sdk\/js?client-id=AbkqdEWKfxdfF0OunP97afPFjwyy8W5i9-joZgU7XjLe8P8yp566PCAC5-wHxDfXd8GzLDe1dte8aQli&amp;vault=true&amp;intent=subscription\" data-sdk-integration-source=\"button-factory\"><\/script>\n<div id=\"paypal-button-container-P-51X88224UA335484PMO7A7PY\"><\/div>\n<script>\n  paypal.Buttons({\n      style: {\n          shape: 'rect',\n          color: 'black',\n          layout: 'vertical',\n          label: 'subscribe'\n      },\n      createSubscription: function(data, actions) {\n        return actions.subscription.create({\n          \/* Creates the subscription *\/\n          plan_id: 'P-51X88224UA335484PMO7A7PY'\n        });\n      },\n      onApprove: function(data, actions) {\n        alert(data.subscriptionID); \/\/ You can add optional success message for the subscriber here\n      }\n  }).render('#paypal-button-container-P-51X88224UA335484PMO7A7PY'); \/\/ Renders the PayPal button\n<\/script>\n<\/div>\n\n\n\n<div class=\"wp-block-column pledge has-white-background-color has-background is-layout-flow wp-block-column-is-layout-flow\" style=\"padding-top:var(--wp--preset--spacing--small);padding-right:var(--wp--preset--spacing--x-small);padding-bottom:var(--wp--preset--spacing--small);padding-left:var(--wp--preset--spacing--x-small)\">\n<div class=\"wp-block-group has-global-padding is-layout-constrained wp-block-group-is-layout-constrained\">\n<h4 class=\"wp-block-heading has-text-align-center\">La carte de biblioth\u00e8que !<\/h4>\n\n\n\n<p class=\"has-text-align-center has-text-color\" style=\"color:#880c08\"><strong>5\u20ac par mois<\/strong><\/p>\n\n\n\n<p>En plus de ma <strong>Gratitude \u00c9ternelle<\/strong>, tu auras:<\/p>\n\n\n\n<ul class=\"wp-block-list\">\n<li><strong>les PDF des mes futurs livres<\/strong> avant qu&rsquo;ils ne soient publi\u00e9s,<\/li>\n\n\n\n<li><strong>5% de remise<\/strong> sur ma boutique,<\/li>\n\n\n\n<li><strong>Du contenu exclusif et un \u0153il dans les coulisses<\/strong> de mes projets \u00e0 venir dans une lettre d&rsquo;information mensuelle.<\/li>\n<\/ul>\n<\/div>\n\n\n\n<div id=\"paypal-button-container-P-4WU51908A1839190FMO7BMPQ\"><\/div>\n<script>\n  paypal.Buttons({\n      style: {\n          shape: 'rect',\n          color: 'black',\n          layout: 'vertical',\n          label: 'subscribe'\n      },\n      createSubscription: function(data, actions) {\n        return actions.subscription.create({\n          \/* Creates the subscription *\/\n          plan_id: 'P-4WU51908A1839190FMO7BMPQ'\n        });\n      },\n      onApprove: function(data, actions) {\n        alert(data.subscriptionID); \/\/ You can add optional success message for the subscriber here\n      }\n  }).render('#paypal-button-container-P-4WU51908A1839190FMO7BMPQ'); \/\/ Renders the PayPal button\n<\/script>\n<\/div>\n<\/div>\n\n\n\n<div style=\"height:100px\" aria-hidden=\"true\" class=\"wp-block-spacer\"><\/div>\n<\/div>\n","protected":false},"excerpt":{"rendered":"<p>Salut \u00e0 toi ! Envie de soutenir mon travail ? Aide moi \u00e0 passer plus de temps sur mes projets artistiques ind\u00e9pendants (et \u00e0 acheter du mat\u00e9riel, payer les imprimeurs, les frais d&rsquo;h\u00e9bergement web\u2026) et moins sur mon job alimentaire, afin que je puisse cr\u00e9er plus de contenu (plus ou moins gratuit) et \u00e9diter plus &hellip; <\/p>\n<p class=\"link-more\"><a href=\"https:\/\/das-art.com\/fr\/subscribe\/\" class=\"more-link\">Lire la suite de<span class=\"screen-reader-text\">\u00ab\u00a0Soutenir\u00a0\u00bb<\/span><\/a><\/p>\n","protected":false},"author":1,"featured_media":0,"parent":0,"menu_order":0,"comment_status":"closed","ping_status":"closed","template":"page-templates\/full-width-no-title.php","meta":{"advanced_seo_description":"","jetpack_seo_html_title":"","jetpack_seo_noindex":false,"_wp_convertkit_post_meta":{"form":"-1","landing_page":"0","tag":"0","restrict_content":"0"},"_vp_format_video_url":"","_vp_image_focal_point":[],"inspiro_hide_title":false,"footnotes":""},"class_list":["post-1073","page","type-page","status-publish","hentry"],"translation":{"provider":"WPGlobus","version":"3.0.2","language":"fr","enabled_languages":["gb","fr"],"languages":{"gb":{"title":true,"content":true,"excerpt":false},"fr":{"title":true,"content":true,"excerpt":false}}},"jetpack_sharing_enabled":true,"_links":{"self":[{"href":"https:\/\/das-art.com\/fr\/wp-json\/wp\/v2\/pages\/1073","targetHints":{"allow":["GET"]}}],"collection":[{"href":"https:\/\/das-art.com\/fr\/wp-json\/wp\/v2\/pages"}],"about":[{"href":"https:\/\/das-art.com\/fr\/wp-json\/wp\/v2\/types\/page"}],"author":[{"embeddable":true,"href":"https:\/\/das-art.com\/fr\/wp-json\/wp\/v2\/users\/1"}],"replies":[{"embeddable":true,"href":"https:\/\/das-art.com\/fr\/wp-json\/wp\/v2\/comments?post=1073"}],"version-history":[{"count":94,"href":"https:\/\/das-art.com\/fr\/wp-json\/wp\/v2\/pages\/1073\/revisions"}],"predecessor-version":[{"id":3325,"href":"https:\/\/das-art.com\/fr\/wp-json\/wp\/v2\/pages\/1073\/revisions\/3325"}],"wp:attachment":[{"href":"https:\/\/das-art.com\/fr\/wp-json\/wp\/v2\/media?parent=1073"}],"curies":[{"name":"wp","href":"https:\/\/api.w.org\/{rel}","templated":true}]}}