{"id":1284,"date":"2023-03-26T01:57:09","date_gmt":"2023-03-26T00:57:09","guid":{"rendered":"https:\/\/das-art.com\/?page_id=1284"},"modified":"2025-10-03T15:39:20","modified_gmt":"2025-10-03T13:39:20","slug":"the-professional","status":"publish","type":"page","link":"https:\/\/das-art.com\/fr\/the-professional\/","title":{"rendered":"The Professional"},"content":{"rendered":"\n<div class=\"wp-block-group alignfull has-black-background-color has-background is-layout-flow wp-block-group-is-layout-flow\">\n<div style=\"height:200px\" aria-hidden=\"true\" class=\"wp-block-spacer\"><\/div>\n\n\n\n<h2 class=\"wp-block-heading has-text-align-center has-white-color has-text-color\" style=\"text-transform:uppercase\">The Professional<\/h2>\n\n\n\n<div class=\"wp-block-group has-global-padding is-layout-constrained wp-block-group-is-layout-constrained\">\n<figure class=\"wp-block-image aligncenter size-full\"><noscript><img loading=\"lazy\" decoding=\"async\" width=\"1000\" height=\"707\" data-skip-lazy src=\"https:\/\/das-art.com\/wp-content\/uploads\/The-Professional_01.jpg\" alt=\"The Professional - 01\" class=\"wp-image-1740\" srcset=\"https:\/\/cdn.das-art.com\/The-Professional_01.jpg 1000w, https:\/\/cdn.das-art.com\/The-Professional_01-500x354.jpg 500w, https:\/\/cdn.das-art.com\/The-Professional_01-800x566.jpg 800w\" sizes=\"auto, (max-width: 1000px) 100vw, 1000px\" \/><\/noscript><img loading=\"eager\" decoding=\"async\" width=\"1000\" height=\"707\" src=\"https:\/\/das-art.com\/wp-content\/uploads\/The-Professional_01.jpg\" alt=\"The Professional - 01\" class=\"wp-image-1740 vp-lazyload\" srcset=\"data:image\/svg+xml;base64,PHN2ZyB3aWR0aD0iMTAwMCIgaGVpZ2h0PSI3MDciIHZpZXdCb3g9IjAgMCAxMDAwIDcwNyIgZmlsbD0ibm9uZSIgeG1sbnM9Imh0dHA6Ly93d3cudzMub3JnLzIwMDAvc3ZnIj48L3N2Zz4=\" data-src=\"https:\/\/das-art.com\/wp-content\/uploads\/The-Professional_01.jpg\" data-srcset=\"https:\/\/cdn.das-art.com\/The-Professional_01.jpg 1000w, https:\/\/cdn.das-art.com\/The-Professional_01-500x354.jpg 500w, https:\/\/cdn.das-art.com\/The-Professional_01-800x566.jpg 800w\" data-sizes=\"auto\"><\/figure>\n\n\n\n<figure class=\"wp-block-image aligncenter size-full\"><noscript><img loading=\"lazy\" decoding=\"async\" width=\"1000\" height=\"707\" data-skip-lazy src=\"https:\/\/das-art.com\/wp-content\/uploads\/The-Professional_02.jpg\" alt=\"The Professional - 02\" class=\"wp-image-1261\" srcset=\"https:\/\/cdn.das-art.com\/The-Professional_02.jpg 1000w, https:\/\/cdn.das-art.com\/The-Professional_02-300x212.jpg 300w, https:\/\/cdn.das-art.com\/The-Professional_02-768x543.jpg 768w, https:\/\/cdn.das-art.com\/The-Professional_02-500x354.jpg 500w, https:\/\/cdn.das-art.com\/The-Professional_02-800x566.jpg 800w, https:\/\/cdn.das-art.com\/The-Professional_02-600x424.jpg 600w\" sizes=\"auto, (max-width: 1000px) 100vw, 1000px\" \/><\/noscript><img loading=\"eager\" decoding=\"async\" width=\"1000\" height=\"707\" src=\"https:\/\/das-art.com\/wp-content\/uploads\/The-Professional_02.jpg\" alt=\"The Professional - 02\" class=\"wp-image-1261 vp-lazyload\" srcset=\"data:image\/svg+xml;base64,PHN2ZyB3aWR0aD0iMTAwMCIgaGVpZ2h0PSI3MDciIHZpZXdCb3g9IjAgMCAxMDAwIDcwNyIgZmlsbD0ibm9uZSIgeG1sbnM9Imh0dHA6Ly93d3cudzMub3JnLzIwMDAvc3ZnIj48L3N2Zz4=\" data-src=\"https:\/\/das-art.com\/wp-content\/uploads\/The-Professional_02.jpg\" data-srcset=\"https:\/\/cdn.das-art.com\/The-Professional_02.jpg 1000w, https:\/\/cdn.das-art.com\/The-Professional_02-300x212.jpg 300w, https:\/\/cdn.das-art.com\/The-Professional_02-768x543.jpg 768w, https:\/\/cdn.das-art.com\/The-Professional_02-500x354.jpg 500w, https:\/\/cdn.das-art.com\/The-Professional_02-800x566.jpg 800w, https:\/\/cdn.das-art.com\/The-Professional_02-600x424.jpg 600w\" data-sizes=\"auto\"><\/figure>\n\n\n\n<figure class=\"wp-block-image aligncenter size-full\"><noscript><img loading=\"lazy\" decoding=\"async\" width=\"1000\" height=\"707\" data-skip-lazy src=\"https:\/\/das-art.com\/wp-content\/uploads\/The-Professional_03.jpg\" alt=\"The Professional - 03\" class=\"wp-image-1262\" srcset=\"https:\/\/cdn.das-art.com\/The-Professional_03.jpg 1000w, https:\/\/cdn.das-art.com\/The-Professional_03-300x212.jpg 300w, https:\/\/cdn.das-art.com\/The-Professional_03-768x543.jpg 768w, https:\/\/cdn.das-art.com\/The-Professional_03-500x354.jpg 500w, https:\/\/cdn.das-art.com\/The-Professional_03-800x566.jpg 800w, https:\/\/cdn.das-art.com\/The-Professional_03-600x424.jpg 600w\" sizes=\"auto, (max-width: 1000px) 100vw, 1000px\" \/><\/noscript><img loading=\"eager\" decoding=\"async\" width=\"1000\" height=\"707\" src=\"https:\/\/das-art.com\/wp-content\/uploads\/The-Professional_03.jpg\" alt=\"The Professional - 03\" class=\"wp-image-1262 vp-lazyload\" srcset=\"data:image\/svg+xml;base64,PHN2ZyB3aWR0aD0iMTAwMCIgaGVpZ2h0PSI3MDciIHZpZXdCb3g9IjAgMCAxMDAwIDcwNyIgZmlsbD0ibm9uZSIgeG1sbnM9Imh0dHA6Ly93d3cudzMub3JnLzIwMDAvc3ZnIj48L3N2Zz4=\" data-src=\"https:\/\/das-art.com\/wp-content\/uploads\/The-Professional_03.jpg\" data-srcset=\"https:\/\/cdn.das-art.com\/The-Professional_03.jpg 1000w, https:\/\/cdn.das-art.com\/The-Professional_03-300x212.jpg 300w, https:\/\/cdn.das-art.com\/The-Professional_03-768x543.jpg 768w, https:\/\/cdn.das-art.com\/The-Professional_03-500x354.jpg 500w, https:\/\/cdn.das-art.com\/The-Professional_03-800x566.jpg 800w, https:\/\/cdn.das-art.com\/The-Professional_03-600x424.jpg 600w\" data-sizes=\"auto\"><\/figure>\n\n\n\n<figure class=\"wp-block-image aligncenter size-full\"><noscript><img loading=\"lazy\" decoding=\"async\" width=\"1000\" height=\"707\" data-skip-lazy src=\"https:\/\/das-art.com\/wp-content\/uploads\/The-Professional_04.jpg\" alt=\"The Professional - 04\" class=\"wp-image-1263\" srcset=\"https:\/\/cdn.das-art.com\/The-Professional_04.jpg 1000w, https:\/\/cdn.das-art.com\/The-Professional_04-300x212.jpg 300w, https:\/\/cdn.das-art.com\/The-Professional_04-768x543.jpg 768w, https:\/\/cdn.das-art.com\/The-Professional_04-500x354.jpg 500w, https:\/\/cdn.das-art.com\/The-Professional_04-800x566.jpg 800w, https:\/\/cdn.das-art.com\/The-Professional_04-600x424.jpg 600w\" sizes=\"auto, (max-width: 1000px) 100vw, 1000px\" \/><\/noscript><img loading=\"eager\" decoding=\"async\" width=\"1000\" height=\"707\" src=\"https:\/\/das-art.com\/wp-content\/uploads\/The-Professional_04.jpg\" alt=\"The Professional - 04\" class=\"wp-image-1263 vp-lazyload\" srcset=\"data:image\/svg+xml;base64,PHN2ZyB3aWR0aD0iMTAwMCIgaGVpZ2h0PSI3MDciIHZpZXdCb3g9IjAgMCAxMDAwIDcwNyIgZmlsbD0ibm9uZSIgeG1sbnM9Imh0dHA6Ly93d3cudzMub3JnLzIwMDAvc3ZnIj48L3N2Zz4=\" data-src=\"https:\/\/das-art.com\/wp-content\/uploads\/The-Professional_04.jpg\" data-srcset=\"https:\/\/cdn.das-art.com\/The-Professional_04.jpg 1000w, https:\/\/cdn.das-art.com\/The-Professional_04-300x212.jpg 300w, https:\/\/cdn.das-art.com\/The-Professional_04-768x543.jpg 768w, https:\/\/cdn.das-art.com\/The-Professional_04-500x354.jpg 500w, https:\/\/cdn.das-art.com\/The-Professional_04-800x566.jpg 800w, https:\/\/cdn.das-art.com\/The-Professional_04-600x424.jpg 600w\" data-sizes=\"auto\"><\/figure>\n\n\n\n<figure class=\"wp-block-image aligncenter size-full\"><noscript><img loading=\"lazy\" decoding=\"async\" width=\"1000\" height=\"707\" data-skip-lazy src=\"https:\/\/das-art.com\/wp-content\/uploads\/The-Professional_05.jpg\" alt=\"The Professional - 05\" class=\"wp-image-1264\" srcset=\"https:\/\/cdn.das-art.com\/The-Professional_05.jpg 1000w, https:\/\/cdn.das-art.com\/The-Professional_05-300x212.jpg 300w, https:\/\/cdn.das-art.com\/The-Professional_05-768x543.jpg 768w, https:\/\/cdn.das-art.com\/The-Professional_05-500x354.jpg 500w, https:\/\/cdn.das-art.com\/The-Professional_05-800x566.jpg 800w, https:\/\/cdn.das-art.com\/The-Professional_05-600x424.jpg 600w\" sizes=\"auto, (max-width: 1000px) 100vw, 1000px\" \/><\/noscript><img loading=\"eager\" decoding=\"async\" width=\"1000\" height=\"707\" src=\"https:\/\/das-art.com\/wp-content\/uploads\/The-Professional_05.jpg\" alt=\"The Professional - 05\" class=\"wp-image-1264 vp-lazyload\" srcset=\"data:image\/svg+xml;base64,PHN2ZyB3aWR0aD0iMTAwMCIgaGVpZ2h0PSI3MDciIHZpZXdCb3g9IjAgMCAxMDAwIDcwNyIgZmlsbD0ibm9uZSIgeG1sbnM9Imh0dHA6Ly93d3cudzMub3JnLzIwMDAvc3ZnIj48L3N2Zz4=\" data-src=\"https:\/\/das-art.com\/wp-content\/uploads\/The-Professional_05.jpg\" data-srcset=\"https:\/\/cdn.das-art.com\/The-Professional_05.jpg 1000w, https:\/\/cdn.das-art.com\/The-Professional_05-300x212.jpg 300w, https:\/\/cdn.das-art.com\/The-Professional_05-768x543.jpg 768w, https:\/\/cdn.das-art.com\/The-Professional_05-500x354.jpg 500w, https:\/\/cdn.das-art.com\/The-Professional_05-800x566.jpg 800w, https:\/\/cdn.das-art.com\/The-Professional_05-600x424.jpg 600w\" data-sizes=\"auto\"><\/figure>\n\n\n\n<figure class=\"wp-block-image aligncenter size-full\"><noscript><img loading=\"lazy\" decoding=\"async\" width=\"1000\" height=\"707\" data-skip-lazy src=\"https:\/\/das-art.com\/wp-content\/uploads\/The-Professional_06.jpg\" alt=\"The Professional - 06\" class=\"wp-image-1265\" srcset=\"https:\/\/cdn.das-art.com\/The-Professional_06.jpg 1000w, https:\/\/cdn.das-art.com\/The-Professional_06-300x212.jpg 300w, https:\/\/cdn.das-art.com\/The-Professional_06-768x543.jpg 768w, https:\/\/cdn.das-art.com\/The-Professional_06-500x354.jpg 500w, https:\/\/cdn.das-art.com\/The-Professional_06-800x566.jpg 800w, https:\/\/cdn.das-art.com\/The-Professional_06-600x424.jpg 600w\" sizes=\"auto, (max-width: 1000px) 100vw, 1000px\" \/><\/noscript><img loading=\"eager\" decoding=\"async\" width=\"1000\" height=\"707\" src=\"https:\/\/das-art.com\/wp-content\/uploads\/The-Professional_06.jpg\" alt=\"The Professional - 06\" class=\"wp-image-1265 vp-lazyload\" srcset=\"data:image\/svg+xml;base64,PHN2ZyB3aWR0aD0iMTAwMCIgaGVpZ2h0PSI3MDciIHZpZXdCb3g9IjAgMCAxMDAwIDcwNyIgZmlsbD0ibm9uZSIgeG1sbnM9Imh0dHA6Ly93d3cudzMub3JnLzIwMDAvc3ZnIj48L3N2Zz4=\" data-src=\"https:\/\/das-art.com\/wp-content\/uploads\/The-Professional_06.jpg\" data-srcset=\"https:\/\/cdn.das-art.com\/The-Professional_06.jpg 1000w, https:\/\/cdn.das-art.com\/The-Professional_06-300x212.jpg 300w, https:\/\/cdn.das-art.com\/The-Professional_06-768x543.jpg 768w, https:\/\/cdn.das-art.com\/The-Professional_06-500x354.jpg 500w, https:\/\/cdn.das-art.com\/The-Professional_06-800x566.jpg 800w, https:\/\/cdn.das-art.com\/The-Professional_06-600x424.jpg 600w\" data-sizes=\"auto\"><\/figure>\n\n\n\n<figure class=\"wp-block-image aligncenter size-full\"><noscript><img loading=\"lazy\" decoding=\"async\" width=\"1000\" height=\"707\" data-skip-lazy src=\"https:\/\/das-art.com\/wp-content\/uploads\/The-Professional_07.jpg\" alt=\"The Professional - 07\" class=\"wp-image-1266\" srcset=\"https:\/\/cdn.das-art.com\/The-Professional_07.jpg 1000w, https:\/\/cdn.das-art.com\/The-Professional_07-300x212.jpg 300w, https:\/\/cdn.das-art.com\/The-Professional_07-768x543.jpg 768w, https:\/\/cdn.das-art.com\/The-Professional_07-500x354.jpg 500w, https:\/\/cdn.das-art.com\/The-Professional_07-800x566.jpg 800w, https:\/\/cdn.das-art.com\/The-Professional_07-600x424.jpg 600w\" sizes=\"auto, (max-width: 1000px) 100vw, 1000px\" \/><\/noscript><img loading=\"eager\" decoding=\"async\" width=\"1000\" height=\"707\" src=\"https:\/\/das-art.com\/wp-content\/uploads\/The-Professional_07.jpg\" alt=\"The Professional - 07\" class=\"wp-image-1266 vp-lazyload\" srcset=\"data:image\/svg+xml;base64,PHN2ZyB3aWR0aD0iMTAwMCIgaGVpZ2h0PSI3MDciIHZpZXdCb3g9IjAgMCAxMDAwIDcwNyIgZmlsbD0ibm9uZSIgeG1sbnM9Imh0dHA6Ly93d3cudzMub3JnLzIwMDAvc3ZnIj48L3N2Zz4=\" data-src=\"https:\/\/das-art.com\/wp-content\/uploads\/The-Professional_07.jpg\" data-srcset=\"https:\/\/cdn.das-art.com\/The-Professional_07.jpg 1000w, https:\/\/cdn.das-art.com\/The-Professional_07-300x212.jpg 300w, https:\/\/cdn.das-art.com\/The-Professional_07-768x543.jpg 768w, https:\/\/cdn.das-art.com\/The-Professional_07-500x354.jpg 500w, https:\/\/cdn.das-art.com\/The-Professional_07-800x566.jpg 800w, https:\/\/cdn.das-art.com\/The-Professional_07-600x424.jpg 600w\" data-sizes=\"auto\"><\/figure>\n\n\n\n<figure class=\"wp-block-image aligncenter size-full\"><noscript><img loading=\"lazy\" decoding=\"async\" width=\"1000\" height=\"707\" data-skip-lazy src=\"https:\/\/das-art.com\/wp-content\/uploads\/The-Professional_08.jpg\" alt=\"The Professional - 08\" class=\"wp-image-1267\" srcset=\"https:\/\/cdn.das-art.com\/The-Professional_08.jpg 1000w, https:\/\/cdn.das-art.com\/The-Professional_08-300x212.jpg 300w, https:\/\/cdn.das-art.com\/The-Professional_08-768x543.jpg 768w, https:\/\/cdn.das-art.com\/The-Professional_08-500x354.jpg 500w, https:\/\/cdn.das-art.com\/The-Professional_08-800x566.jpg 800w, https:\/\/cdn.das-art.com\/The-Professional_08-600x424.jpg 600w\" sizes=\"auto, (max-width: 1000px) 100vw, 1000px\" \/><\/noscript><img loading=\"eager\" decoding=\"async\" width=\"1000\" height=\"707\" src=\"https:\/\/das-art.com\/wp-content\/uploads\/The-Professional_08.jpg\" alt=\"The Professional - 08\" class=\"wp-image-1267 vp-lazyload\" srcset=\"data:image\/svg+xml;base64,PHN2ZyB3aWR0aD0iMTAwMCIgaGVpZ2h0PSI3MDciIHZpZXdCb3g9IjAgMCAxMDAwIDcwNyIgZmlsbD0ibm9uZSIgeG1sbnM9Imh0dHA6Ly93d3cudzMub3JnLzIwMDAvc3ZnIj48L3N2Zz4=\" data-src=\"https:\/\/das-art.com\/wp-content\/uploads\/The-Professional_08.jpg\" data-srcset=\"https:\/\/cdn.das-art.com\/The-Professional_08.jpg 1000w, https:\/\/cdn.das-art.com\/The-Professional_08-300x212.jpg 300w, https:\/\/cdn.das-art.com\/The-Professional_08-768x543.jpg 768w, https:\/\/cdn.das-art.com\/The-Professional_08-500x354.jpg 500w, https:\/\/cdn.das-art.com\/The-Professional_08-800x566.jpg 800w, https:\/\/cdn.das-art.com\/The-Professional_08-600x424.jpg 600w\" data-sizes=\"auto\"><\/figure>\n\n\n\n<figure class=\"wp-block-image aligncenter size-full\"><noscript><img loading=\"lazy\" decoding=\"async\" width=\"1000\" height=\"707\" data-skip-lazy src=\"https:\/\/das-art.com\/wp-content\/uploads\/The-Professional_09.jpg\" alt=\"The Professional - 09\" class=\"wp-image-1268\" srcset=\"https:\/\/cdn.das-art.com\/The-Professional_09.jpg 1000w, https:\/\/cdn.das-art.com\/The-Professional_09-300x212.jpg 300w, https:\/\/cdn.das-art.com\/The-Professional_09-768x543.jpg 768w, https:\/\/cdn.das-art.com\/The-Professional_09-500x354.jpg 500w, https:\/\/cdn.das-art.com\/The-Professional_09-800x566.jpg 800w, https:\/\/cdn.das-art.com\/The-Professional_09-600x424.jpg 600w\" sizes=\"auto, (max-width: 1000px) 100vw, 1000px\" \/><\/noscript><img loading=\"eager\" decoding=\"async\" width=\"1000\" height=\"707\" src=\"https:\/\/das-art.com\/wp-content\/uploads\/The-Professional_09.jpg\" alt=\"The Professional - 09\" class=\"wp-image-1268 vp-lazyload\" srcset=\"data:image\/svg+xml;base64,PHN2ZyB3aWR0aD0iMTAwMCIgaGVpZ2h0PSI3MDciIHZpZXdCb3g9IjAgMCAxMDAwIDcwNyIgZmlsbD0ibm9uZSIgeG1sbnM9Imh0dHA6Ly93d3cudzMub3JnLzIwMDAvc3ZnIj48L3N2Zz4=\" data-src=\"https:\/\/das-art.com\/wp-content\/uploads\/The-Professional_09.jpg\" data-srcset=\"https:\/\/cdn.das-art.com\/The-Professional_09.jpg 1000w, https:\/\/cdn.das-art.com\/The-Professional_09-300x212.jpg 300w, https:\/\/cdn.das-art.com\/The-Professional_09-768x543.jpg 768w, https:\/\/cdn.das-art.com\/The-Professional_09-500x354.jpg 500w, https:\/\/cdn.das-art.com\/The-Professional_09-800x566.jpg 800w, https:\/\/cdn.das-art.com\/The-Professional_09-600x424.jpg 600w\" data-sizes=\"auto\"><\/figure>\n<\/div>\n\n\n\n<div style=\"height:100px\" aria-hidden=\"true\" class=\"wp-block-spacer\"><\/div>\n\n\n\n<p class=\"has-text-align-center has-white-color has-text-color has-small-font-size\"><em>Ceci est \u00e9videmment une parodie d&rsquo;une sc\u00e8ne entre Natalie Portman et Jean Reno tir\u00e9e de L\u00e9on.<\/em><\/p>\n\n\n\n<p><\/p>\n<\/div>\n","protected":false},"excerpt":{"rendered":"<p>The Professional Ceci est \u00e9videmment une parodie d&rsquo;une sc\u00e8ne entre Natalie Portman et Jean Reno tir\u00e9e de L\u00e9on.<\/p>\n","protected":false},"author":1,"featured_media":1685,"parent":0,"menu_order":0,"comment_status":"closed","ping_status":"closed","template":"page-templates\/full-width-no-title.php","meta":{"advanced_seo_description":"","jetpack_seo_html_title":"","jetpack_seo_noindex":false,"_vp_format_video_url":"","_vp_image_focal_point":[],"inspiro_hide_title":false,"footnotes":""},"class_list":["post-1284","page","type-page","status-publish","has-post-thumbnail","hentry","page_tag-free-comics"],"translation":{"provider":"WPGlobus","version":"3.0.2","language":"fr","enabled_languages":["gb","fr"],"languages":{"gb":{"title":true,"content":true,"excerpt":false},"fr":{"title":true,"content":true,"excerpt":false}}},"jetpack_sharing_enabled":true,"_links":{"self":[{"href":"https:\/\/das-art.com\/fr\/wp-json\/wp\/v2\/pages\/1284","targetHints":{"allow":["GET"]}}],"collection":[{"href":"https:\/\/das-art.com\/fr\/wp-json\/wp\/v2\/pages"}],"about":[{"href":"https:\/\/das-art.com\/fr\/wp-json\/wp\/v2\/types\/page"}],"author":[{"embeddable":true,"href":"https:\/\/das-art.com\/fr\/wp-json\/wp\/v2\/users\/1"}],"replies":[{"embeddable":true,"href":"https:\/\/das-art.com\/fr\/wp-json\/wp\/v2\/comments?post=1284"}],"version-history":[{"count":16,"href":"https:\/\/das-art.com\/fr\/wp-json\/wp\/v2\/pages\/1284\/revisions"}],"predecessor-version":[{"id":3335,"href":"https:\/\/das-art.com\/fr\/wp-json\/wp\/v2\/pages\/1284\/revisions\/3335"}],"wp:featuredmedia":[{"embeddable":true,"href":"https:\/\/das-art.com\/fr\/wp-json\/wp\/v2\/media\/1685"}],"wp:attachment":[{"href":"https:\/\/das-art.com\/fr\/wp-json\/wp\/v2\/media?parent=1284"}],"curies":[{"name":"wp","href":"https:\/\/api.w.org\/{rel}","templated":true}]}}