{"id":136,"date":"2022-07-12T02:25:33","date_gmt":"2022-07-12T00:25:33","guid":{"rendered":"https:\/\/v9.das-art.com\/?page_id=136"},"modified":"2025-11-28T14:01:16","modified_gmt":"2025-11-28T13:01:16","slug":"contact","status":"publish","type":"page","link":"https:\/\/das-art.com\/fr\/contact\/","title":{"rendered":"Contact"},"content":{"rendered":"\n<div class=\"wp-block-group has-global-padding is-layout-constrained wp-container-core-group-is-layout-9a4c8acf wp-block-group-is-layout-constrained\" style=\"padding-top:var(--wp--preset--spacing--small);padding-right:var(--wp--preset--spacing--small);padding-bottom:var(--wp--preset--spacing--small);padding-left:var(--wp--preset--spacing--small)\">\n<div style=\"height:100px\" aria-hidden=\"true\" class=\"wp-block-spacer\"><\/div>\n\n\n\n<h2 class=\"wp-block-heading has-text-align-center\" style=\"text-transform:uppercase\">C&rsquo;est \u00e0 moi que tu parles ?<\/h2>\n\n\n\n<div style=\"height:var(--wp--preset--spacing--small)\" aria-hidden=\"true\" class=\"wp-block-spacer\"><\/div>\n\n\n\n<div class=\"wp-block-columns is-layout-flex wp-container-core-columns-is-layout-c375d253 wp-block-columns-is-layout-flex\">\n<div class=\"wp-block-column is-layout-flow wp-block-column-is-layout-flow\">\n<p>Si tu veux parler d&rsquo;un projet d&rsquo;illustration ou me confier la r\u00e9alisation d&rsquo;un dessin ou une illustration compl\u00e8te, regarde <a href=\"https:\/\/das-art.com\/fr\/my-work\/\" data-type=\"page\" data-id=\"2\">mes r\u00e9alisations<\/a> et n&rsquo;h\u00e9site plus \u00e0 me contacter.<\/p>\n\n\n\n<p>Si tu veux m&rsquo;inviter \u00e0 ta convention, n&rsquo;h\u00e9site pas \u00e0 me contacter non plus !<\/p>\n\n\n\n<p>Tu es libraire et veux proposer <a href=\"https:\/\/das-art.com\/fr\/product-category\/books\/\" data-type=\"product_cat\" data-id=\"22\">mes livres<\/a> \u00e0 tes clients, alors tu es au bon endroit pour me contacter.<\/p>\n\n\n\n<p>Si tu as une question relative \u00e0 <a href=\"https:\/\/das-art.com\/fr\/shop\/\" data-type=\"page\" data-id=\"42\">ma boutique<\/a>, tu veux peut-\u00eatre consulter la <a href=\"https:\/\/das-art.com\/fr\/terms-and-conditions\/\" data-type=\"page\" data-id=\"274\">FAQ<\/a> d&rsquo;abord.<\/p>\n\n\n\n<p>\u00c9videmment, si tu veux juste me joindre pour n&rsquo;importe quelle autre raison, alors c&rsquo;est le formulaire de contact qu&rsquo;il te faut \ud83d\ude09<\/p>\n\n\n\n<div style=\"height:100px\" aria-hidden=\"true\" class=\"wp-block-spacer\"><\/div>\n\n\n\n<p><em>Les champs marqu\u00e9s d&rsquo;un ast\u00e9risque sont obligatoires.<\/em><br><em>Formulaire prot\u00e9g\u00e9 par reCAPTCHA: <a href=\"https:\/\/policies.google.com\/privacy\" data-type=\"URL\" data-id=\"https:\/\/policies.google.com\/privacy\" target=\"_blank\" rel=\"noreferrer noopener\">R\u00e8gles de confidentialit\u00e9<\/a> and <a href=\"https:\/\/policies.google.com\/terms\" target=\"_blank\" rel=\"noreferrer noopener\">Conditions d&rsquo;Utilisation<\/a><\/em><\/p>\n<\/div>\n\n\n\n<div class=\"wp-block-column is-layout-flow wp-block-column-is-layout-flow\">\n<div class=\"wp-block-contact-form-7-contact-form-selector\">\n<div class=\"wpcf7 no-js\" id=\"wpcf7-f1464-o1\" lang=\"en-GB\" dir=\"ltr\" data-wpcf7-id=\"1464\">\n<div class=\"screen-reader-response\"><p role=\"status\" aria-live=\"polite\" aria-atomic=\"true\"><\/p> <ul><\/ul><\/div>\n<form action=\"\/fr\/wp-json\/wp\/v2\/pages\/136#wpcf7-f1464-o1\" method=\"post\" class=\"wpcf7-form init\" aria-label=\"Contact form\" novalidate=\"novalidate\" data-status=\"init\">\n<fieldset class=\"hidden-fields-container\"><input type=\"hidden\" name=\"_wpcf7\" value=\"1464\" \/><input type=\"hidden\" name=\"_wpcf7_version\" value=\"6.1.5\" \/><input type=\"hidden\" name=\"_wpcf7_locale\" value=\"en_GB\" \/><input type=\"hidden\" name=\"_wpcf7_unit_tag\" value=\"wpcf7-f1464-o1\" \/><input type=\"hidden\" name=\"_wpcf7_container_post\" value=\"0\" \/><input type=\"hidden\" name=\"_wpcf7_posted_data_hash\" value=\"\" \/><input type=\"hidden\" name=\"_wpcf7_recaptcha_response\" value=\"\" \/>\n<\/fieldset>\n<p><label> Nom*<br \/>\n<span class=\"wpcf7-form-control-wrap\" data-name=\"your-name\"><input size=\"40\" maxlength=\"400\" class=\"wpcf7-form-control wpcf7-text wpcf7-validates-as-required\" aria-required=\"true\" aria-invalid=\"false\" value=\"\" type=\"text\" name=\"your-name\" \/><\/span> <\/label>\n<\/p>\n<p><label> Soci\u00e9t\u00e9<br \/>\n<span class=\"wpcf7-form-control-wrap\" data-name=\"your-company\"><input size=\"40\" maxlength=\"400\" class=\"wpcf7-form-control wpcf7-text\" aria-invalid=\"false\" value=\"\" type=\"text\" name=\"your-company\" \/><\/span> <\/label>\n<\/p>\n<p><label> E-mail*<br \/>\n<span class=\"wpcf7-form-control-wrap\" data-name=\"your-email\"><input size=\"40\" maxlength=\"400\" class=\"wpcf7-form-control wpcf7-email wpcf7-validates-as-required wpcf7-text wpcf7-validates-as-email\" aria-required=\"true\" aria-invalid=\"false\" value=\"\" type=\"email\" name=\"your-email\" \/><\/span> <\/label>\n<\/p>\n<p><label> Num\u00e9ro de t\u00e9l\u00e9phone<br \/>\n<span class=\"wpcf7-form-control-wrap\" data-name=\"your-number\"><input class=\"wpcf7-form-control wpcf7-number wpcf7-validates-as-number\" aria-invalid=\"false\" value=\"\" type=\"number\" name=\"your-number\" \/><\/span> <\/label>\n<\/p>\n<p><label> Sujet*<br \/>\n<span class=\"wpcf7-form-control-wrap\" data-name=\"your-subject\"><input size=\"40\" maxlength=\"400\" class=\"wpcf7-form-control wpcf7-text wpcf7-validates-as-required\" aria-required=\"true\" aria-invalid=\"false\" value=\"\" type=\"text\" name=\"your-subject\" \/><\/span> <\/label>\n<\/p>\n<p><label> Message*<br \/>\n<span class=\"wpcf7-form-control-wrap\" data-name=\"your-message\"><textarea cols=\"40\" rows=\"10\" maxlength=\"2000\" class=\"wpcf7-form-control wpcf7-textarea wpcf7-validates-as-required\" aria-required=\"true\" aria-invalid=\"false\" name=\"your-message\"><\/textarea><\/span> <\/label>\n<\/p>\n<p><input class=\"wpcf7-form-control wpcf7-submit has-spinner\" type=\"submit\" value=\"Soumettre\" \/>\n<\/p><p style=\"display: none !important;\" class=\"akismet-fields-container\" data-prefix=\"_wpcf7_ak_\"><label>&#916;<textarea name=\"_wpcf7_ak_hp_textarea\" cols=\"45\" rows=\"8\" maxlength=\"100\"><\/textarea><\/label><input type=\"hidden\" id=\"ak_js_1\" name=\"_wpcf7_ak_js\" value=\"79\"\/><script>\ndocument.getElementById( \"ak_js_1\" ).setAttribute( \"value\", ( new Date() ).getTime() );\n<\/script>\n<\/p><div class=\"wpcf7-response-output\" aria-hidden=\"true\"><\/div>\n<\/form>\n<\/div>\n<\/div>\n<\/div>\n<\/div>\n\n\n\n<div style=\"height:100px\" aria-hidden=\"true\" class=\"wp-block-spacer\"><\/div>\n<\/div>\n","protected":false},"excerpt":{"rendered":"<p>C&rsquo;est \u00e0 moi que tu parles ? Si tu veux parler d&rsquo;un projet d&rsquo;illustration ou me confier la r\u00e9alisation d&rsquo;un dessin ou une illustration compl\u00e8te, regarde mes r\u00e9alisations et n&rsquo;h\u00e9site plus \u00e0 me contacter. Si tu veux m&rsquo;inviter \u00e0 ta convention, n&rsquo;h\u00e9site pas \u00e0 me contacter non plus ! Tu es libraire et veux proposer &hellip; <\/p>\n<p class=\"link-more\"><a href=\"https:\/\/das-art.com\/fr\/contact\/\" class=\"more-link\">Lire la suite de<span class=\"screen-reader-text\">\u00ab\u00a0Contact\u00a0\u00bb<\/span><\/a><\/p>\n","protected":false},"author":1,"featured_media":0,"parent":0,"menu_order":0,"comment_status":"closed","ping_status":"closed","template":"page-templates\/full-width-no-title.php","meta":{"advanced_seo_description":"","jetpack_seo_html_title":"","jetpack_seo_noindex":false,"_wp_convertkit_post_meta":{"form":"-1","landing_page":"0","tag":"0","restrict_content":"0"},"_vp_format_video_url":"","_vp_image_focal_point":[],"inspiro_hide_title":false,"footnotes":""},"class_list":["post-136","page","type-page","status-publish","hentry"],"translation":{"provider":"WPGlobus","version":"3.0.2","language":"fr","enabled_languages":["gb","fr"],"languages":{"gb":{"title":true,"content":true,"excerpt":false},"fr":{"title":true,"content":true,"excerpt":false}}},"jetpack_sharing_enabled":true,"_links":{"self":[{"href":"https:\/\/das-art.com\/fr\/wp-json\/wp\/v2\/pages\/136","targetHints":{"allow":["GET"]}}],"collection":[{"href":"https:\/\/das-art.com\/fr\/wp-json\/wp\/v2\/pages"}],"about":[{"href":"https:\/\/das-art.com\/fr\/wp-json\/wp\/v2\/types\/page"}],"author":[{"embeddable":true,"href":"https:\/\/das-art.com\/fr\/wp-json\/wp\/v2\/users\/1"}],"replies":[{"embeddable":true,"href":"https:\/\/das-art.com\/fr\/wp-json\/wp\/v2\/comments?post=136"}],"version-history":[{"count":36,"href":"https:\/\/das-art.com\/fr\/wp-json\/wp\/v2\/pages\/136\/revisions"}],"predecessor-version":[{"id":3550,"href":"https:\/\/das-art.com\/fr\/wp-json\/wp\/v2\/pages\/136\/revisions\/3550"}],"wp:attachment":[{"href":"https:\/\/das-art.com\/fr\/wp-json\/wp\/v2\/media?parent=136"}],"curies":[{"name":"wp","href":"https:\/\/api.w.org\/{rel}","templated":true}]}}