{"id":1595,"date":"2023-04-27T23:24:55","date_gmt":"2023-04-27T21:24:55","guid":{"rendered":"https:\/\/das-art.com\/?page_id=1595"},"modified":"2026-01-13T11:51:05","modified_gmt":"2026-01-13T10:51:05","slug":"links","status":"publish","type":"page","link":"https:\/\/das-art.com\/fr\/links\/","title":{"rendered":"Links"},"content":{"rendered":"\n<div class=\"wp-block-group has-background has-global-padding is-layout-constrained wp-block-group-is-layout-constrained\" style=\"background-color:#222222\">\n<div class=\"wp-block-group is-content-justification-center is-nowrap is-layout-flex wp-container-core-group-is-layout-23441af8 wp-block-group-is-layout-flex\">\n<figure class=\"wp-block-image size-full is-resized\"><noscript><img loading=\"lazy\" decoding=\"async\" width=\"200\" height=\"154\" data-skip-lazy src=\"https:\/\/das-art.com\/wp-content\/uploads\/logo_Das-Art.png\" alt=\"Das' Art\" class=\"wp-image-7\" style=\"width:100px;height:undefinedpx\"\/><\/noscript><img loading=\"eager\" decoding=\"async\" width=\"200\" height=\"154\" src=\"data:image\/svg+xml;base64,PHN2ZyB3aWR0aD0iMjAwIiBoZWlnaHQ9IjE1NCIgdmlld0JveD0iMCAwIDIwMCAxNTQiIGZpbGw9Im5vbmUiIHhtbG5zPSJodHRwOi8vd3d3LnczLm9yZy8yMDAwL3N2ZyI+PC9zdmc+\" alt=\"Das&#039; Art\" class=\"wp-image-7 vp-lazyload\" style=\"width:100px;height:undefinedpx\" data-src=\"https:\/\/das-art.com\/wp-content\/uploads\/logo_Das-Art.png\" data-sizes=\"auto\"><\/figure>\n<\/div>\n\n\n\n<p class=\"has-text-align-center has-white-color has-text-color\">Illustrateur &#8211; Auteur de BD<br>\u00c9diteur ind\u00e9pendant<\/p>\n<\/div>\n\n\n\n<p class=\"has-text-align-center\">Crayons, pinceaux et bulles en mains,<br>je cr\u00e9erais des histoires pas possibles !<\/p>\n\n\n\n<div style=\"height:42px\" aria-hidden=\"true\" class=\"wp-block-spacer\"><\/div>\n\n\n\n<div class=\"wp-block-buttons is-vertical is-content-justification-center is-layout-flex wp-container-core-buttons-is-layout-734eb2c2 wp-block-buttons-is-layout-flex\">\n<div class=\"wp-block-button has-custom-width wp-block-button__width-75\"><a class=\"wp-block-button__link has-background has-text-align-center wp-element-button\" href=\"https:\/\/das-art.com\/fr\/\" style=\"border-radius:5px;background-color:#540f0d\">Das&rsquo; Art<\/a><\/div>\n\n\n\n<div class=\"wp-block-button has-custom-width wp-block-button__width-75\"><a class=\"wp-block-button__link has-background has-text-align-center wp-element-button\" href=\"https:\/\/das-art.com\/fr\/shop\/\" style=\"border-radius:5px;background-color:#540f0d\">Ma boutique<\/a><\/div>\n\n\n\n<div class=\"wp-block-button has-custom-width wp-block-button__width-75\"><a class=\"wp-block-button__link has-background has-text-align-center wp-element-button\" href=\"https:\/\/das-art.com\/fr\/my-work\/\" style=\"border-radius:5px;background-color:#540f0d\">Mes r\u00e9alisations<\/a><\/div>\n\n\n\n<div class=\"wp-block-button has-custom-width wp-block-button__width-75\"><a class=\"wp-block-button__link has-background wp-element-button\" href=\"http:\/\/das-art.com\/fr\/contact\/\" style=\"border-radius:5px;background-color:#540f0d\">Contacte moi<\/a><\/div>\n<\/div>\n\n\n\n<div style=\"height:42px\" aria-hidden=\"true\" class=\"wp-block-spacer\"><\/div>\n\n\n\n<div class=\"wp-block-group lets-connect is-content-justification-center is-layout-flex wp-container-core-group-is-layout-b02886af wp-block-group-is-layout-flex\">\n<figure class=\"wp-block-image size-large\"><a href=\"https:\/\/instagram.com\/DasArt\" target=\"_blank\" rel=\" noreferrer noopener\"><noscript><img decoding=\"async\" data-skip-lazy src=\"https:\/\/das-art.com\/wp-content\/uploads\/instagram.png\" alt=\"Instagram\"\/><\/noscript><img decoding=\"async\" src=\"https:\/\/das-art.com\/wp-content\/uploads\/instagram.png\" alt=\"Instagram\" data-src=\"https:\/\/das-art.com\/wp-content\/uploads\/instagram.png\" data-sizes=\"auto\" loading=\"eager\" class=\"vp-lazyload\"><\/a><\/figure>\n\n\n\n<figure class=\"wp-block-image size-large\"><a href=\"https:\/\/www.goodreads.com\/DasArt\" target=\"_blank\" rel=\" noreferrer noopener\"><noscript><img decoding=\"async\" data-skip-lazy src=\"https:\/\/das-art.com\/wp-content\/uploads\/goodreads.png\" alt=\"Goodreads\"\/><\/noscript><img decoding=\"async\" src=\"https:\/\/das-art.com\/wp-content\/uploads\/goodreads.png\" alt=\"Goodreads\" data-src=\"https:\/\/das-art.com\/wp-content\/uploads\/goodreads.png\" data-sizes=\"auto\" loading=\"eager\" class=\"vp-lazyload\"><\/a><\/figure>\n<\/div>\n\n\n\n<div style=\"height:42px\" aria-hidden=\"true\" class=\"wp-block-spacer\"><\/div>\n\n\n\n<div class=\"wp-block-buttons is-vertical is-content-justification-center is-layout-flex wp-container-core-buttons-is-layout-734eb2c2 wp-block-buttons-is-layout-flex\">\n<div class=\"wp-block-button has-custom-width wp-block-button__width-75\"><a class=\"wp-block-button__link has-background has-text-align-center wp-element-button\" href=\"https:\/\/www.nicekraken.com\/\" style=\"border-radius:5px;background-color:#540f0d\">Nice Kraken<\/a><\/div>\n<\/div>\n\n\n\n<div style=\"height:100px\" aria-hidden=\"true\" class=\"wp-block-spacer\"><\/div>\n\n\n\n<div class=\"wp-block-group has-background has-global-padding is-layout-constrained wp-block-group-is-layout-constrained\" style=\"background-color:#222222\">\n<p class=\"has-text-align-center has-white-color has-text-color\">Trademark, copydroit et v\u00e9ritable cuir depuis 2004 \ud83d\ude09<\/p>\n<\/div>\n","protected":false},"excerpt":{"rendered":"<p>Illustrateur &#8211; Auteur de BD\u00c9diteur ind\u00e9pendant Crayons, pinceaux et bulles en mains,je cr\u00e9erais des histoires pas possibles ! Trademark, copydroit et v\u00e9ritable cuir depuis 2004 \ud83d\ude09<\/p>\n","protected":false},"author":1,"featured_media":0,"parent":0,"menu_order":0,"comment_status":"closed","ping_status":"closed","template":"page-templates\/full-width-nothing.php","meta":{"advanced_seo_description":"","jetpack_seo_html_title":"","jetpack_seo_noindex":false,"_vp_format_video_url":"","_vp_image_focal_point":[],"inspiro_hide_title":false,"footnotes":""},"class_list":["post-1595","page","type-page","status-publish","hentry"],"translation":{"provider":"WPGlobus","version":"3.0.2","language":"fr","enabled_languages":["gb","fr"],"languages":{"gb":{"title":true,"content":true,"excerpt":false},"fr":{"title":true,"content":true,"excerpt":false}}},"jetpack_sharing_enabled":true,"_links":{"self":[{"href":"https:\/\/das-art.com\/fr\/wp-json\/wp\/v2\/pages\/1595","targetHints":{"allow":["GET"]}}],"collection":[{"href":"https:\/\/das-art.com\/fr\/wp-json\/wp\/v2\/pages"}],"about":[{"href":"https:\/\/das-art.com\/fr\/wp-json\/wp\/v2\/types\/page"}],"author":[{"embeddable":true,"href":"https:\/\/das-art.com\/fr\/wp-json\/wp\/v2\/users\/1"}],"replies":[{"embeddable":true,"href":"https:\/\/das-art.com\/fr\/wp-json\/wp\/v2\/comments?post=1595"}],"version-history":[{"count":96,"href":"https:\/\/das-art.com\/fr\/wp-json\/wp\/v2\/pages\/1595\/revisions"}],"predecessor-version":[{"id":3556,"href":"https:\/\/das-art.com\/fr\/wp-json\/wp\/v2\/pages\/1595\/revisions\/3556"}],"wp:attachment":[{"href":"https:\/\/das-art.com\/fr\/wp-json\/wp\/v2\/media?parent=1595"}],"curies":[{"name":"wp","href":"https:\/\/api.w.org\/{rel}","templated":true}]}}