{"id":1812,"date":"2023-09-05T17:37:38","date_gmt":"2023-09-05T15:37:38","guid":{"rendered":"https:\/\/das-art.com\/?page_id=1812"},"modified":"2025-04-03T16:35:09","modified_gmt":"2025-04-03T14:35:09","slug":"igatiu","status":"publish","type":"page","link":"https:\/\/das-art.com\/fr\/igatiu\/","title":{"rendered":"\u30a4\u30ac\u30c6\u30a3\u30a6 \u2013 Igatiu"},"content":{"rendered":"\n<figure class=\"wp-block-image alignfull size-full\"><noscript><img loading=\"lazy\" decoding=\"async\" width=\"1920\" height=\"700\" data-skip-lazy src=\"https:\/\/cdn.das-art.com\/header_Igatiu.jpg\" alt=\"header - Igatiu\" class=\"wp-image-2795\" srcset=\"https:\/\/cdn.das-art.com\/header_Igatiu.jpg 1920w, https:\/\/cdn.das-art.com\/header_Igatiu-300x109.jpg 300w, https:\/\/cdn.das-art.com\/header_Igatiu-1024x373.jpg 1024w, https:\/\/cdn.das-art.com\/header_Igatiu-500x182.jpg 500w, https:\/\/cdn.das-art.com\/header_Igatiu-800x292.jpg 800w, https:\/\/cdn.das-art.com\/header_Igatiu-1280x467.jpg 1280w\" sizes=\"auto, (max-width: 1920px) 100vw, 1920px\" \/><\/noscript><img loading=\"eager\" decoding=\"async\" width=\"1920\" height=\"700\" src=\"https:\/\/cdn.das-art.com\/header_Igatiu.jpg\" alt=\"header - Igatiu\" class=\"wp-image-2795 vp-lazyload\" srcset=\"data:image\/svg+xml;base64,PHN2ZyB3aWR0aD0iMTkyMCIgaGVpZ2h0PSI3MDAiIHZpZXdCb3g9IjAgMCAxOTIwIDcwMCIgZmlsbD0ibm9uZSIgeG1sbnM9Imh0dHA6Ly93d3cudzMub3JnLzIwMDAvc3ZnIj48L3N2Zz4=\" data-src=\"https:\/\/cdn.das-art.com\/header_Igatiu.jpg\" data-srcset=\"https:\/\/cdn.das-art.com\/header_Igatiu.jpg 1920w, https:\/\/cdn.das-art.com\/header_Igatiu-300x109.jpg 300w, https:\/\/cdn.das-art.com\/header_Igatiu-1024x373.jpg 1024w, https:\/\/cdn.das-art.com\/header_Igatiu-500x182.jpg 500w, https:\/\/cdn.das-art.com\/header_Igatiu-800x292.jpg 800w, https:\/\/cdn.das-art.com\/header_Igatiu-1280x467.jpg 1280w\" data-sizes=\"auto\"><\/figure>\n\n\n\n<div class=\"wp-block-group book-detail-page has-global-padding is-layout-constrained wp-container-core-group-is-layout-9a4c8acf wp-block-group-is-layout-constrained\" style=\"padding-top:var(--wp--preset--spacing--small);padding-right:var(--wp--preset--spacing--small);padding-bottom:var(--wp--preset--spacing--small);padding-left:var(--wp--preset--spacing--small)\">\n<div class=\"wp-block-columns is-layout-flex wp-container-core-columns-is-layout-28f84493 wp-block-columns-is-layout-flex\">\n<div class=\"wp-block-column is-vertically-aligned-center is-layout-flow wp-block-column-is-layout-flow\" style=\"flex-basis:60%\">\n<h2 class=\"wp-block-heading\">\u30a4\u30ac\u30c6\u30a3\u30a6 \u2013 Igatiu<\/h2>\n\n\n\n<p>Attir\u00e9 par une pin-up en couverture et des couleurs primaires ?<\/p>\n\n\n\n<p>Tout est dans le titre : <strong>Igatiu<\/strong> !<\/p>\n\n\n\n<p>Plus qu&rsquo;un livre, une exp\u00e9rience sociale.<br>Et si on r\u00e9fl\u00e9chissait un peu \u00e0 ce qu&rsquo;il vient de se passer ?<\/p>\n<\/div>\n\n\n\n<div class=\"wp-block-column is-layout-flow wp-block-column-is-layout-flow\" style=\"flex-basis:40%\">\n<figure class=\"wp-block-image size-full\"><noscript><img loading=\"lazy\" decoding=\"async\" width=\"600\" height=\"449\" data-skip-lazy src=\"https:\/\/das-art.com\/wp-content\/uploads\/Packshot_Igatiu_01.jpg\" alt=\"Packshot - \u30a4\u30ac\u30c6\u30a3\u30a6 Igatiu - 01\" class=\"wp-image-1865\" srcset=\"https:\/\/cdn.das-art.com\/Packshot_Igatiu_01.jpg 600w, https:\/\/cdn.das-art.com\/Packshot_Igatiu_01-300x225.jpg 300w, https:\/\/cdn.das-art.com\/Packshot_Igatiu_01-500x374.jpg 500w, https:\/\/cdn.das-art.com\/Packshot_Igatiu_01-120x90.jpg 120w\" sizes=\"auto, (max-width: 600px) 100vw, 600px\" \/><\/noscript><img loading=\"eager\" decoding=\"async\" width=\"600\" height=\"449\" src=\"https:\/\/das-art.com\/wp-content\/uploads\/Packshot_Igatiu_01.jpg\" alt=\"Packshot - \u30a4\u30ac\u30c6\u30a3\u30a6 Igatiu - 01\" class=\"wp-image-1865 vp-lazyload\" srcset=\"data:image\/svg+xml;base64,PHN2ZyB3aWR0aD0iNjAwIiBoZWlnaHQ9IjQ0OSIgdmlld0JveD0iMCAwIDYwMCA0NDkiIGZpbGw9Im5vbmUiIHhtbG5zPSJodHRwOi8vd3d3LnczLm9yZy8yMDAwL3N2ZyI+PC9zdmc+\" data-src=\"https:\/\/das-art.com\/wp-content\/uploads\/Packshot_Igatiu_01.jpg\" data-srcset=\"https:\/\/cdn.das-art.com\/Packshot_Igatiu_01.jpg 600w, https:\/\/cdn.das-art.com\/Packshot_Igatiu_01-300x225.jpg 300w, https:\/\/cdn.das-art.com\/Packshot_Igatiu_01-500x374.jpg 500w, https:\/\/cdn.das-art.com\/Packshot_Igatiu_01-120x90.jpg 120w\" data-sizes=\"auto\"><\/figure>\n<\/div>\n<\/div>\n\n\n\n<blockquote class=\"wp-block-quote has-text-align-center is-style-plain is-layout-flow wp-block-quote-is-layout-flow\">\n<p><strong><strong>L\u2019histoire la plus censur\u00e9e de l\u2019Histoire !<\/strong><\/strong><\/p>\n<\/blockquote>\n\n\n\n<div class=\"wp-block-columns is-layout-flex wp-container-core-columns-is-layout-28f84493 wp-block-columns-is-layout-flex\">\n<div class=\"wp-block-column is-layout-flow wp-block-column-is-layout-flow\" style=\"flex-basis:40%\">\n<figure class=\"wp-block-image size-full\"><noscript><img loading=\"lazy\" decoding=\"async\" width=\"600\" height=\"449\" data-skip-lazy src=\"https:\/\/das-art.com\/wp-content\/uploads\/Packshot_Igatiu_02.jpg\" alt=\"Packshot - \u30a4\u30ac\u30c6\u30a3\u30a6 Igatiu - 02\" class=\"wp-image-1867\" srcset=\"https:\/\/cdn.das-art.com\/Packshot_Igatiu_02.jpg 600w, https:\/\/cdn.das-art.com\/Packshot_Igatiu_02-300x225.jpg 300w, https:\/\/cdn.das-art.com\/Packshot_Igatiu_02-500x374.jpg 500w, https:\/\/cdn.das-art.com\/Packshot_Igatiu_02-120x90.jpg 120w\" sizes=\"auto, (max-width: 600px) 100vw, 600px\" \/><\/noscript><img loading=\"eager\" decoding=\"async\" width=\"600\" height=\"449\" src=\"https:\/\/das-art.com\/wp-content\/uploads\/Packshot_Igatiu_02.jpg\" alt=\"Packshot - \u30a4\u30ac\u30c6\u30a3\u30a6 Igatiu - 02\" class=\"wp-image-1867 vp-lazyload\" srcset=\"data:image\/svg+xml;base64,PHN2ZyB3aWR0aD0iNjAwIiBoZWlnaHQ9IjQ0OSIgdmlld0JveD0iMCAwIDYwMCA0NDkiIGZpbGw9Im5vbmUiIHhtbG5zPSJodHRwOi8vd3d3LnczLm9yZy8yMDAwL3N2ZyI+PC9zdmc+\" data-src=\"https:\/\/das-art.com\/wp-content\/uploads\/Packshot_Igatiu_02.jpg\" data-srcset=\"https:\/\/cdn.das-art.com\/Packshot_Igatiu_02.jpg 600w, https:\/\/cdn.das-art.com\/Packshot_Igatiu_02-300x225.jpg 300w, https:\/\/cdn.das-art.com\/Packshot_Igatiu_02-500x374.jpg 500w, https:\/\/cdn.das-art.com\/Packshot_Igatiu_02-120x90.jpg 120w\" data-sizes=\"auto\"><\/figure>\n<\/div>\n\n\n\n<div class=\"wp-block-column is-vertically-aligned-center is-layout-flow wp-block-column-is-layout-flow\" style=\"flex-basis:60%\">\n<p><em>Seule dans un monde ultra-violent o\u00f9 la pens\u00e9e contradictoire n\u2588\u2588\u2588\u2588\u2588\u2588\u2588 \u2588\u2588\u2588 \u2588\u2588\u2588\u2588 \u2588\u2588\u2588\u2588\u2588\u2588\u2588\u2588\u2588 \u2588\u2588 \u2588\u2588\u2588\u2588\u2588 \u2588\u2588\u2588\u2588\u2588 \u2588\u2588 \u2588\u2588\u2588\u2588\u2588 \u2588\u2588\u2588 \u2588\u2588\u2588\u2588\u2588\u2588\u2588 \u2588\u2588\u2588 \u2588 \u2588\u2588\u2588\u2588\u2588\u2588 \u2588\u2588\u2588\u2588 \u2588\u2588\u2588 \u2588\u2588\u2588\u2588\u2026<\/em><\/p>\n\n\n\n<p>Tout cela s&rsquo;annonce sombre et dystopique mais c&rsquo;est pourtant le quotidien de celleux subissant la culture de l&rsquo;imagerie marketing blanche h\u00e9t\u00e9ronorm\u00e9e et patriarcale de fa\u00e7ade et de la censure utilis\u00e9e derri\u00e8re pour lisser les discours, normaliser la violence de ceux qui ont tout et silencier les r\u00e9voltes l\u00e9gitimes.<\/p>\n<\/div>\n<\/div>\n\n\n\n<div class=\"wp-block-columns is-layout-flex wp-container-core-columns-is-layout-28f84493 wp-block-columns-is-layout-flex\">\n<div class=\"wp-block-column is-vertically-aligned-center is-layout-flow wp-block-column-is-layout-flow\" style=\"flex-basis:60%\">\n<p>On se r\u00e9veille et on se passe le mot ?<br>Tu habilles tes \u00e9tag\u00e8res d&rsquo;une belle couverture, tu soutiens un artistes ind\u00e9pendant et tu contribues \u00e0 soutenir les droits humains ! <\/p>\n\n\n\n<p><strong style=\"background-color: #ffff00;\">Pour chaque vente, 1\/3 du prix (1\u20ac) sera revers\u00e9 \u00e0 Amnesty International France.<\/strong><\/p>\n\n\n\n<p>\u00c9videmment, si tu ne souhaites pas lire ce livre, tu peux tout de m\u00eame soutenir une association travaillant \u00e0 d\u00e9fendre l&rsquo;\u00e9galit\u00e9 de tous et les droits humains \ud83d\ude09<\/p>\n\n\n\n<p>Un livre de 20 pages, noir et blanc, en fran\u00e7ais, couverture souple dos agraf\u00e9, 12.7\u00d719.1cm, septembre 2023, ISBN: 978-2958902827<\/p>\n\n\n\n<div style=\"height:100px\" aria-hidden=\"true\" class=\"wp-block-spacer\"><\/div>\n\n\n\n<div class=\"wp-block-buttons is-layout-flex wp-block-buttons-is-layout-flex\">\n<div class=\"wp-block-button\"><a class=\"wp-block-button__link has-background wp-element-button\" href=\"https:\/\/das-art.com\/shop\/books\/igatiu\" style=\"border-radius:5px;background-color:#540f0d\">Obtiens ton exemplaire<\/a><\/div>\n<\/div>\n<\/div>\n\n\n\n<div class=\"wp-block-column is-layout-flow wp-block-column-is-layout-flow\" style=\"flex-basis:40%\">\n<figure class=\"wp-block-image size-full\"><noscript><img loading=\"lazy\" decoding=\"async\" width=\"599\" height=\"449\" data-skip-lazy src=\"https:\/\/das-art.com\/wp-content\/uploads\/Packshot_Igatiu_04.jpg\" alt=\"Packshot - \u30a4\u30ac\u30c6\u30a3\u30a6 Igatiu - 04\" class=\"wp-image-1868\" srcset=\"https:\/\/cdn.das-art.com\/Packshot_Igatiu_04.jpg 599w, https:\/\/cdn.das-art.com\/Packshot_Igatiu_04-300x225.jpg 300w, https:\/\/cdn.das-art.com\/Packshot_Igatiu_04-500x375.jpg 500w, https:\/\/cdn.das-art.com\/Packshot_Igatiu_04-120x90.jpg 120w\" sizes=\"auto, (max-width: 599px) 100vw, 599px\" \/><\/noscript><img loading=\"eager\" decoding=\"async\" width=\"599\" height=\"449\" src=\"https:\/\/das-art.com\/wp-content\/uploads\/Packshot_Igatiu_04.jpg\" alt=\"Packshot - \u30a4\u30ac\u30c6\u30a3\u30a6 Igatiu - 04\" class=\"wp-image-1868 vp-lazyload\" srcset=\"data:image\/svg+xml;base64,PHN2ZyB3aWR0aD0iNTk5IiBoZWlnaHQ9IjQ0OSIgdmlld0JveD0iMCAwIDU5OSA0NDkiIGZpbGw9Im5vbmUiIHhtbG5zPSJodHRwOi8vd3d3LnczLm9yZy8yMDAwL3N2ZyI+PC9zdmc+\" data-src=\"https:\/\/das-art.com\/wp-content\/uploads\/Packshot_Igatiu_04.jpg\" data-srcset=\"https:\/\/cdn.das-art.com\/Packshot_Igatiu_04.jpg 599w, https:\/\/cdn.das-art.com\/Packshot_Igatiu_04-300x225.jpg 300w, https:\/\/cdn.das-art.com\/Packshot_Igatiu_04-500x375.jpg 500w, https:\/\/cdn.das-art.com\/Packshot_Igatiu_04-120x90.jpg 120w\" data-sizes=\"auto\"><\/figure>\n<\/div>\n<\/div>\n\n\n\n<div style=\"height:50px\" aria-hidden=\"true\" class=\"wp-block-spacer\"><\/div>\n\n\n\n<h2 class=\"wp-block-heading has-text-align-center has-white-color has-text-color has-background\" style=\"background-color:#999999\"><s>Preview<\/s><\/h2>\n\n\n\n<div style=\"height:50px\" aria-hidden=\"true\" class=\"wp-block-spacer\"><\/div>\n\n\n\n<figure class=\"wp-block-image aligncenter size-full\"><noscript><img loading=\"lazy\" decoding=\"async\" width=\"1000\" height=\"752\" data-skip-lazy src=\"https:\/\/das-art.com\/wp-content\/uploads\/Igatiu_extract_02.jpg\" alt=\"\u30a4\u30ac\u30c6\u30a3\u30a6 Igatiu - 02-03\" class=\"wp-image-1869\" srcset=\"https:\/\/cdn.das-art.com\/Igatiu_extract_02.jpg 1000w, https:\/\/cdn.das-art.com\/Igatiu_extract_02-300x226.jpg 300w, https:\/\/cdn.das-art.com\/Igatiu_extract_02-768x578.jpg 768w, https:\/\/cdn.das-art.com\/Igatiu_extract_02-500x376.jpg 500w, https:\/\/cdn.das-art.com\/Igatiu_extract_02-800x602.jpg 800w, https:\/\/cdn.das-art.com\/Igatiu_extract_02-600x451.jpg 600w, https:\/\/cdn.das-art.com\/Igatiu_extract_02-120x90.jpg 120w\" sizes=\"auto, (max-width: 1000px) 100vw, 1000px\" \/><\/noscript><img loading=\"eager\" decoding=\"async\" width=\"1000\" height=\"752\" src=\"https:\/\/das-art.com\/wp-content\/uploads\/Igatiu_extract_02.jpg\" alt=\"\u30a4\u30ac\u30c6\u30a3\u30a6 Igatiu - 02-03\" class=\"wp-image-1869 vp-lazyload\" srcset=\"data:image\/svg+xml;base64,PHN2ZyB3aWR0aD0iMTAwMCIgaGVpZ2h0PSI3NTIiIHZpZXdCb3g9IjAgMCAxMDAwIDc1MiIgZmlsbD0ibm9uZSIgeG1sbnM9Imh0dHA6Ly93d3cudzMub3JnLzIwMDAvc3ZnIj48L3N2Zz4=\" data-src=\"https:\/\/das-art.com\/wp-content\/uploads\/Igatiu_extract_02.jpg\" data-srcset=\"https:\/\/cdn.das-art.com\/Igatiu_extract_02.jpg 1000w, https:\/\/cdn.das-art.com\/Igatiu_extract_02-300x226.jpg 300w, https:\/\/cdn.das-art.com\/Igatiu_extract_02-768x578.jpg 768w, https:\/\/cdn.das-art.com\/Igatiu_extract_02-500x376.jpg 500w, https:\/\/cdn.das-art.com\/Igatiu_extract_02-800x602.jpg 800w, https:\/\/cdn.das-art.com\/Igatiu_extract_02-600x451.jpg 600w, https:\/\/cdn.das-art.com\/Igatiu_extract_02-120x90.jpg 120w\" data-sizes=\"auto\"><figcaption class=\"wp-element-caption\">\u30a4\u30ac\u30c6\u30a3\u30a6 Igatiu &#8211; pages 2 &amp; 3<\/figcaption><\/figure>\n\n\n\n<hr class=\"wp-block-separator has-alpha-channel-opacity\"\/>\n\n\n\n<figure class=\"wp-block-image aligncenter size-full\"><noscript><img loading=\"lazy\" decoding=\"async\" width=\"1000\" height=\"752\" data-skip-lazy src=\"https:\/\/das-art.com\/wp-content\/uploads\/Igatiu_extract_04.jpg\" alt=\"\u30a4\u30ac\u30c6\u30a3\u30a6 Igatiu - 04-05\" class=\"wp-image-1870\" srcset=\"https:\/\/cdn.das-art.com\/Igatiu_extract_04.jpg 1000w, https:\/\/cdn.das-art.com\/Igatiu_extract_04-300x226.jpg 300w, https:\/\/cdn.das-art.com\/Igatiu_extract_04-768x578.jpg 768w, https:\/\/cdn.das-art.com\/Igatiu_extract_04-500x376.jpg 500w, https:\/\/cdn.das-art.com\/Igatiu_extract_04-800x602.jpg 800w, https:\/\/cdn.das-art.com\/Igatiu_extract_04-600x451.jpg 600w, https:\/\/cdn.das-art.com\/Igatiu_extract_04-120x90.jpg 120w\" sizes=\"auto, (max-width: 1000px) 100vw, 1000px\" \/><\/noscript><img loading=\"eager\" decoding=\"async\" width=\"1000\" height=\"752\" src=\"https:\/\/das-art.com\/wp-content\/uploads\/Igatiu_extract_04.jpg\" alt=\"\u30a4\u30ac\u30c6\u30a3\u30a6 Igatiu - 04-05\" class=\"wp-image-1870 vp-lazyload\" srcset=\"data:image\/svg+xml;base64,PHN2ZyB3aWR0aD0iMTAwMCIgaGVpZ2h0PSI3NTIiIHZpZXdCb3g9IjAgMCAxMDAwIDc1MiIgZmlsbD0ibm9uZSIgeG1sbnM9Imh0dHA6Ly93d3cudzMub3JnLzIwMDAvc3ZnIj48L3N2Zz4=\" data-src=\"https:\/\/das-art.com\/wp-content\/uploads\/Igatiu_extract_04.jpg\" data-srcset=\"https:\/\/cdn.das-art.com\/Igatiu_extract_04.jpg 1000w, https:\/\/cdn.das-art.com\/Igatiu_extract_04-300x226.jpg 300w, https:\/\/cdn.das-art.com\/Igatiu_extract_04-768x578.jpg 768w, https:\/\/cdn.das-art.com\/Igatiu_extract_04-500x376.jpg 500w, https:\/\/cdn.das-art.com\/Igatiu_extract_04-800x602.jpg 800w, https:\/\/cdn.das-art.com\/Igatiu_extract_04-600x451.jpg 600w, https:\/\/cdn.das-art.com\/Igatiu_extract_04-120x90.jpg 120w\" data-sizes=\"auto\"><figcaption class=\"wp-element-caption\">\u30a4\u30ac\u30c6\u30a3\u30a6 Igatiu &#8211; pages 4 &amp; 5<\/figcaption><\/figure>\n\n\n\n<hr class=\"wp-block-separator has-alpha-channel-opacity\"\/>\n\n\n\n<figure class=\"wp-block-image aligncenter size-full\"><noscript><img loading=\"lazy\" decoding=\"async\" width=\"1000\" height=\"752\" data-skip-lazy src=\"https:\/\/das-art.com\/wp-content\/uploads\/Igatiu_extract_06.jpg\" alt=\"\u30a4\u30ac\u30c6\u30a3\u30a6 Igatiu - 06-07\" class=\"wp-image-1871\" srcset=\"https:\/\/cdn.das-art.com\/Igatiu_extract_06.jpg 1000w, https:\/\/cdn.das-art.com\/Igatiu_extract_06-300x226.jpg 300w, https:\/\/cdn.das-art.com\/Igatiu_extract_06-768x578.jpg 768w, https:\/\/cdn.das-art.com\/Igatiu_extract_06-500x376.jpg 500w, https:\/\/cdn.das-art.com\/Igatiu_extract_06-800x602.jpg 800w, https:\/\/cdn.das-art.com\/Igatiu_extract_06-600x451.jpg 600w, https:\/\/cdn.das-art.com\/Igatiu_extract_06-120x90.jpg 120w\" sizes=\"auto, (max-width: 1000px) 100vw, 1000px\" \/><\/noscript><img loading=\"eager\" decoding=\"async\" width=\"1000\" height=\"752\" src=\"https:\/\/das-art.com\/wp-content\/uploads\/Igatiu_extract_06.jpg\" alt=\"\u30a4\u30ac\u30c6\u30a3\u30a6 Igatiu - 06-07\" class=\"wp-image-1871 vp-lazyload\" srcset=\"data:image\/svg+xml;base64,PHN2ZyB3aWR0aD0iMTAwMCIgaGVpZ2h0PSI3NTIiIHZpZXdCb3g9IjAgMCAxMDAwIDc1MiIgZmlsbD0ibm9uZSIgeG1sbnM9Imh0dHA6Ly93d3cudzMub3JnLzIwMDAvc3ZnIj48L3N2Zz4=\" data-src=\"https:\/\/das-art.com\/wp-content\/uploads\/Igatiu_extract_06.jpg\" data-srcset=\"https:\/\/cdn.das-art.com\/Igatiu_extract_06.jpg 1000w, https:\/\/cdn.das-art.com\/Igatiu_extract_06-300x226.jpg 300w, https:\/\/cdn.das-art.com\/Igatiu_extract_06-768x578.jpg 768w, https:\/\/cdn.das-art.com\/Igatiu_extract_06-500x376.jpg 500w, https:\/\/cdn.das-art.com\/Igatiu_extract_06-800x602.jpg 800w, https:\/\/cdn.das-art.com\/Igatiu_extract_06-600x451.jpg 600w, https:\/\/cdn.das-art.com\/Igatiu_extract_06-120x90.jpg 120w\" data-sizes=\"auto\"><figcaption class=\"wp-element-caption\">\u30a4\u30ac\u30c6\u30a3\u30a6 Igatiu &#8211; pages 6 &amp; 7<\/figcaption><\/figure>\n\n\n\n<hr class=\"wp-block-separator has-alpha-channel-opacity\"\/>\n\n\n\n<div style=\"height:100px\" aria-hidden=\"true\" class=\"wp-block-spacer\"><\/div>\n<\/div>\n","protected":false},"excerpt":{"rendered":"<p>\u30a4\u30ac\u30c6\u30a3\u30a6 \u2013 Igatiu Attir\u00e9 par une pin-up en couverture et des couleurs primaires ? Tout est dans le titre : Igatiu ! Plus qu&rsquo;un livre, une exp\u00e9rience sociale.Et si on r\u00e9fl\u00e9chissait un peu \u00e0 ce qu&rsquo;il vient de se passer ? L\u2019histoire la plus censur\u00e9e de l\u2019Histoire ! Seule dans un monde ultra-violent o\u00f9 la &hellip; <\/p>\n<p class=\"link-more\"><a href=\"https:\/\/das-art.com\/fr\/igatiu\/\" class=\"more-link\">Lire la suite de<span class=\"screen-reader-text\">\u00ab\u00a0\u30a4\u30ac\u30c6\u30a3\u30a6 \u2013 Igatiu\u00a0\u00bb<\/span><\/a><\/p>\n","protected":false},"author":1,"featured_media":0,"parent":0,"menu_order":0,"comment_status":"closed","ping_status":"closed","template":"page-templates\/full-width-no-title.php","meta":{"advanced_seo_description":"","jetpack_seo_html_title":"","jetpack_seo_noindex":false,"_vp_format_video_url":"","_vp_image_focal_point":[],"inspiro_hide_title":false,"footnotes":""},"class_list":["post-1812","page","type-page","status-publish","hentry"],"translation":{"provider":"WPGlobus","version":"3.0.2","language":"fr","enabled_languages":["gb","fr"],"languages":{"gb":{"title":true,"content":true,"excerpt":false},"fr":{"title":false,"content":false,"excerpt":false}}},"jetpack_sharing_enabled":true,"_links":{"self":[{"href":"https:\/\/das-art.com\/fr\/wp-json\/wp\/v2\/pages\/1812","targetHints":{"allow":["GET"]}}],"collection":[{"href":"https:\/\/das-art.com\/fr\/wp-json\/wp\/v2\/pages"}],"about":[{"href":"https:\/\/das-art.com\/fr\/wp-json\/wp\/v2\/types\/page"}],"author":[{"embeddable":true,"href":"https:\/\/das-art.com\/fr\/wp-json\/wp\/v2\/users\/1"}],"replies":[{"embeddable":true,"href":"https:\/\/das-art.com\/fr\/wp-json\/wp\/v2\/comments?post=1812"}],"version-history":[{"count":14,"href":"https:\/\/das-art.com\/fr\/wp-json\/wp\/v2\/pages\/1812\/revisions"}],"predecessor-version":[{"id":2797,"href":"https:\/\/das-art.com\/fr\/wp-json\/wp\/v2\/pages\/1812\/revisions\/2797"}],"wp:attachment":[{"href":"https:\/\/das-art.com\/fr\/wp-json\/wp\/v2\/media?parent=1812"}],"curies":[{"name":"wp","href":"https:\/\/api.w.org\/{rel}","templated":true}]}}