{"id":1814,"date":"2023-09-05T18:42:33","date_gmt":"2023-09-05T16:42:33","guid":{"rendered":"https:\/\/das-art.com\/?page_id=1814"},"modified":"2025-04-03T16:36:46","modified_gmt":"2025-04-03T14:36:46","slug":"ukko","status":"publish","type":"page","link":"https:\/\/das-art.com\/fr\/ukko\/","title":{"rendered":"Ukko"},"content":{"rendered":"\n<figure class=\"wp-block-image alignfull size-full\"><noscript><img loading=\"lazy\" decoding=\"async\" width=\"1920\" height=\"700\" data-skip-lazy src=\"https:\/\/cdn.das-art.com\/header-Ukko.jpg\" alt=\"header - Ukko\" class=\"wp-image-2790\" srcset=\"https:\/\/cdn.das-art.com\/header-Ukko.jpg 1920w, https:\/\/cdn.das-art.com\/header-Ukko-300x109.jpg 300w, https:\/\/cdn.das-art.com\/header-Ukko-1024x373.jpg 1024w, https:\/\/cdn.das-art.com\/header-Ukko-500x182.jpg 500w, https:\/\/cdn.das-art.com\/header-Ukko-800x292.jpg 800w, https:\/\/cdn.das-art.com\/header-Ukko-1280x467.jpg 1280w\" sizes=\"auto, (max-width: 1920px) 100vw, 1920px\" \/><\/noscript><img loading=\"eager\" decoding=\"async\" width=\"1920\" height=\"700\" src=\"https:\/\/cdn.das-art.com\/header-Ukko.jpg\" alt=\"header - Ukko\" class=\"wp-image-2790 vp-lazyload\" srcset=\"data:image\/svg+xml;base64,PHN2ZyB3aWR0aD0iMTkyMCIgaGVpZ2h0PSI3MDAiIHZpZXdCb3g9IjAgMCAxOTIwIDcwMCIgZmlsbD0ibm9uZSIgeG1sbnM9Imh0dHA6Ly93d3cudzMub3JnLzIwMDAvc3ZnIj48L3N2Zz4=\" data-src=\"https:\/\/cdn.das-art.com\/header-Ukko.jpg\" data-srcset=\"https:\/\/cdn.das-art.com\/header-Ukko.jpg 1920w, https:\/\/cdn.das-art.com\/header-Ukko-300x109.jpg 300w, https:\/\/cdn.das-art.com\/header-Ukko-1024x373.jpg 1024w, https:\/\/cdn.das-art.com\/header-Ukko-500x182.jpg 500w, https:\/\/cdn.das-art.com\/header-Ukko-800x292.jpg 800w, https:\/\/cdn.das-art.com\/header-Ukko-1280x467.jpg 1280w\" data-sizes=\"auto\"><\/figure>\n\n\n\n<div class=\"wp-block-group book-detail-page has-global-padding is-layout-constrained wp-container-core-group-is-layout-9a4c8acf wp-block-group-is-layout-constrained\" style=\"padding-top:var(--wp--preset--spacing--small);padding-right:var(--wp--preset--spacing--small);padding-bottom:var(--wp--preset--spacing--small);padding-left:var(--wp--preset--spacing--small)\">\n<div class=\"wp-block-columns is-layout-flex wp-container-core-columns-is-layout-28f84493 wp-block-columns-is-layout-flex\">\n<div class=\"wp-block-column is-vertically-aligned-center is-layout-flow wp-block-column-is-layout-flow\" style=\"flex-basis:60%\">\n<h2 class=\"wp-block-heading\">Ukko<\/h2>\n\n\n\n<p>Qu\u2019est-ce qu\u2019un <strong>Mini Zine<\/strong> ?<br>Il s\u2019agit g\u00e9n\u00e9ralement d\u2019une feuille A4 (29,7x21cm) astucieusement pli\u00e9e en quatre pour former un petit livret de 8 pages maintenu sans agrafe ni autre m\u00e9thode de reliure.<\/p>\n\n\n\n<p>Ce format simple \u00e0 produire est couramment employ\u00e9 par les auteurices ind\u00e9pendants pour cr\u00e9er des mini-BD le plus souvent vendues en convention.<\/p>\n<\/div>\n\n\n\n<div class=\"wp-block-column is-layout-flow wp-block-column-is-layout-flow\" style=\"flex-basis:40%\">\n<figure class=\"wp-block-image size-full\"><noscript><img loading=\"lazy\" decoding=\"async\" width=\"600\" height=\"449\" data-skip-lazy src=\"https:\/\/das-art.com\/wp-content\/uploads\/Packshot_Ukko_01.jpg\" alt=\"Packshot - Ukko - 01\" class=\"wp-image-1885\" srcset=\"https:\/\/cdn.das-art.com\/Packshot_Ukko_01.jpg 600w, https:\/\/cdn.das-art.com\/Packshot_Ukko_01-300x225.jpg 300w, https:\/\/cdn.das-art.com\/Packshot_Ukko_01-500x374.jpg 500w, https:\/\/cdn.das-art.com\/Packshot_Ukko_01-120x90.jpg 120w\" sizes=\"auto, (max-width: 600px) 100vw, 600px\" \/><\/noscript><img loading=\"eager\" decoding=\"async\" width=\"600\" height=\"449\" src=\"https:\/\/das-art.com\/wp-content\/uploads\/Packshot_Ukko_01.jpg\" alt=\"Packshot - Ukko - 01\" class=\"wp-image-1885 vp-lazyload\" srcset=\"data:image\/svg+xml;base64,PHN2ZyB3aWR0aD0iNjAwIiBoZWlnaHQ9IjQ0OSIgdmlld0JveD0iMCAwIDYwMCA0NDkiIGZpbGw9Im5vbmUiIHhtbG5zPSJodHRwOi8vd3d3LnczLm9yZy8yMDAwL3N2ZyI+PC9zdmc+\" data-src=\"https:\/\/das-art.com\/wp-content\/uploads\/Packshot_Ukko_01.jpg\" data-srcset=\"https:\/\/cdn.das-art.com\/Packshot_Ukko_01.jpg 600w, https:\/\/cdn.das-art.com\/Packshot_Ukko_01-300x225.jpg 300w, https:\/\/cdn.das-art.com\/Packshot_Ukko_01-500x374.jpg 500w, https:\/\/cdn.das-art.com\/Packshot_Ukko_01-120x90.jpg 120w\" data-sizes=\"auto\"><\/figure>\n<\/div>\n<\/div>\n\n\n\n<blockquote class=\"wp-block-quote has-text-align-center is-style-plain is-layout-flow wp-block-quote-is-layout-flow\">\n<p><strong><strong>Un moyen fun et simple de soutenir un auteur-\u00e9diteur ind\u00e9pendant.<\/strong><\/strong><\/p>\n<\/blockquote>\n\n\n\n<div class=\"wp-block-columns is-layout-flex wp-container-core-columns-is-layout-28f84493 wp-block-columns-is-layout-flex\">\n<div class=\"wp-block-column is-layout-flow wp-block-column-is-layout-flow\" style=\"flex-basis:40%\">\n<figure class=\"wp-block-image size-full\"><noscript><img loading=\"lazy\" decoding=\"async\" width=\"599\" height=\"449\" data-skip-lazy src=\"https:\/\/das-art.com\/wp-content\/uploads\/Packshot_Ukko_02.jpg\" alt=\"Packshot - Ukko - 02\" class=\"wp-image-1886\" srcset=\"https:\/\/cdn.das-art.com\/Packshot_Ukko_02.jpg 599w, https:\/\/cdn.das-art.com\/Packshot_Ukko_02-300x225.jpg 300w, https:\/\/cdn.das-art.com\/Packshot_Ukko_02-500x375.jpg 500w, https:\/\/cdn.das-art.com\/Packshot_Ukko_02-120x90.jpg 120w\" sizes=\"auto, (max-width: 599px) 100vw, 599px\" \/><\/noscript><img loading=\"eager\" decoding=\"async\" width=\"599\" height=\"449\" src=\"https:\/\/das-art.com\/wp-content\/uploads\/Packshot_Ukko_02.jpg\" alt=\"Packshot - Ukko - 02\" class=\"wp-image-1886 vp-lazyload\" srcset=\"data:image\/svg+xml;base64,PHN2ZyB3aWR0aD0iNTk5IiBoZWlnaHQ9IjQ0OSIgdmlld0JveD0iMCAwIDU5OSA0NDkiIGZpbGw9Im5vbmUiIHhtbG5zPSJodHRwOi8vd3d3LnczLm9yZy8yMDAwL3N2ZyI+PC9zdmc+\" data-src=\"https:\/\/das-art.com\/wp-content\/uploads\/Packshot_Ukko_02.jpg\" data-srcset=\"https:\/\/cdn.das-art.com\/Packshot_Ukko_02.jpg 599w, https:\/\/cdn.das-art.com\/Packshot_Ukko_02-300x225.jpg 300w, https:\/\/cdn.das-art.com\/Packshot_Ukko_02-500x375.jpg 500w, https:\/\/cdn.das-art.com\/Packshot_Ukko_02-120x90.jpg 120w\" data-sizes=\"auto\"><\/figure>\n<\/div>\n\n\n\n<div class=\"wp-block-column is-vertically-aligned-center is-layout-flow wp-block-column-is-layout-flow\" style=\"flex-basis:60%\">\n<p>Ukko, c&rsquo;est \u00e0 la fois un d\u00e9fi : exp\u00e9rimenter avec un nouveau format.<\/p>\n\n\n\n<p>C&rsquo;est \u00e9galement un po\u00e8me illustr\u00e9 : un texte court, efficace accompagn\u00e9 de sept illustrations.<\/p>\n\n\n\n<p>Enfin, c&rsquo;est l&rsquo;occasion d&rsquo;\u00e9voquer les luttes cycliques et perp\u00e9tuelles (telles les saisons) contre l\u2019obscurantisme, tout en jouant avec la mythologie finnoise autour de la c\u00e9l\u00e9bration de Midsummer et le retour de l&rsquo;espoir apr\u00e8s la lutte.<\/p>\n<\/div>\n<\/div>\n\n\n\n<div class=\"wp-block-columns is-layout-flex wp-container-core-columns-is-layout-28f84493 wp-block-columns-is-layout-flex\">\n<div class=\"wp-block-column is-vertically-aligned-center is-layout-flow wp-block-column-is-layout-flow\" style=\"flex-basis:60%\">\n<p>Ci-dessous, l&rsquo;aper\u00e7u complet de ce mini zine.<br>Si cela te plait, n&rsquo;h\u00e9site plus : c&rsquo;est une fa\u00e7on simple, fun et peu on\u00e9reuse de soutenir un auteur ind\u00e9pendant !<\/p>\n\n\n\n<p>Un zine de 8 pages, couleur, en fran\u00e7ais, 7.4\u00d710.5cm, septembre 2023, ISBN: 978-2958902810<\/p>\n\n\n\n<div style=\"height:100px\" aria-hidden=\"true\" class=\"wp-block-spacer\"><\/div>\n\n\n\n<div class=\"wp-block-buttons is-layout-flex wp-block-buttons-is-layout-flex\">\n<div class=\"wp-block-button\"><a class=\"wp-block-button__link has-background wp-element-button\" href=\"https:\/\/das-art.com\/shop\/books\/ukko\/\" style=\"border-radius:5px;background-color:#540f0d\">Obtiens ton exemplaire<\/a><\/div>\n<\/div>\n<\/div>\n\n\n\n<div class=\"wp-block-column is-layout-flow wp-block-column-is-layout-flow\" style=\"flex-basis:40%\">\n<figure class=\"wp-block-image size-full\"><noscript><img loading=\"lazy\" decoding=\"async\" width=\"599\" height=\"449\" data-skip-lazy src=\"https:\/\/das-art.com\/wp-content\/uploads\/Packshot_Ukko_03.jpg\" alt=\"Packshot - Ukko - 03\" class=\"wp-image-1887\" srcset=\"https:\/\/cdn.das-art.com\/Packshot_Ukko_03.jpg 599w, https:\/\/cdn.das-art.com\/Packshot_Ukko_03-300x225.jpg 300w, https:\/\/cdn.das-art.com\/Packshot_Ukko_03-500x375.jpg 500w, https:\/\/cdn.das-art.com\/Packshot_Ukko_03-120x90.jpg 120w\" sizes=\"auto, (max-width: 599px) 100vw, 599px\" \/><\/noscript><img loading=\"eager\" decoding=\"async\" width=\"599\" height=\"449\" src=\"https:\/\/das-art.com\/wp-content\/uploads\/Packshot_Ukko_03.jpg\" alt=\"Packshot - Ukko - 03\" class=\"wp-image-1887 vp-lazyload\" srcset=\"data:image\/svg+xml;base64,PHN2ZyB3aWR0aD0iNTk5IiBoZWlnaHQ9IjQ0OSIgdmlld0JveD0iMCAwIDU5OSA0NDkiIGZpbGw9Im5vbmUiIHhtbG5zPSJodHRwOi8vd3d3LnczLm9yZy8yMDAwL3N2ZyI+PC9zdmc+\" data-src=\"https:\/\/das-art.com\/wp-content\/uploads\/Packshot_Ukko_03.jpg\" data-srcset=\"https:\/\/cdn.das-art.com\/Packshot_Ukko_03.jpg 599w, https:\/\/cdn.das-art.com\/Packshot_Ukko_03-300x225.jpg 300w, https:\/\/cdn.das-art.com\/Packshot_Ukko_03-500x375.jpg 500w, https:\/\/cdn.das-art.com\/Packshot_Ukko_03-120x90.jpg 120w\" data-sizes=\"auto\"><\/figure>\n<\/div>\n<\/div>\n\n\n\n<div style=\"height:50px\" aria-hidden=\"true\" class=\"wp-block-spacer\"><\/div>\n\n\n\n<h2 class=\"wp-block-heading has-text-align-center has-white-color has-text-color has-background\" style=\"background-color:#999999\">Full preview<\/h2>\n\n\n\n<div style=\"height:50px\" aria-hidden=\"true\" class=\"wp-block-spacer\"><\/div>\n\n\n\n<figure class=\"wp-block-image aligncenter size-full\"><noscript><img loading=\"lazy\" decoding=\"async\" width=\"1000\" height=\"708\" data-skip-lazy src=\"https:\/\/das-art.com\/wp-content\/uploads\/Ukko_extract_01.jpg\" alt=\"Ukko - 01-02\" class=\"wp-image-1762\" srcset=\"https:\/\/cdn.das-art.com\/Ukko_extract_01.jpg 1000w, https:\/\/cdn.das-art.com\/Ukko_extract_01-300x212.jpg 300w, https:\/\/cdn.das-art.com\/Ukko_extract_01-768x544.jpg 768w, https:\/\/cdn.das-art.com\/Ukko_extract_01-500x354.jpg 500w, https:\/\/cdn.das-art.com\/Ukko_extract_01-800x566.jpg 800w, https:\/\/cdn.das-art.com\/Ukko_extract_01-600x425.jpg 600w, https:\/\/cdn.das-art.com\/Ukko_extract_01-127x90.jpg 127w\" sizes=\"auto, (max-width: 1000px) 100vw, 1000px\" \/><\/noscript><img loading=\"eager\" decoding=\"async\" width=\"1000\" height=\"708\" src=\"https:\/\/das-art.com\/wp-content\/uploads\/Ukko_extract_01.jpg\" alt=\"Ukko - 01-02\" class=\"wp-image-1762 vp-lazyload\" srcset=\"data:image\/svg+xml;base64,PHN2ZyB3aWR0aD0iMTAwMCIgaGVpZ2h0PSI3MDgiIHZpZXdCb3g9IjAgMCAxMDAwIDcwOCIgZmlsbD0ibm9uZSIgeG1sbnM9Imh0dHA6Ly93d3cudzMub3JnLzIwMDAvc3ZnIj48L3N2Zz4=\" data-src=\"https:\/\/das-art.com\/wp-content\/uploads\/Ukko_extract_01.jpg\" data-srcset=\"https:\/\/cdn.das-art.com\/Ukko_extract_01.jpg 1000w, https:\/\/cdn.das-art.com\/Ukko_extract_01-300x212.jpg 300w, https:\/\/cdn.das-art.com\/Ukko_extract_01-768x544.jpg 768w, https:\/\/cdn.das-art.com\/Ukko_extract_01-500x354.jpg 500w, https:\/\/cdn.das-art.com\/Ukko_extract_01-800x566.jpg 800w, https:\/\/cdn.das-art.com\/Ukko_extract_01-600x425.jpg 600w, https:\/\/cdn.das-art.com\/Ukko_extract_01-127x90.jpg 127w\" data-sizes=\"auto\"><figcaption class=\"wp-element-caption\">Ukko &#8211; pages 1 &amp; 2<\/figcaption><\/figure>\n\n\n\n<hr class=\"wp-block-separator has-alpha-channel-opacity\"\/>\n\n\n\n<figure class=\"wp-block-image aligncenter size-full\"><noscript><img loading=\"lazy\" decoding=\"async\" width=\"1000\" height=\"708\" data-skip-lazy src=\"https:\/\/das-art.com\/wp-content\/uploads\/Ukko_extract_03.jpg\" alt=\"Ukko - 03-04\" class=\"wp-image-1763\" srcset=\"https:\/\/cdn.das-art.com\/Ukko_extract_03.jpg 1000w, https:\/\/cdn.das-art.com\/Ukko_extract_03-300x212.jpg 300w, https:\/\/cdn.das-art.com\/Ukko_extract_03-768x544.jpg 768w, https:\/\/cdn.das-art.com\/Ukko_extract_03-500x354.jpg 500w, https:\/\/cdn.das-art.com\/Ukko_extract_03-800x566.jpg 800w, https:\/\/cdn.das-art.com\/Ukko_extract_03-600x425.jpg 600w, https:\/\/cdn.das-art.com\/Ukko_extract_03-127x90.jpg 127w\" sizes=\"auto, (max-width: 1000px) 100vw, 1000px\" \/><\/noscript><img loading=\"eager\" decoding=\"async\" width=\"1000\" height=\"708\" src=\"https:\/\/das-art.com\/wp-content\/uploads\/Ukko_extract_03.jpg\" alt=\"Ukko - 03-04\" class=\"wp-image-1763 vp-lazyload\" srcset=\"data:image\/svg+xml;base64,PHN2ZyB3aWR0aD0iMTAwMCIgaGVpZ2h0PSI3MDgiIHZpZXdCb3g9IjAgMCAxMDAwIDcwOCIgZmlsbD0ibm9uZSIgeG1sbnM9Imh0dHA6Ly93d3cudzMub3JnLzIwMDAvc3ZnIj48L3N2Zz4=\" data-src=\"https:\/\/das-art.com\/wp-content\/uploads\/Ukko_extract_03.jpg\" data-srcset=\"https:\/\/cdn.das-art.com\/Ukko_extract_03.jpg 1000w, https:\/\/cdn.das-art.com\/Ukko_extract_03-300x212.jpg 300w, https:\/\/cdn.das-art.com\/Ukko_extract_03-768x544.jpg 768w, https:\/\/cdn.das-art.com\/Ukko_extract_03-500x354.jpg 500w, https:\/\/cdn.das-art.com\/Ukko_extract_03-800x566.jpg 800w, https:\/\/cdn.das-art.com\/Ukko_extract_03-600x425.jpg 600w, https:\/\/cdn.das-art.com\/Ukko_extract_03-127x90.jpg 127w\" data-sizes=\"auto\"><figcaption class=\"wp-element-caption\">Ukko &#8211; pages 3 &amp; 4<\/figcaption><\/figure>\n\n\n\n<hr class=\"wp-block-separator has-alpha-channel-opacity\"\/>\n\n\n\n<figure class=\"wp-block-image aligncenter size-full\"><noscript><img loading=\"lazy\" decoding=\"async\" width=\"1000\" height=\"708\" data-skip-lazy src=\"https:\/\/das-art.com\/wp-content\/uploads\/Ukko_extract_05.jpg\" alt=\"Ukko - 05-06\" class=\"wp-image-1764\" srcset=\"https:\/\/cdn.das-art.com\/Ukko_extract_05.jpg 1000w, https:\/\/cdn.das-art.com\/Ukko_extract_05-300x212.jpg 300w, https:\/\/cdn.das-art.com\/Ukko_extract_05-768x544.jpg 768w, https:\/\/cdn.das-art.com\/Ukko_extract_05-500x354.jpg 500w, https:\/\/cdn.das-art.com\/Ukko_extract_05-800x566.jpg 800w, https:\/\/cdn.das-art.com\/Ukko_extract_05-600x425.jpg 600w, https:\/\/cdn.das-art.com\/Ukko_extract_05-127x90.jpg 127w\" sizes=\"auto, (max-width: 1000px) 100vw, 1000px\" \/><\/noscript><img loading=\"eager\" decoding=\"async\" width=\"1000\" height=\"708\" src=\"https:\/\/das-art.com\/wp-content\/uploads\/Ukko_extract_05.jpg\" alt=\"Ukko - 05-06\" class=\"wp-image-1764 vp-lazyload\" srcset=\"data:image\/svg+xml;base64,PHN2ZyB3aWR0aD0iMTAwMCIgaGVpZ2h0PSI3MDgiIHZpZXdCb3g9IjAgMCAxMDAwIDcwOCIgZmlsbD0ibm9uZSIgeG1sbnM9Imh0dHA6Ly93d3cudzMub3JnLzIwMDAvc3ZnIj48L3N2Zz4=\" data-src=\"https:\/\/das-art.com\/wp-content\/uploads\/Ukko_extract_05.jpg\" data-srcset=\"https:\/\/cdn.das-art.com\/Ukko_extract_05.jpg 1000w, https:\/\/cdn.das-art.com\/Ukko_extract_05-300x212.jpg 300w, https:\/\/cdn.das-art.com\/Ukko_extract_05-768x544.jpg 768w, https:\/\/cdn.das-art.com\/Ukko_extract_05-500x354.jpg 500w, https:\/\/cdn.das-art.com\/Ukko_extract_05-800x566.jpg 800w, https:\/\/cdn.das-art.com\/Ukko_extract_05-600x425.jpg 600w, https:\/\/cdn.das-art.com\/Ukko_extract_05-127x90.jpg 127w\" data-sizes=\"auto\"><figcaption class=\"wp-element-caption\">Ukko &#8211; pages 5 &amp; 6<\/figcaption><\/figure>\n\n\n\n<hr class=\"wp-block-separator has-alpha-channel-opacity\"\/>\n\n\n\n<figure class=\"wp-block-image aligncenter size-full\"><noscript><img loading=\"lazy\" decoding=\"async\" width=\"1000\" height=\"1415\" data-skip-lazy src=\"https:\/\/das-art.com\/wp-content\/uploads\/Ukko_extract_07.jpg\" alt=\"Ukko - 07\" class=\"wp-image-1765\" srcset=\"https:\/\/cdn.das-art.com\/Ukko_extract_07.jpg 1000w, https:\/\/cdn.das-art.com\/Ukko_extract_07-212x300.jpg 212w, https:\/\/cdn.das-art.com\/Ukko_extract_07-724x1024.jpg 724w, https:\/\/cdn.das-art.com\/Ukko_extract_07-768x1087.jpg 768w, https:\/\/cdn.das-art.com\/Ukko_extract_07-500x708.jpg 500w, https:\/\/cdn.das-art.com\/Ukko_extract_07-800x1132.jpg 800w, https:\/\/cdn.das-art.com\/Ukko_extract_07-300x425.jpg 300w, https:\/\/cdn.das-art.com\/Ukko_extract_07-600x849.jpg 600w, https:\/\/cdn.das-art.com\/Ukko_extract_07-64x90.jpg 64w\" sizes=\"auto, (max-width: 1000px) 100vw, 1000px\" \/><\/noscript><img loading=\"eager\" decoding=\"async\" width=\"1000\" height=\"1415\" src=\"https:\/\/das-art.com\/wp-content\/uploads\/Ukko_extract_07.jpg\" alt=\"Ukko - 07\" class=\"wp-image-1765 vp-lazyload\" srcset=\"data:image\/svg+xml;base64,PHN2ZyB3aWR0aD0iMTAwMCIgaGVpZ2h0PSIxNDE1IiB2aWV3Qm94PSIwIDAgMTAwMCAxNDE1IiBmaWxsPSJub25lIiB4bWxucz0iaHR0cDovL3d3dy53My5vcmcvMjAwMC9zdmciPjwvc3ZnPg==\" data-src=\"https:\/\/das-art.com\/wp-content\/uploads\/Ukko_extract_07.jpg\" data-srcset=\"https:\/\/cdn.das-art.com\/Ukko_extract_07.jpg 1000w, https:\/\/cdn.das-art.com\/Ukko_extract_07-212x300.jpg 212w, https:\/\/cdn.das-art.com\/Ukko_extract_07-724x1024.jpg 724w, https:\/\/cdn.das-art.com\/Ukko_extract_07-768x1087.jpg 768w, https:\/\/cdn.das-art.com\/Ukko_extract_07-500x708.jpg 500w, https:\/\/cdn.das-art.com\/Ukko_extract_07-800x1132.jpg 800w, https:\/\/cdn.das-art.com\/Ukko_extract_07-300x425.jpg 300w, https:\/\/cdn.das-art.com\/Ukko_extract_07-600x849.jpg 600w, https:\/\/cdn.das-art.com\/Ukko_extract_07-64x90.jpg 64w\" data-sizes=\"auto\"><figcaption class=\"wp-element-caption\">Ukko &#8211; page 7<\/figcaption><\/figure>\n\n\n\n<hr class=\"wp-block-separator has-alpha-channel-opacity\"\/>\n\n\n\n<div style=\"height:100px\" aria-hidden=\"true\" class=\"wp-block-spacer\"><\/div>\n<\/div>\n","protected":false},"excerpt":{"rendered":"<p>Ukko Qu\u2019est-ce qu\u2019un Mini Zine ?Il s\u2019agit g\u00e9n\u00e9ralement d\u2019une feuille A4 (29,7x21cm) astucieusement pli\u00e9e en quatre pour former un petit livret de 8 pages maintenu sans agrafe ni autre m\u00e9thode de reliure. Ce format simple \u00e0 produire est couramment employ\u00e9 par les auteurices ind\u00e9pendants pour cr\u00e9er des mini-BD le plus souvent vendues en convention. Un &hellip; <\/p>\n<p class=\"link-more\"><a href=\"https:\/\/das-art.com\/fr\/ukko\/\" class=\"more-link\">Lire la suite de<span class=\"screen-reader-text\">\u00ab\u00a0Ukko\u00a0\u00bb<\/span><\/a><\/p>\n","protected":false},"author":1,"featured_media":0,"parent":0,"menu_order":0,"comment_status":"closed","ping_status":"closed","template":"page-templates\/full-width-no-title.php","meta":{"advanced_seo_description":"","jetpack_seo_html_title":"","jetpack_seo_noindex":false,"_vp_format_video_url":"","_vp_image_focal_point":[],"inspiro_hide_title":false,"footnotes":""},"class_list":["post-1814","page","type-page","status-publish","hentry"],"translation":{"provider":"WPGlobus","version":"3.0.2","language":"fr","enabled_languages":["gb","fr"],"languages":{"gb":{"title":true,"content":true,"excerpt":false},"fr":{"title":false,"content":false,"excerpt":false}}},"jetpack_sharing_enabled":true,"_links":{"self":[{"href":"https:\/\/das-art.com\/fr\/wp-json\/wp\/v2\/pages\/1814","targetHints":{"allow":["GET"]}}],"collection":[{"href":"https:\/\/das-art.com\/fr\/wp-json\/wp\/v2\/pages"}],"about":[{"href":"https:\/\/das-art.com\/fr\/wp-json\/wp\/v2\/types\/page"}],"author":[{"embeddable":true,"href":"https:\/\/das-art.com\/fr\/wp-json\/wp\/v2\/users\/1"}],"replies":[{"embeddable":true,"href":"https:\/\/das-art.com\/fr\/wp-json\/wp\/v2\/comments?post=1814"}],"version-history":[{"count":12,"href":"https:\/\/das-art.com\/fr\/wp-json\/wp\/v2\/pages\/1814\/revisions"}],"predecessor-version":[{"id":2799,"href":"https:\/\/das-art.com\/fr\/wp-json\/wp\/v2\/pages\/1814\/revisions\/2799"}],"wp:attachment":[{"href":"https:\/\/das-art.com\/fr\/wp-json\/wp\/v2\/media?parent=1814"}],"curies":[{"name":"wp","href":"https:\/\/api.w.org\/{rel}","templated":true}]}}