{"id":2,"date":"2022-07-11T11:31:36","date_gmt":"2022-07-11T10:31:36","guid":{"rendered":"https:\/\/v9.das-art.com\/?page_id=2"},"modified":"2025-04-07T00:49:18","modified_gmt":"2025-04-06T22:49:18","slug":"my-work","status":"publish","type":"page","link":"https:\/\/das-art.com\/fr\/my-work\/","title":{"rendered":"Mes r\u00e9alisations"},"content":{"rendered":"\n<div class=\"wp-block-group alignwide has-global-padding is-layout-constrained wp-container-core-group-is-layout-9a4c8acf wp-block-group-is-layout-constrained\" style=\"padding-top:var(--wp--preset--spacing--small);padding-right:var(--wp--preset--spacing--small);padding-bottom:var(--wp--preset--spacing--small);padding-left:var(--wp--preset--spacing--small)\">\n<div style=\"height:100px\" aria-hidden=\"true\" class=\"wp-block-spacer\"><\/div>\n\n\n\n<h2 class=\"wp-block-heading has-text-align-center\" style=\"text-transform:uppercase\">Les trucs que je dessine\u2026<\/h2>\n\n\n\n<div style=\"height:var(--wp--preset--spacing--small)\" aria-hidden=\"true\" class=\"wp-block-spacer\"><\/div>\n\n\n\n<p class=\"has-text-align-left\">Voici une s\u00e9lection de travaux dans diff\u00e9rents styles en illustrations, pages de bande dessin\u00e9e, livres jeunesse, couvertures\u2026<br>Tu veux en voir plus ou tu recherches un illustrateur \/ artiste de BD professionnel pouvant prendre en charge la cr\u00e9ation compl\u00e8te (num\u00e9rique ou traditionnelle) de ton projet ?<br>Fais un tour de la galerie et n&rsquo;h\u00e9site pas \u00e0 me contacter <a href=\"https:\/\/das-art.com\/fr\/contact\/\" data-type=\"page\" data-id=\"136\">ici<\/a>.<\/p>\n\n\n\n<div class=\"wp-block-columns is-layout-flex wp-container-core-columns-is-layout-28f84493 wp-block-columns-is-layout-flex\">\n<div class=\"wp-block-column has-background is-layout-flow wp-container-core-column-is-layout-0a386c5a wp-block-column-is-layout-flow\" style=\"border-radius:5px;background-color:#880c08\">\n<figure class=\"wp-block-image size-full has-custom-border\"><a href=\"https:\/\/das-art.com\/fr\/comic-book-pages\/\"><noscript><img loading=\"lazy\" decoding=\"async\" width=\"300\" height=\"450\" data-skip-lazy src=\"https:\/\/cdn.das-art.com\/portfolio-comic-book-pages.jpg\" alt=\"Comic book pages\" class=\"wp-image-3126\" style=\"border-top-left-radius:5px;border-top-right-radius:5px\" srcset=\"https:\/\/cdn.das-art.com\/portfolio-comic-book-pages.jpg 300w, https:\/\/cdn.das-art.com\/portfolio-comic-book-pages-200x300.jpg 200w\" sizes=\"auto, (max-width: 300px) 100vw, 300px\" \/><\/noscript><img loading=\"eager\" decoding=\"async\" width=\"300\" height=\"450\" src=\"https:\/\/cdn.das-art.com\/portfolio-comic-book-pages.jpg\" alt=\"Comic book pages\" class=\"wp-image-3126 vp-lazyload\" style=\"border-top-left-radius:5px;border-top-right-radius:5px\" srcset=\"data:image\/svg+xml;base64,PHN2ZyB3aWR0aD0iMzAwIiBoZWlnaHQ9IjQ1MCIgdmlld0JveD0iMCAwIDMwMCA0NTAiIGZpbGw9Im5vbmUiIHhtbG5zPSJodHRwOi8vd3d3LnczLm9yZy8yMDAwL3N2ZyI+PC9zdmc+\" data-src=\"https:\/\/cdn.das-art.com\/portfolio-comic-book-pages.jpg\" data-srcset=\"https:\/\/cdn.das-art.com\/portfolio-comic-book-pages.jpg 300w, https:\/\/cdn.das-art.com\/portfolio-comic-book-pages-200x300.jpg 200w\" data-sizes=\"auto\"><\/a><\/figure>\n\n\n\n<div class=\"wp-block-buttons is-content-justification-center is-layout-flex wp-container-core-buttons-is-layout-a89b3969 wp-block-buttons-is-layout-flex\">\n<div class=\"wp-block-button has-custom-width wp-block-button__width-100\"><a class=\"wp-block-button__link has-background wp-element-button\" href=\"https:\/\/das-art.com\/fr\/comic-book-pages\/\" style=\"border-radius:5px;background-color:#880c08\">Pages de bande dessin\u00e9e<\/a><\/div>\n<\/div>\n<\/div>\n\n\n\n<div class=\"wp-block-column has-background is-layout-flow wp-block-column-is-layout-flow\" style=\"border-radius:5px;background-color:#880c08\">\n<figure class=\"wp-block-image size-full has-custom-border\"><a href=\"https:\/\/das-art.com\/fr\/covers\/\"><noscript><img loading=\"lazy\" decoding=\"async\" width=\"300\" height=\"450\" data-skip-lazy src=\"https:\/\/cdn.das-art.com\/portfolio-covers.jpg\" alt=\"Covers\" class=\"wp-image-3127\" style=\"border-top-left-radius:5px;border-top-right-radius:5px\" srcset=\"https:\/\/cdn.das-art.com\/portfolio-covers.jpg 300w, https:\/\/cdn.das-art.com\/portfolio-covers-200x300.jpg 200w\" sizes=\"auto, (max-width: 300px) 100vw, 300px\" \/><\/noscript><img loading=\"eager\" decoding=\"async\" width=\"300\" height=\"450\" src=\"https:\/\/cdn.das-art.com\/portfolio-covers.jpg\" alt=\"Covers\" class=\"wp-image-3127 vp-lazyload\" style=\"border-top-left-radius:5px;border-top-right-radius:5px\" srcset=\"data:image\/svg+xml;base64,PHN2ZyB3aWR0aD0iMzAwIiBoZWlnaHQ9IjQ1MCIgdmlld0JveD0iMCAwIDMwMCA0NTAiIGZpbGw9Im5vbmUiIHhtbG5zPSJodHRwOi8vd3d3LnczLm9yZy8yMDAwL3N2ZyI+PC9zdmc+\" data-src=\"https:\/\/cdn.das-art.com\/portfolio-covers.jpg\" data-srcset=\"https:\/\/cdn.das-art.com\/portfolio-covers.jpg 300w, https:\/\/cdn.das-art.com\/portfolio-covers-200x300.jpg 200w\" data-sizes=\"auto\"><\/a><\/figure>\n\n\n\n<div class=\"wp-block-buttons is-content-justification-center is-layout-flex wp-container-core-buttons-is-layout-a89b3969 wp-block-buttons-is-layout-flex\">\n<div class=\"wp-block-button has-custom-width wp-block-button__width-100\"><a class=\"wp-block-button__link has-background wp-element-button\" href=\"https:\/\/das-art.com\/fr\/covers\/\" style=\"border-radius:5px;background-color:#880c08\">Couvertures de livre<\/a><\/div>\n<\/div>\n<\/div>\n\n\n\n<div class=\"wp-block-column has-background is-layout-flow wp-block-column-is-layout-flow\" style=\"border-radius:5px;background-color:#880c08\">\n<figure class=\"wp-block-image size-full has-custom-border\"><a href=\"https:\/\/das-art.com\/fr\/illustrations\/\"><noscript><img loading=\"lazy\" decoding=\"async\" width=\"300\" height=\"450\" data-skip-lazy src=\"https:\/\/cdn.das-art.com\/portfolio-illustrations.jpg\" alt=\"Illustrations\" class=\"wp-image-3128\" style=\"border-top-left-radius:5px;border-top-right-radius:5px\" srcset=\"https:\/\/cdn.das-art.com\/portfolio-illustrations.jpg 300w, https:\/\/cdn.das-art.com\/portfolio-illustrations-200x300.jpg 200w\" sizes=\"auto, (max-width: 300px) 100vw, 300px\" \/><\/noscript><img loading=\"eager\" decoding=\"async\" width=\"300\" height=\"450\" src=\"https:\/\/cdn.das-art.com\/portfolio-illustrations.jpg\" alt=\"Illustrations\" class=\"wp-image-3128 vp-lazyload\" style=\"border-top-left-radius:5px;border-top-right-radius:5px\" srcset=\"data:image\/svg+xml;base64,PHN2ZyB3aWR0aD0iMzAwIiBoZWlnaHQ9IjQ1MCIgdmlld0JveD0iMCAwIDMwMCA0NTAiIGZpbGw9Im5vbmUiIHhtbG5zPSJodHRwOi8vd3d3LnczLm9yZy8yMDAwL3N2ZyI+PC9zdmc+\" data-src=\"https:\/\/cdn.das-art.com\/portfolio-illustrations.jpg\" data-srcset=\"https:\/\/cdn.das-art.com\/portfolio-illustrations.jpg 300w, https:\/\/cdn.das-art.com\/portfolio-illustrations-200x300.jpg 200w\" data-sizes=\"auto\"><\/a><\/figure>\n\n\n\n<div class=\"wp-block-buttons is-content-justification-center is-layout-flex wp-container-core-buttons-is-layout-a89b3969 wp-block-buttons-is-layout-flex\">\n<div class=\"wp-block-button has-custom-width wp-block-button__width-100\"><a class=\"wp-block-button__link has-background wp-element-button\" href=\"https:\/\/das-art.com\/fr\/illustrations\/\" style=\"border-radius:5px;background-color:#880c08\">Illustrations<\/a><\/div>\n<\/div>\n<\/div>\n\n\n\n<div class=\"wp-block-column has-background is-layout-flow wp-block-column-is-layout-flow\" style=\"border-radius:5px;background-color:#880c08\">\n<figure class=\"wp-block-image size-full has-custom-border is-style-default\"><a href=\"https:\/\/das-art.com\/fr\/pin-up\/\"><noscript><img loading=\"lazy\" decoding=\"async\" width=\"300\" height=\"450\" data-skip-lazy src=\"https:\/\/cdn.das-art.com\/portfolio-pin-up.jpg\" alt=\"Pin-up\" class=\"wp-image-3129\" style=\"border-top-left-radius:5px;border-top-right-radius:5px\" srcset=\"https:\/\/cdn.das-art.com\/portfolio-pin-up.jpg 300w, https:\/\/cdn.das-art.com\/portfolio-pin-up-200x300.jpg 200w\" sizes=\"auto, (max-width: 300px) 100vw, 300px\" \/><\/noscript><img loading=\"eager\" decoding=\"async\" width=\"300\" height=\"450\" src=\"https:\/\/cdn.das-art.com\/portfolio-pin-up.jpg\" alt=\"Pin-up\" class=\"wp-image-3129 vp-lazyload\" style=\"border-top-left-radius:5px;border-top-right-radius:5px\" srcset=\"data:image\/svg+xml;base64,PHN2ZyB3aWR0aD0iMzAwIiBoZWlnaHQ9IjQ1MCIgdmlld0JveD0iMCAwIDMwMCA0NTAiIGZpbGw9Im5vbmUiIHhtbG5zPSJodHRwOi8vd3d3LnczLm9yZy8yMDAwL3N2ZyI+PC9zdmc+\" data-src=\"https:\/\/cdn.das-art.com\/portfolio-pin-up.jpg\" data-srcset=\"https:\/\/cdn.das-art.com\/portfolio-pin-up.jpg 300w, https:\/\/cdn.das-art.com\/portfolio-pin-up-200x300.jpg 200w\" data-sizes=\"auto\"><\/a><\/figure>\n\n\n\n<div class=\"wp-block-buttons is-content-justification-center is-layout-flex wp-container-core-buttons-is-layout-a89b3969 wp-block-buttons-is-layout-flex\">\n<div class=\"wp-block-button has-custom-width wp-block-button__width-100\"><a class=\"wp-block-button__link has-background wp-element-button\" href=\"https:\/\/das-art.com\/fr\/pin-up\/\" style=\"border-radius:5px;background-color:#880c08\">Pin-up<\/a><\/div>\n<\/div>\n<\/div>\n<\/div>\n\n\n\n<div style=\"height:100px\" aria-hidden=\"true\" class=\"wp-block-spacer\"><\/div>\n<\/div>\n","protected":false},"excerpt":{"rendered":"<p>Les trucs que je dessine\u2026 Voici une s\u00e9lection de travaux dans diff\u00e9rents styles en illustrations, pages de bande dessin\u00e9e, livres jeunesse, couvertures\u2026Tu veux en voir plus ou tu recherches un illustrateur \/ artiste de BD professionnel pouvant prendre en charge la cr\u00e9ation compl\u00e8te (num\u00e9rique ou traditionnelle) de ton projet ?Fais un tour de la galerie &hellip; <\/p>\n<p class=\"link-more\"><a href=\"https:\/\/das-art.com\/fr\/my-work\/\" class=\"more-link\">Lire la suite de<span class=\"screen-reader-text\">\u00ab\u00a0Mes r\u00e9alisations\u00a0\u00bb<\/span><\/a><\/p>\n","protected":false},"author":1,"featured_media":0,"parent":0,"menu_order":0,"comment_status":"closed","ping_status":"open","template":"page-templates\/full-width-no-title.php","meta":{"advanced_seo_description":"","jetpack_seo_html_title":"","jetpack_seo_noindex":false,"_vp_format_video_url":"","_vp_image_focal_point":[],"inspiro_hide_title":false,"footnotes":""},"class_list":["post-2","page","type-page","status-publish","hentry"],"translation":{"provider":"WPGlobus","version":"3.0.2","language":"fr","enabled_languages":["gb","fr"],"languages":{"gb":{"title":true,"content":true,"excerpt":false},"fr":{"title":true,"content":true,"excerpt":false}}},"jetpack_sharing_enabled":true,"_links":{"self":[{"href":"https:\/\/das-art.com\/fr\/wp-json\/wp\/v2\/pages\/2","targetHints":{"allow":["GET"]}}],"collection":[{"href":"https:\/\/das-art.com\/fr\/wp-json\/wp\/v2\/pages"}],"about":[{"href":"https:\/\/das-art.com\/fr\/wp-json\/wp\/v2\/types\/page"}],"author":[{"embeddable":true,"href":"https:\/\/das-art.com\/fr\/wp-json\/wp\/v2\/users\/1"}],"replies":[{"embeddable":true,"href":"https:\/\/das-art.com\/fr\/wp-json\/wp\/v2\/comments?post=2"}],"version-history":[{"count":69,"href":"https:\/\/das-art.com\/fr\/wp-json\/wp\/v2\/pages\/2\/revisions"}],"predecessor-version":[{"id":3263,"href":"https:\/\/das-art.com\/fr\/wp-json\/wp\/v2\/pages\/2\/revisions\/3263"}],"wp:attachment":[{"href":"https:\/\/das-art.com\/fr\/wp-json\/wp\/v2\/media?parent=2"}],"curies":[{"name":"wp","href":"https:\/\/api.w.org\/{rel}","templated":true}]}}