{"id":3,"date":"2022-07-11T11:31:36","date_gmt":"2022-07-11T10:31:36","guid":{"rendered":"https:\/\/v9.das-art.com\/?page_id=3"},"modified":"2025-10-15T19:33:37","modified_gmt":"2025-10-15T17:33:37","slug":"legals","status":"publish","type":"page","link":"https:\/\/das-art.com\/fr\/legals\/","title":{"rendered":"Mentions l\u00e9gales"},"content":{"rendered":"\n<div class=\"wp-block-group has-global-padding is-layout-constrained wp-container-core-group-is-layout-9a4c8acf wp-block-group-is-layout-constrained\" style=\"padding-top:var(--wp--preset--spacing--small);padding-right:var(--wp--preset--spacing--small);padding-bottom:var(--wp--preset--spacing--small);padding-left:var(--wp--preset--spacing--small)\">\n<div style=\"height:100px\" aria-hidden=\"true\" class=\"wp-block-spacer\"><\/div>\n\n\n\n<h2 class=\"wp-block-heading has-text-align-center\" style=\"text-transform:uppercase\">Les trucs l\u00e9gaux<\/h2>\n\n\n\n<div style=\"height:var(--wp--preset--spacing--small)\" aria-hidden=\"true\" class=\"wp-block-spacer\"><\/div>\n\n\n\n<p><strong>Les sites \u00ab\u00a0Das&rsquo; Art\u00a0\u00bb et \u00ab\u00a0Nice Kraken\u00a0\u00bb sont cr\u00e9\u00e9s et \u00e9dit\u00e9s par :<\/strong><br><strong>Das<\/strong><br>SIRET : 484 861 745 00020<br>Identifiant AFNIL : <a rel=\"noreferrer noopener\" href=\"https:\/\/www.afnil.org\/afnil_editeurs\/7127337\/\" target=\"_blank\">978-2-9573354, 978-2-9589028<\/a><br><a href=\"https:\/\/das-art.com\/fr\/contact\/\" data-type=\"page\" data-id=\"136\">Me contacter<\/a>.<\/p>\n\n\n\n<p><strong>Site h\u00e9berg\u00e9 par :<\/strong><br>OVH, New London House, 6 London Street, EC3R 7LP, London, United Kingdom<br>Registration number: 5519821<br>T\u00e9l\u00e9phone: +44 333 370 0425<br><a href=\"https:\/\/www.ovh.co.uk\/\">OVH.co.uk<\/a><\/p>\n\n\n\n<hr class=\"wp-block-separator has-alpha-channel-opacity\"\/>\n\n\n\n<h3 class=\"wp-block-heading\">Propri\u00e9t\u00e9 Intellectuelle<\/h3>\n\n\n\n<p><strong>Das<\/strong> (enseigne) et <strong>Nice Kraken<\/strong> (marque \u00e9ditoriale) sont la propri\u00e9t\u00e9 de <strong>Das<\/strong> (pseudonyme).<\/p>\n\n\n\n<p>Tout le contenu de ce site est la propri\u00e9t\u00e9 de <strong>Das<\/strong> et est prot\u00e9g\u00e9 par le Code de la Propri\u00e9t\u00e9 Intellectuelle et la l\u00e9gislation relative au droit d&rsquo;auteur.<br>Tu peux consulter toutes les pages de ce site et t\u00e9l\u00e9charger ou copier son contenu \u00e0 des fins priv\u00e9es uniquement. <br>Tu ne peux pas t\u00e9l\u00e9charger ou copier son contenu en vue de l&rsquo;utiliser sur un autre site, avec un logiciel ou \u00e0 des fins professionnelles.<br>Tu ne peux pas t\u00e9l\u00e9charger ou copier son contenu afin de l&rsquo;utiliser comme donn\u00e9es d&rsquo;entra\u00eenement pour des outils de g\u00e9n\u00e9ration de contenu connu sous le nom d&rsquo;Intelligence Artificielle G\u00e9n\u00e9rale (IAG \/ IA).<br><strong>Das<\/strong> reste seul d\u00e9tenteur des droits d&rsquo;auteur, moraux et patrimoniaux du contenu de ce site et ce qui y est pr\u00e9sent\u00e9 et, dans le cas o\u00f9 le contenu pr\u00e9sent\u00e9 est licenci\u00e9 \u00e0 <strong>Das,<\/strong> le droit d&rsquo;auteur reste la propri\u00e9t\u00e9 de ses d\u00e9tenteurs respectifs.<\/p>\n\n\n\n<p>Tu ne peux pas supprimer ou alt\u00e9rer les mentions de droit d&rsquo;auteur, de marque d\u00e9pos\u00e9e ou de propri\u00e9t\u00e9 intellectuelle relative au contenu t\u00e9l\u00e9charg\u00e9 de ce site.<\/p>\n\n\n\n<p>Toutes les marques d\u00e9pos\u00e9es pr\u00e9sente sur ce site sont la propri\u00e9t\u00e9 de leur d\u00e9tenteur. L&rsquo;utilisation de ces marques est interdite sauf apr\u00e8s obtention \u00e9crite de l&rsquo;autorisation par le propri\u00e9taire de la marque.<\/p>\n\n\n\n<div style=\"height:100px\" aria-hidden=\"true\" class=\"wp-block-spacer\"><\/div>\n<\/div>\n","protected":false},"excerpt":{"rendered":"<p>Les trucs l\u00e9gaux Les sites \u00ab\u00a0Das&rsquo; Art\u00a0\u00bb et \u00ab\u00a0Nice Kraken\u00a0\u00bb sont cr\u00e9\u00e9s et \u00e9dit\u00e9s par :DasSIRET : 484 861 745 00020Identifiant AFNIL : 978-2-9573354, 978-2-9589028Me contacter. Site h\u00e9berg\u00e9 par :OVH, New London House, 6 London Street, EC3R 7LP, London, United KingdomRegistration number: 5519821T\u00e9l\u00e9phone: +44 333 370 0425OVH.co.uk Propri\u00e9t\u00e9 Intellectuelle Das (enseigne) et Nice Kraken (marque &hellip; <\/p>\n<p class=\"link-more\"><a href=\"https:\/\/das-art.com\/fr\/legals\/\" class=\"more-link\">Lire la suite de<span class=\"screen-reader-text\">\u00ab\u00a0Mentions l\u00e9gales\u00a0\u00bb<\/span><\/a><\/p>\n","protected":false},"author":1,"featured_media":0,"parent":0,"menu_order":0,"comment_status":"closed","ping_status":"open","template":"page-templates\/full-width-no-title.php","meta":{"advanced_seo_description":"","jetpack_seo_html_title":"","jetpack_seo_noindex":false,"_wp_convertkit_post_meta":{"form":"-1","landing_page":"0","tag":"0","restrict_content":"0"},"_vp_format_video_url":"","_vp_image_focal_point":[],"inspiro_hide_title":false,"footnotes":""},"class_list":["post-3","page","type-page","status-publish","hentry"],"translation":{"provider":"WPGlobus","version":"3.0.2","language":"fr","enabled_languages":["gb","fr"],"languages":{"gb":{"title":true,"content":true,"excerpt":false},"fr":{"title":true,"content":true,"excerpt":false}}},"jetpack_sharing_enabled":true,"_links":{"self":[{"href":"https:\/\/das-art.com\/fr\/wp-json\/wp\/v2\/pages\/3","targetHints":{"allow":["GET"]}}],"collection":[{"href":"https:\/\/das-art.com\/fr\/wp-json\/wp\/v2\/pages"}],"about":[{"href":"https:\/\/das-art.com\/fr\/wp-json\/wp\/v2\/types\/page"}],"author":[{"embeddable":true,"href":"https:\/\/das-art.com\/fr\/wp-json\/wp\/v2\/users\/1"}],"replies":[{"embeddable":true,"href":"https:\/\/das-art.com\/fr\/wp-json\/wp\/v2\/comments?post=3"}],"version-history":[{"count":33,"href":"https:\/\/das-art.com\/fr\/wp-json\/wp\/v2\/pages\/3\/revisions"}],"predecessor-version":[{"id":3526,"href":"https:\/\/das-art.com\/fr\/wp-json\/wp\/v2\/pages\/3\/revisions\/3526"}],"wp:attachment":[{"href":"https:\/\/das-art.com\/fr\/wp-json\/wp\/v2\/media?parent=3"}],"curies":[{"name":"wp","href":"https:\/\/api.w.org\/{rel}","templated":true}]}}