{"id":490,"date":"2022-07-13T23:48:45","date_gmt":"2022-07-13T21:48:45","guid":{"rendered":"https:\/\/v9.das-art.com\/?page_id=490"},"modified":"2025-04-03T16:35:12","modified_gmt":"2025-04-03T14:35:12","slug":"un-crocodile-aux-dents-poilues","status":"publish","type":"page","link":"https:\/\/das-art.com\/fr\/un-crocodile-aux-dents-poilues\/","title":{"rendered":"Un crocodile aux dents poilues"},"content":{"rendered":"\n<figure class=\"wp-block-image alignfull size-full\"><noscript><img loading=\"lazy\" decoding=\"async\" width=\"1920\" height=\"700\" data-skip-lazy src=\"https:\/\/cdn.das-art.com\/header_Un-crocodile-aux-dents-poilues.jpg\" alt=\"header - Un crocodile aux dents poilues\" class=\"wp-image-2792\" srcset=\"https:\/\/cdn.das-art.com\/header_Un-crocodile-aux-dents-poilues.jpg 1920w, https:\/\/cdn.das-art.com\/header_Un-crocodile-aux-dents-poilues-300x109.jpg 300w, https:\/\/cdn.das-art.com\/header_Un-crocodile-aux-dents-poilues-1024x373.jpg 1024w, https:\/\/cdn.das-art.com\/header_Un-crocodile-aux-dents-poilues-500x182.jpg 500w, https:\/\/cdn.das-art.com\/header_Un-crocodile-aux-dents-poilues-800x292.jpg 800w, https:\/\/cdn.das-art.com\/header_Un-crocodile-aux-dents-poilues-1280x467.jpg 1280w\" sizes=\"auto, (max-width: 1920px) 100vw, 1920px\" \/><\/noscript><img loading=\"eager\" decoding=\"async\" width=\"1920\" height=\"700\" src=\"https:\/\/cdn.das-art.com\/header_Un-crocodile-aux-dents-poilues.jpg\" alt=\"header - Un crocodile aux dents poilues\" class=\"wp-image-2792 vp-lazyload\" srcset=\"data:image\/svg+xml;base64,PHN2ZyB3aWR0aD0iMTkyMCIgaGVpZ2h0PSI3MDAiIHZpZXdCb3g9IjAgMCAxOTIwIDcwMCIgZmlsbD0ibm9uZSIgeG1sbnM9Imh0dHA6Ly93d3cudzMub3JnLzIwMDAvc3ZnIj48L3N2Zz4=\" data-src=\"https:\/\/cdn.das-art.com\/header_Un-crocodile-aux-dents-poilues.jpg\" data-srcset=\"https:\/\/cdn.das-art.com\/header_Un-crocodile-aux-dents-poilues.jpg 1920w, https:\/\/cdn.das-art.com\/header_Un-crocodile-aux-dents-poilues-300x109.jpg 300w, https:\/\/cdn.das-art.com\/header_Un-crocodile-aux-dents-poilues-1024x373.jpg 1024w, https:\/\/cdn.das-art.com\/header_Un-crocodile-aux-dents-poilues-500x182.jpg 500w, https:\/\/cdn.das-art.com\/header_Un-crocodile-aux-dents-poilues-800x292.jpg 800w, https:\/\/cdn.das-art.com\/header_Un-crocodile-aux-dents-poilues-1280x467.jpg 1280w\" data-sizes=\"auto\"><\/figure>\n\n\n\n<div class=\"wp-block-group book-detail-page has-global-padding is-layout-constrained wp-container-core-group-is-layout-9a4c8acf wp-block-group-is-layout-constrained\" style=\"padding-top:var(--wp--preset--spacing--small);padding-right:var(--wp--preset--spacing--small);padding-bottom:var(--wp--preset--spacing--small);padding-left:var(--wp--preset--spacing--small)\">\n<div class=\"wp-block-columns is-layout-flex wp-container-core-columns-is-layout-28f84493 wp-block-columns-is-layout-flex\">\n<div class=\"wp-block-column is-vertically-aligned-center is-layout-flow wp-block-column-is-layout-flow\" style=\"flex-basis:60%\">\n<h2 class=\"wp-block-heading\">Un crocodile aux dents poilues<\/h2>\n\n\n\n<p>C&rsquo;est en 2010, alors que notre premi\u00e8re fille avait \u00e0 peine trois ans, que Bao m&rsquo;a propos\u00e9 de raconter l&rsquo;histoire d&rsquo;une amiti\u00e9 entre un crocodile &#8211; l&rsquo;animal favori de notre fille &#8211; et un chaton.<\/p>\n\n\n\n<p>Bien que tous les dessins aient \u00e9t\u00e9 r\u00e9alis\u00e9s dans l&rsquo;ann\u00e9e, il aura fallu attendre six ans de plus pour que je reprenne les pinceaux et termine la couleur.<\/p>\n<\/div>\n\n\n\n<div class=\"wp-block-column is-layout-flow wp-block-column-is-layout-flow\" style=\"flex-basis:40%\">\n<figure class=\"wp-block-image size-large\"><noscript><img decoding=\"async\" data-skip-lazy src=\"https:\/\/das-art.com\/wp-content\/uploads\/packshot_Un-crocodile-aux-dents-poilues_01.jpg\" alt=\"packshot - Un crocodile aux dents poilues - 01\"\/><\/noscript><img decoding=\"async\" src=\"https:\/\/das-art.com\/wp-content\/uploads\/packshot_Un-crocodile-aux-dents-poilues_01.jpg\" alt=\"packshot - Un crocodile aux dents poilues - 01\" data-src=\"https:\/\/das-art.com\/wp-content\/uploads\/packshot_Un-crocodile-aux-dents-poilues_01.jpg\" data-sizes=\"auto\" loading=\"eager\" class=\"vp-lazyload\"><\/figure>\n<\/div>\n<\/div>\n\n\n\n<blockquote class=\"wp-block-quote is-style-plain is-layout-flow wp-block-quote-is-layout-flow\">\n<p><strong>\u00c0 l&rsquo;or\u00e9e de la for\u00eat, un jeune crocodile affam\u00e9 cherche un morceau \u00e0 croquer !<br>Mais sa curiosit\u00e9 lui r\u00e9serve des surprises\u2026<\/strong><\/p>\n<\/blockquote>\n\n\n\n<div class=\"wp-block-columns is-layout-flex wp-container-core-columns-is-layout-28f84493 wp-block-columns-is-layout-flex\">\n<div class=\"wp-block-column is-layout-flow wp-block-column-is-layout-flow\" style=\"flex-basis:40%\">\n<figure class=\"wp-block-image size-large\"><noscript><img decoding=\"async\" data-skip-lazy src=\"https:\/\/das-art.com\/wp-content\/uploads\/packshot_Un-crocodile-aux-dents-poilues_02.jpg\" alt=\"packshot - Un crocodile aux dents poilues - 02\"\/><\/noscript><img decoding=\"async\" src=\"https:\/\/das-art.com\/wp-content\/uploads\/packshot_Un-crocodile-aux-dents-poilues_02.jpg\" alt=\"packshot - Un crocodile aux dents poilues - 02\" data-src=\"https:\/\/das-art.com\/wp-content\/uploads\/packshot_Un-crocodile-aux-dents-poilues_02.jpg\" data-sizes=\"auto\" loading=\"eager\" class=\"vp-lazyload\"><\/figure>\n<\/div>\n\n\n\n<div class=\"wp-block-column is-vertically-aligned-center is-layout-flow wp-block-column-is-layout-flow\" style=\"flex-basis:60%\">\n<p>Alors que nous lisions r\u00e9guli\u00e8rement cette histoire \u00e0 nos filles depuis 2012 &#8211; m\u00eame si la couleur n&rsquo;\u00e9tait pas achev\u00e9e &#8211; la cr\u00e9ation de mon label Nice Kraken en 2017 et de ma structure d&rsquo;\u00e9dition ind\u00e9pendante f\u00fbt l&rsquo;occasion de publier ce premier livre pour enfant.<\/p>\n\n\n\n<p>C&rsquo;est avec ce livre que l&rsquo;envie de mener mes projets personnels jusqu&rsquo;\u00e0 l&rsquo;objet-livre m&rsquo;est revenue&nbsp;!<\/p>\n<\/div>\n<\/div>\n\n\n\n<div class=\"wp-block-columns is-layout-flex wp-container-core-columns-is-layout-28f84493 wp-block-columns-is-layout-flex\">\n<div class=\"wp-block-column is-vertically-aligned-center is-layout-flow wp-block-column-is-layout-flow\" style=\"flex-basis:60%\">\n<p>Un livre de 32 pages, couleur, en fran\u00e7ais, couverture souple en dos carr\u00e9 coll\u00e9, 17x17cm, publi\u00e9 en d\u00e9cembre 2018<br>ISBN: 978-2957335404<\/p>\n\n\n\n<div style=\"height:100px\" aria-hidden=\"true\" class=\"wp-block-spacer\"><\/div>\n\n\n\n<div class=\"wp-block-buttons is-layout-flex wp-block-buttons-is-layout-flex\">\n<div class=\"wp-block-button\"><a class=\"wp-block-button__link has-background wp-element-button\" href=\"https:\/\/das-art.com\/shop\/books\/un-crocodile-aux-dents-poilues\/\" style=\"border-radius:5px;background-color:#540f0d\">Obtiens ton exemplaire<\/a><\/div>\n<\/div>\n<\/div>\n\n\n\n<div class=\"wp-block-column is-layout-flow wp-block-column-is-layout-flow\" style=\"flex-basis:40%\">\n<figure class=\"wp-block-image size-large\"><noscript><img decoding=\"async\" data-skip-lazy src=\"https:\/\/das-art.com\/wp-content\/uploads\/packshot_Un-crocodile-aux-dents-poilues_03.jpg\" alt=\"packshot - Un crocodile aux dents poilues - 03\"\/><\/noscript><img decoding=\"async\" src=\"https:\/\/das-art.com\/wp-content\/uploads\/packshot_Un-crocodile-aux-dents-poilues_03.jpg\" alt=\"packshot - Un crocodile aux dents poilues - 03\" data-src=\"https:\/\/das-art.com\/wp-content\/uploads\/packshot_Un-crocodile-aux-dents-poilues_03.jpg\" data-sizes=\"auto\" loading=\"eager\" class=\"vp-lazyload\"><\/figure>\n<\/div>\n<\/div>\n\n\n\n<div style=\"height:50px\" aria-hidden=\"true\" class=\"wp-block-spacer\"><\/div>\n\n\n\n<h2 class=\"wp-block-heading has-text-align-center has-white-color has-text-color has-background\" style=\"background-color:#999999\">Preview<\/h2>\n\n\n\n<div style=\"height:50px\" aria-hidden=\"true\" class=\"wp-block-spacer\"><\/div>\n\n\n\n<figure class=\"wp-block-image aligncenter size-large\"><noscript><img decoding=\"async\" data-skip-lazy src=\"https:\/\/das-art.com\/wp-content\/uploads\/Un-crocodile-aux-dents-poilues_extract_08.jpg\" alt=\"Un crocodile aux dents poilues - 08-09\"\/><\/noscript><img decoding=\"async\" src=\"https:\/\/das-art.com\/wp-content\/uploads\/Un-crocodile-aux-dents-poilues_extract_08.jpg\" alt=\"Un crocodile aux dents poilues - 08-09\" data-src=\"https:\/\/das-art.com\/wp-content\/uploads\/Un-crocodile-aux-dents-poilues_extract_08.jpg\" data-sizes=\"auto\" loading=\"eager\" class=\"vp-lazyload\"><figcaption class=\"wp-element-caption\">Un crocodile aux dents poilues &#8211; pages 8 &amp; 9<\/figcaption><\/figure>\n\n\n\n<hr class=\"wp-block-separator has-alpha-channel-opacity\"\/>\n\n\n\n<figure class=\"wp-block-image aligncenter size-large\"><noscript><img decoding=\"async\" data-skip-lazy src=\"https:\/\/das-art.com\/wp-content\/uploads\/Un-crocodile-aux-dents-poilues_extract_10.jpg\" alt=\"Un crocodile aux dents poilues - 10-11\"\/><\/noscript><img decoding=\"async\" src=\"https:\/\/das-art.com\/wp-content\/uploads\/Un-crocodile-aux-dents-poilues_extract_10.jpg\" alt=\"Un crocodile aux dents poilues - 10-11\" data-src=\"https:\/\/das-art.com\/wp-content\/uploads\/Un-crocodile-aux-dents-poilues_extract_10.jpg\" data-sizes=\"auto\" loading=\"eager\" class=\"vp-lazyload\"><figcaption class=\"wp-element-caption\">Un crocodile aux dents poilues &#8211; pages 10 &amp; 11<\/figcaption><\/figure>\n\n\n\n<hr class=\"wp-block-separator has-alpha-channel-opacity\"\/>\n\n\n\n<figure class=\"wp-block-image aligncenter size-large\"><noscript><img decoding=\"async\" data-skip-lazy src=\"https:\/\/das-art.com\/wp-content\/uploads\/Un-crocodile-aux-dents-poilues_extract_12.jpg\" alt=\"Un crocodile aux dents poilues - 12-13\"\/><\/noscript><img decoding=\"async\" src=\"https:\/\/das-art.com\/wp-content\/uploads\/Un-crocodile-aux-dents-poilues_extract_12.jpg\" alt=\"Un crocodile aux dents poilues - 12-13\" data-src=\"https:\/\/das-art.com\/wp-content\/uploads\/Un-crocodile-aux-dents-poilues_extract_12.jpg\" data-sizes=\"auto\" loading=\"eager\" class=\"vp-lazyload\"><figcaption class=\"wp-element-caption\">Un crocodile aux dents poilues &#8211; pages 12 &amp; 13<\/figcaption><\/figure>\n\n\n\n<hr class=\"wp-block-separator has-alpha-channel-opacity\"\/>\n\n\n\n<div style=\"height:100px\" aria-hidden=\"true\" class=\"wp-block-spacer\"><\/div>\n<\/div>\n","protected":false},"excerpt":{"rendered":"<p>Un crocodile aux dents poilues C&rsquo;est en 2010, alors que notre premi\u00e8re fille avait \u00e0 peine trois ans, que Bao m&rsquo;a propos\u00e9 de raconter l&rsquo;histoire d&rsquo;une amiti\u00e9 entre un crocodile &#8211; l&rsquo;animal favori de notre fille &#8211; et un chaton. Bien que tous les dessins aient \u00e9t\u00e9 r\u00e9alis\u00e9s dans l&rsquo;ann\u00e9e, il aura fallu attendre six &hellip; <\/p>\n<p class=\"link-more\"><a href=\"https:\/\/das-art.com\/fr\/un-crocodile-aux-dents-poilues\/\" class=\"more-link\">Lire la suite de<span class=\"screen-reader-text\">\u00ab\u00a0Un crocodile aux dents poilues\u00a0\u00bb<\/span><\/a><\/p>\n","protected":false},"author":1,"featured_media":0,"parent":0,"menu_order":0,"comment_status":"closed","ping_status":"closed","template":"page-templates\/full-width-no-title.php","meta":{"advanced_seo_description":"","jetpack_seo_html_title":"","jetpack_seo_noindex":false,"_vp_format_video_url":"","_vp_image_focal_point":[],"inspiro_hide_title":false,"footnotes":""},"class_list":["post-490","page","type-page","status-publish","hentry"],"translation":{"provider":"WPGlobus","version":"3.0.2","language":"fr","enabled_languages":["gb","fr"],"languages":{"gb":{"title":true,"content":true,"excerpt":false},"fr":{"title":false,"content":false,"excerpt":false}}},"jetpack_sharing_enabled":true,"_links":{"self":[{"href":"https:\/\/das-art.com\/fr\/wp-json\/wp\/v2\/pages\/490","targetHints":{"allow":["GET"]}}],"collection":[{"href":"https:\/\/das-art.com\/fr\/wp-json\/wp\/v2\/pages"}],"about":[{"href":"https:\/\/das-art.com\/fr\/wp-json\/wp\/v2\/types\/page"}],"author":[{"embeddable":true,"href":"https:\/\/das-art.com\/fr\/wp-json\/wp\/v2\/users\/1"}],"replies":[{"embeddable":true,"href":"https:\/\/das-art.com\/fr\/wp-json\/wp\/v2\/comments?post=490"}],"version-history":[{"count":25,"href":"https:\/\/das-art.com\/fr\/wp-json\/wp\/v2\/pages\/490\/revisions"}],"predecessor-version":[{"id":2798,"href":"https:\/\/das-art.com\/fr\/wp-json\/wp\/v2\/pages\/490\/revisions\/2798"}],"wp:attachment":[{"href":"https:\/\/das-art.com\/fr\/wp-json\/wp\/v2\/media?parent=490"}],"curies":[{"name":"wp","href":"https:\/\/api.w.org\/{rel}","templated":true}]}}