{"id":673,"date":"2022-07-16T00:24:08","date_gmt":"2022-07-15T22:24:08","guid":{"rendered":"https:\/\/v9.das-art.com\/?page_id=673"},"modified":"2025-04-03T16:37:30","modified_gmt":"2025-04-03T14:37:30","slug":"sts-135","status":"publish","type":"page","link":"https:\/\/das-art.com\/fr\/sts-135\/","title":{"rendered":"STS-135"},"content":{"rendered":"\n<figure class=\"wp-block-image alignfull size-full\"><noscript><img loading=\"lazy\" decoding=\"async\" width=\"1920\" height=\"700\" data-skip-lazy src=\"https:\/\/cdn.das-art.com\/header_STS-135.jpg\" alt=\"header - STS-135\" class=\"wp-image-2784\" srcset=\"https:\/\/cdn.das-art.com\/header_STS-135.jpg 1920w, https:\/\/cdn.das-art.com\/header_STS-135-300x109.jpg 300w, https:\/\/cdn.das-art.com\/header_STS-135-1024x373.jpg 1024w, https:\/\/cdn.das-art.com\/header_STS-135-500x182.jpg 500w, https:\/\/cdn.das-art.com\/header_STS-135-800x292.jpg 800w, https:\/\/cdn.das-art.com\/header_STS-135-1280x467.jpg 1280w\" sizes=\"auto, (max-width: 1920px) 100vw, 1920px\" \/><\/noscript><img loading=\"eager\" decoding=\"async\" width=\"1920\" height=\"700\" src=\"https:\/\/cdn.das-art.com\/header_STS-135.jpg\" alt=\"header - STS-135\" class=\"wp-image-2784 vp-lazyload\" srcset=\"data:image\/svg+xml;base64,PHN2ZyB3aWR0aD0iMTkyMCIgaGVpZ2h0PSI3MDAiIHZpZXdCb3g9IjAgMCAxOTIwIDcwMCIgZmlsbD0ibm9uZSIgeG1sbnM9Imh0dHA6Ly93d3cudzMub3JnLzIwMDAvc3ZnIj48L3N2Zz4=\" data-src=\"https:\/\/cdn.das-art.com\/header_STS-135.jpg\" data-srcset=\"https:\/\/cdn.das-art.com\/header_STS-135.jpg 1920w, https:\/\/cdn.das-art.com\/header_STS-135-300x109.jpg 300w, https:\/\/cdn.das-art.com\/header_STS-135-1024x373.jpg 1024w, https:\/\/cdn.das-art.com\/header_STS-135-500x182.jpg 500w, https:\/\/cdn.das-art.com\/header_STS-135-800x292.jpg 800w, https:\/\/cdn.das-art.com\/header_STS-135-1280x467.jpg 1280w\" data-sizes=\"auto\"><\/figure>\n\n\n\n<div class=\"wp-block-group book-detail-page has-global-padding is-layout-constrained wp-container-core-group-is-layout-9a4c8acf wp-block-group-is-layout-constrained\" style=\"padding-top:var(--wp--preset--spacing--small);padding-right:var(--wp--preset--spacing--small);padding-bottom:var(--wp--preset--spacing--small);padding-left:var(--wp--preset--spacing--small)\">\n<div class=\"wp-block-columns is-layout-flex wp-container-core-columns-is-layout-28f84493 wp-block-columns-is-layout-flex\">\n<div class=\"wp-block-column is-vertically-aligned-center is-layout-flow wp-block-column-is-layout-flow\" style=\"flex-basis:60%\">\n<h2 class=\"wp-block-heading\">STS-135<\/h2>\n\n\n\n<p>Certains r\u00eavent leur vie, d&rsquo;autres comme moi r\u00eavent leurs histoires, il y a ceux qui s&rsquo;\u00e9vadent dans leurs songes tandis que d&rsquo;autres encore pensent que la vie n&rsquo;est un phantasme\u2026<\/p>\n\n\n\n<p>La fronti\u00e8re entre l&rsquo;onirisme et le r\u00e9el est parfois si fine qu&rsquo;on ne la distingue plus et l&rsquo;on r\u00eave \u00e9veill\u00e9 !<\/p>\n\n\n\n<p>Et si c&rsquo;\u00e9tait un peu de tout \u00e0 la fois\u2026<\/p>\n<\/div>\n\n\n\n<div class=\"wp-block-column is-layout-flow wp-block-column-is-layout-flow\" style=\"flex-basis:40%\">\n<figure class=\"wp-block-image size-large\"><noscript><img decoding=\"async\" data-skip-lazy src=\"https:\/\/das-art.com\/wp-content\/uploads\/packshot_STS-135_01.jpg\" alt=\"packshot - STS-135 - 01\"\/><\/noscript><img decoding=\"async\" src=\"https:\/\/das-art.com\/wp-content\/uploads\/packshot_STS-135_01.jpg\" alt=\"packshot - STS-135 - 01\" data-src=\"https:\/\/das-art.com\/wp-content\/uploads\/packshot_STS-135_01.jpg\" data-sizes=\"auto\" loading=\"eager\" class=\"vp-lazyload\"><\/figure>\n<\/div>\n<\/div>\n\n\n\n<blockquote class=\"wp-block-quote has-text-align-center is-style-plain is-layout-flow wp-block-quote-is-layout-flow\">\n<p><strong><strong>L\u2019humanit\u00e9 peut-elle se soustraire \u00e0 ses contraintes sociales ?<\/strong><\/strong><\/p>\n<\/blockquote>\n\n\n\n<div class=\"wp-block-columns is-layout-flex wp-container-core-columns-is-layout-28f84493 wp-block-columns-is-layout-flex\">\n<div class=\"wp-block-column is-layout-flow wp-block-column-is-layout-flow\" style=\"flex-basis:40%\">\n<figure class=\"wp-block-image size-large\"><noscript><img decoding=\"async\" data-skip-lazy src=\"https:\/\/das-art.com\/wp-content\/uploads\/packshot_STS-135_02.jpg\" alt=\"packshot - STS-135 - 02\"\/><\/noscript><img decoding=\"async\" src=\"https:\/\/das-art.com\/wp-content\/uploads\/packshot_STS-135_02.jpg\" alt=\"packshot - STS-135 - 02\" data-src=\"https:\/\/das-art.com\/wp-content\/uploads\/packshot_STS-135_02.jpg\" data-sizes=\"auto\" loading=\"eager\" class=\"vp-lazyload\"><\/figure>\n<\/div>\n\n\n\n<div class=\"wp-block-column is-vertically-aligned-center is-layout-flow wp-block-column-is-layout-flow\" style=\"flex-basis:60%\">\n<p>Dans STS-135, n&rsquo;y a-t-il pas un moment de bascule d&rsquo;un monde \u00e0 l&rsquo;autre ? Et si oui, quand ? N&rsquo;esp\u00e9rez pas <strong>une<\/strong> r\u00e9ponse dans cette all\u00e9gorie \u00e0 la fois po\u00e9tique et Cyberpunk !<\/p>\n\n\n\n<p>\u00c0 travers cette odyss\u00e9e contemplative, suivez une chim\u00e8re de la soci\u00e9t\u00e9 souhaitant soumettre l&rsquo;humain \u00e0 sa condition\u2026 Mais n&rsquo;est-ce pas le propre de l&rsquo;\u00eatre que de cr\u00e9er une telle soci\u00e9t\u00e9 ?<\/p>\n<\/div>\n<\/div>\n\n\n\n<div class=\"wp-block-columns is-layout-flex wp-container-core-columns-is-layout-28f84493 wp-block-columns-is-layout-flex\">\n<div class=\"wp-block-column is-vertically-aligned-center is-layout-flow wp-block-column-is-layout-flow\" style=\"flex-basis:60%\">\n<p>Un livre de 52 pages, couleur, en fran\u00e7ais, couverture souple en dos carr\u00e9 coll\u00e9, 19x27cm, publi\u00e9 en mars 2021.<br>ISBN: 978-2957335442<\/p>\n\n\n\n<div style=\"height:100px\" aria-hidden=\"true\" class=\"wp-block-spacer\"><\/div>\n\n\n\n<div class=\"wp-block-buttons is-layout-flex wp-block-buttons-is-layout-flex\">\n<div class=\"wp-block-button\"><a class=\"wp-block-button__link has-background wp-element-button\" href=\"https:\/\/das-art.com\/shop\/books\/sts-135\/\" style=\"border-radius:5px;background-color:#540f0d\">Obtiens ton exemplaire<\/a><\/div>\n<\/div>\n<\/div>\n\n\n\n<div class=\"wp-block-column is-layout-flow wp-block-column-is-layout-flow\" style=\"flex-basis:40%\">\n<figure class=\"wp-block-image size-large\"><noscript><img decoding=\"async\" data-skip-lazy src=\"https:\/\/das-art.com\/wp-content\/uploads\/packshot_STS-135_03.jpg\" alt=\"packshot - STS-135 - 03\"\/><\/noscript><img decoding=\"async\" src=\"https:\/\/das-art.com\/wp-content\/uploads\/packshot_STS-135_03.jpg\" alt=\"packshot - STS-135 - 03\" data-src=\"https:\/\/das-art.com\/wp-content\/uploads\/packshot_STS-135_03.jpg\" data-sizes=\"auto\" loading=\"eager\" class=\"vp-lazyload\"><\/figure>\n<\/div>\n<\/div>\n\n\n\n<div style=\"height:50px\" aria-hidden=\"true\" class=\"wp-block-spacer\"><\/div>\n\n\n\n<h2 class=\"wp-block-heading has-text-align-center has-white-color has-text-color has-background\" style=\"background-color:#999999\">Preview<\/h2>\n\n\n\n<div style=\"height:50px\" aria-hidden=\"true\" class=\"wp-block-spacer\"><\/div>\n\n\n\n<figure class=\"wp-block-image aligncenter size-large\"><noscript><img decoding=\"async\" data-skip-lazy src=\"https:\/\/das-art.com\/wp-content\/uploads\/STS-135_extract_04.jpg\" alt=\"STS-135 - 04-05\"\/><\/noscript><img decoding=\"async\" src=\"https:\/\/das-art.com\/wp-content\/uploads\/STS-135_extract_04.jpg\" alt=\"STS-135 - 04-05\" data-src=\"https:\/\/das-art.com\/wp-content\/uploads\/STS-135_extract_04.jpg\" data-sizes=\"auto\" loading=\"eager\" class=\"vp-lazyload\"><figcaption class=\"wp-element-caption\">STS-135 &#8211; pages 4 &amp; 5<\/figcaption><\/figure>\n\n\n\n<hr class=\"wp-block-separator has-alpha-channel-opacity\"\/>\n\n\n\n<figure class=\"wp-block-image aligncenter size-large\"><noscript><img decoding=\"async\" data-skip-lazy src=\"https:\/\/das-art.com\/wp-content\/uploads\/STS-135_extract_06.jpg\" alt=\"STS-135 - 06-07\"\/><\/noscript><img decoding=\"async\" src=\"https:\/\/das-art.com\/wp-content\/uploads\/STS-135_extract_06.jpg\" alt=\"STS-135 - 06-07\" data-src=\"https:\/\/das-art.com\/wp-content\/uploads\/STS-135_extract_06.jpg\" data-sizes=\"auto\" loading=\"eager\" class=\"vp-lazyload\"><figcaption class=\"wp-element-caption\">STS-135 &#8211; pages 6 &amp; 7<\/figcaption><\/figure>\n\n\n\n<hr class=\"wp-block-separator has-alpha-channel-opacity\"\/>\n\n\n\n<figure class=\"wp-block-image aligncenter size-large\"><noscript><img decoding=\"async\" data-skip-lazy src=\"https:\/\/das-art.com\/wp-content\/uploads\/STS-135_extract_08.jpg\" alt=\"STS-135 - 08-09\"\/><\/noscript><img decoding=\"async\" src=\"https:\/\/das-art.com\/wp-content\/uploads\/STS-135_extract_08.jpg\" alt=\"STS-135 - 08-09\" data-src=\"https:\/\/das-art.com\/wp-content\/uploads\/STS-135_extract_08.jpg\" data-sizes=\"auto\" loading=\"eager\" class=\"vp-lazyload\"><figcaption class=\"wp-element-caption\">STS-135 &#8211; pages 8 &amp; 9<\/figcaption><\/figure>\n\n\n\n<hr class=\"wp-block-separator has-alpha-channel-opacity\"\/>\n\n\n\n<figure class=\"wp-block-image aligncenter size-large\"><noscript><img decoding=\"async\" data-skip-lazy src=\"https:\/\/das-art.com\/wp-content\/uploads\/STS-135_extract_10.jpg\" alt=\"STS-135 - 10-11\"\/><\/noscript><img decoding=\"async\" src=\"https:\/\/das-art.com\/wp-content\/uploads\/STS-135_extract_10.jpg\" alt=\"STS-135 - 10-11\" data-src=\"https:\/\/das-art.com\/wp-content\/uploads\/STS-135_extract_10.jpg\" data-sizes=\"auto\" loading=\"eager\" class=\"vp-lazyload\"><figcaption class=\"wp-element-caption\">STS-135 &#8211; pages 10 &amp; 11<\/figcaption><\/figure>\n\n\n\n<hr class=\"wp-block-separator has-alpha-channel-opacity\"\/>\n\n\n\n<div style=\"height:100px\" aria-hidden=\"true\" class=\"wp-block-spacer\"><\/div>\n<\/div>\n","protected":false},"excerpt":{"rendered":"<p>STS-135 Certains r\u00eavent leur vie, d&rsquo;autres comme moi r\u00eavent leurs histoires, il y a ceux qui s&rsquo;\u00e9vadent dans leurs songes tandis que d&rsquo;autres encore pensent que la vie n&rsquo;est un phantasme\u2026 La fronti\u00e8re entre l&rsquo;onirisme et le r\u00e9el est parfois si fine qu&rsquo;on ne la distingue plus et l&rsquo;on r\u00eave \u00e9veill\u00e9 ! Et si c&rsquo;\u00e9tait &hellip; <\/p>\n<p class=\"link-more\"><a href=\"https:\/\/das-art.com\/fr\/sts-135\/\" class=\"more-link\">Lire la suite de<span class=\"screen-reader-text\">\u00ab\u00a0STS-135\u00a0\u00bb<\/span><\/a><\/p>\n","protected":false},"author":1,"featured_media":0,"parent":0,"menu_order":0,"comment_status":"closed","ping_status":"closed","template":"page-templates\/full-width-no-title.php","meta":{"advanced_seo_description":"","jetpack_seo_html_title":"","jetpack_seo_noindex":false,"_vp_format_video_url":"","_vp_image_focal_point":[],"inspiro_hide_title":false,"footnotes":""},"class_list":["post-673","page","type-page","status-publish","hentry"],"translation":{"provider":"WPGlobus","version":"3.0.2","language":"fr","enabled_languages":["gb","fr"],"languages":{"gb":{"title":true,"content":true,"excerpt":false},"fr":{"title":false,"content":false,"excerpt":false}}},"jetpack_sharing_enabled":true,"_links":{"self":[{"href":"https:\/\/das-art.com\/fr\/wp-json\/wp\/v2\/pages\/673","targetHints":{"allow":["GET"]}}],"collection":[{"href":"https:\/\/das-art.com\/fr\/wp-json\/wp\/v2\/pages"}],"about":[{"href":"https:\/\/das-art.com\/fr\/wp-json\/wp\/v2\/types\/page"}],"author":[{"embeddable":true,"href":"https:\/\/das-art.com\/fr\/wp-json\/wp\/v2\/users\/1"}],"replies":[{"embeddable":true,"href":"https:\/\/das-art.com\/fr\/wp-json\/wp\/v2\/comments?post=673"}],"version-history":[{"count":27,"href":"https:\/\/das-art.com\/fr\/wp-json\/wp\/v2\/pages\/673\/revisions"}],"predecessor-version":[{"id":2800,"href":"https:\/\/das-art.com\/fr\/wp-json\/wp\/v2\/pages\/673\/revisions\/2800"}],"wp:attachment":[{"href":"https:\/\/das-art.com\/fr\/wp-json\/wp\/v2\/media?parent=673"}],"curies":[{"name":"wp","href":"https:\/\/api.w.org\/{rel}","templated":true}]}}