{"id":680,"date":"2022-07-16T00:36:34","date_gmt":"2022-07-15T22:36:34","guid":{"rendered":"https:\/\/v9.das-art.com\/?page_id=680"},"modified":"2025-10-03T15:38:00","modified_gmt":"2025-10-03T13:38:00","slug":"my-little-apocalypse","status":"publish","type":"page","link":"https:\/\/das-art.com\/fr\/my-little-apocalypse\/","title":{"rendered":"My Little Apocalypse"},"content":{"rendered":"\n<figure class=\"wp-block-image alignfull size-full\"><noscript><img loading=\"lazy\" decoding=\"async\" width=\"1920\" height=\"700\" data-skip-lazy src=\"https:\/\/cdn.das-art.com\/header_My-Little-Apocalypse.jpg\" alt=\"header - My Little Apocalypse\" class=\"wp-image-2776\" srcset=\"https:\/\/cdn.das-art.com\/header_My-Little-Apocalypse.jpg 1920w, https:\/\/cdn.das-art.com\/header_My-Little-Apocalypse-300x109.jpg 300w, https:\/\/cdn.das-art.com\/header_My-Little-Apocalypse-1024x373.jpg 1024w, https:\/\/cdn.das-art.com\/header_My-Little-Apocalypse-500x182.jpg 500w, https:\/\/cdn.das-art.com\/header_My-Little-Apocalypse-800x292.jpg 800w, https:\/\/cdn.das-art.com\/header_My-Little-Apocalypse-1280x467.jpg 1280w\" sizes=\"auto, (max-width: 1920px) 100vw, 1920px\" \/><\/noscript><img loading=\"eager\" decoding=\"async\" width=\"1920\" height=\"700\" src=\"https:\/\/cdn.das-art.com\/header_My-Little-Apocalypse.jpg\" alt=\"header - My Little Apocalypse\" class=\"wp-image-2776 vp-lazyload\" srcset=\"data:image\/svg+xml;base64,PHN2ZyB3aWR0aD0iMTkyMCIgaGVpZ2h0PSI3MDAiIHZpZXdCb3g9IjAgMCAxOTIwIDcwMCIgZmlsbD0ibm9uZSIgeG1sbnM9Imh0dHA6Ly93d3cudzMub3JnLzIwMDAvc3ZnIj48L3N2Zz4=\" data-src=\"https:\/\/cdn.das-art.com\/header_My-Little-Apocalypse.jpg\" data-srcset=\"https:\/\/cdn.das-art.com\/header_My-Little-Apocalypse.jpg 1920w, https:\/\/cdn.das-art.com\/header_My-Little-Apocalypse-300x109.jpg 300w, https:\/\/cdn.das-art.com\/header_My-Little-Apocalypse-1024x373.jpg 1024w, https:\/\/cdn.das-art.com\/header_My-Little-Apocalypse-500x182.jpg 500w, https:\/\/cdn.das-art.com\/header_My-Little-Apocalypse-800x292.jpg 800w, https:\/\/cdn.das-art.com\/header_My-Little-Apocalypse-1280x467.jpg 1280w\" data-sizes=\"auto\"><\/figure>\n\n\n\n<div class=\"wp-block-group book-detail-page has-global-padding is-layout-constrained wp-block-group-is-layout-constrained\">\n<h2 class=\"wp-block-heading\">My Little Apocalypse<\/h2>\n\n\n\n<p>Pendant les pand\u00e9mies, tout ce que tu peux faire, c&rsquo;est rester \u00e0 la maison, t&rsquo;occuper de toi et des tiens, et t&rsquo;ennuyer\u2026<br>Heureusement, il y a plein de coloriages pour les enfants\u2026<br>Mais les adultes dans tout \u00e7a ?<\/p>\n\n\n\n<p>Voil\u00e0 quelques illustrations en noir et blanc que tu peux t\u00e9l\u00e9charger gratuitement pour les colorier en attendant qu&rsquo;apocalypse se passe !<\/p>\n\n\n\n<p class=\"is-style-plain\">J&rsquo;ajouterais de nouvelles images de temps \u00e0 autre.<\/p>\n\n\n\n<p><strong>Tout ce que tu as \u00e0 faire, c&rsquo;est de cliquer sur les miniatures et sauvegarder l&rsquo;image que tu veux \ud83d\ude09<\/strong><\/p>\n\n\n\n<p>N&rsquo;h\u00e9site pas \u00e0 partager ta r\u00e9alisation en utilisant <strong>#MyLittleApocalypse<\/strong> et n&rsquo;oublie pas de me mentionner (<a href=\"https:\/\/instagram.com\/DasArt\" target=\"_blank\" rel=\"noreferrer noopener\">DasArt<\/a> on Instagram, <a href=\"https:\/\/www.threads.net\/@DasArt\">DasArt<\/a> on Threads, <a href=\"https:\/\/bsky.app\/profile\/DasArt.bsky.social\">DasArt<\/a> on Bluesky, <a href=\"https:\/\/www.tiktok.com\/@das.art\" target=\"_blank\" rel=\"noreferrer noopener\">das.art<\/a> on TikTok, etc) pour que je puisse voir ton \u0153uvre (et aussi parce que je suis l&rsquo;auteur du dessin \u00e9videmment donc cr\u00e9diter l&rsquo;artiste est le minimum de la biens\u00e9ance).<\/p>\n\n\n\n<p><em>Les illustrations de cette page sont t\u00e9l\u00e9chargeables et imprimables gratuitement en vue d&rsquo;un usage personnel uniquement.<br>Merci de me cr\u00e9diter comme cr\u00e9ateur (avec un lien vers mon site ou l&rsquo;un de mes r\u00e9seaux sociaux) chaque fois que tu publies une de mes illustration en ligne &#8211; c&rsquo;est tout ce que \u00e7a te co\u00fbte. Merci et profite !<\/em><\/p>\n\n\n\n<div class=\"wp-block-columns is-layout-flex wp-container-core-columns-is-layout-28f84493 wp-block-columns-is-layout-flex\">\n<div class=\"wp-block-column is-layout-flow wp-block-column-is-layout-flow\">\n<figure class=\"wp-block-image size-large\"><a href=\"https:\/\/cdn.das-art.com\/My-Little-Apocalypse_Zombie.png\"><noscript><img decoding=\"async\" data-skip-lazy src=\"https:\/\/cdn.das-art.com\/My-Little-Apocalypse_Zombie.png\" alt=\"My Little Apocalypse - Zombie\"\/><\/noscript><img decoding=\"async\" src=\"data:image\/svg+xml;base64,PHN2ZyB3aWR0aD0iMTgzOCIgaGVpZ2h0PSIyNjAwIiB2aWV3Qm94PSIwIDAgMTgzOCAyNjAwIiBmaWxsPSJub25lIiB4bWxucz0iaHR0cDovL3d3dy53My5vcmcvMjAwMC9zdmciPjwvc3ZnPg==\" alt=\"My Little Apocalypse - Zombie\" data-src=\"https:\/\/cdn.das-art.com\/My-Little-Apocalypse_Zombie.png\" data-sizes=\"auto\" loading=\"eager\" class=\"vp-lazyload\"><\/a><\/figure>\n<\/div>\n\n\n\n<div class=\"wp-block-column is-layout-flow wp-block-column-is-layout-flow\">\n<figure class=\"wp-block-image size-large\"><a href=\"https:\/\/cdn.das-art.com\/My-Little-Apocalypse_Werewolf.png\"><noscript><img decoding=\"async\" data-skip-lazy src=\"https:\/\/cdn.das-art.com\/My-Little-Apocalypse_Werewolf.png\" alt=\"My Little Apocalypse - Werewolf\"\/><\/noscript><img decoding=\"async\" src=\"data:image\/svg+xml;base64,PHN2ZyB3aWR0aD0iMTgzOCIgaGVpZ2h0PSIyNjAwIiB2aWV3Qm94PSIwIDAgMTgzOCAyNjAwIiBmaWxsPSJub25lIiB4bWxucz0iaHR0cDovL3d3dy53My5vcmcvMjAwMC9zdmciPjwvc3ZnPg==\" alt=\"My Little Apocalypse - Werewolf\" data-src=\"https:\/\/cdn.das-art.com\/My-Little-Apocalypse_Werewolf.png\" data-sizes=\"auto\" loading=\"eager\" class=\"vp-lazyload\"><\/a><\/figure>\n<\/div>\n\n\n\n<div class=\"wp-block-column is-layout-flow wp-block-column-is-layout-flow\">\n<figure class=\"wp-block-image size-large\"><a href=\"https:\/\/cdn.das-art.com\/My-Little-Apocalypse_Vampire.png\"><noscript><img decoding=\"async\" data-skip-lazy src=\"https:\/\/cdn.das-art.com\/My-Little-Apocalypse_Vampire.png\" alt=\"My Little Apocalypse - Vampire\"\/><\/noscript><img decoding=\"async\" src=\"data:image\/svg+xml;base64,PHN2ZyB3aWR0aD0iMTgzOCIgaGVpZ2h0PSIyNjAwIiB2aWV3Qm94PSIwIDAgMTgzOCAyNjAwIiBmaWxsPSJub25lIiB4bWxucz0iaHR0cDovL3d3dy53My5vcmcvMjAwMC9zdmciPjwvc3ZnPg==\" alt=\"My Little Apocalypse - Vampire\" data-src=\"https:\/\/cdn.das-art.com\/My-Little-Apocalypse_Vampire.png\" data-sizes=\"auto\" loading=\"eager\" class=\"vp-lazyload\"><\/a><\/figure>\n<\/div>\n<\/div>\n\n\n\n<div class=\"wp-block-columns is-layout-flex wp-container-core-columns-is-layout-28f84493 wp-block-columns-is-layout-flex\">\n<div class=\"wp-block-column is-layout-flow wp-block-column-is-layout-flow\">\n<figure class=\"wp-block-image size-large\"><a href=\"https:\/\/cdn.das-art.com\/My-Little-Apocalypse_Rats.png\"><noscript><img decoding=\"async\" data-skip-lazy src=\"https:\/\/cdn.das-art.com\/My-Little-Apocalypse_Rats.png\" alt=\"My Little Apocalypse - Rats\"\/><\/noscript><img decoding=\"async\" src=\"data:image\/svg+xml;base64,PHN2ZyB3aWR0aD0iMTgzOCIgaGVpZ2h0PSIyNjAwIiB2aWV3Qm94PSIwIDAgMTgzOCAyNjAwIiBmaWxsPSJub25lIiB4bWxucz0iaHR0cDovL3d3dy53My5vcmcvMjAwMC9zdmciPjwvc3ZnPg==\" alt=\"My Little Apocalypse - Rats\" data-src=\"https:\/\/cdn.das-art.com\/My-Little-Apocalypse_Rats.png\" data-sizes=\"auto\" loading=\"eager\" class=\"vp-lazyload\"><\/a><\/figure>\n<\/div>\n\n\n\n<div class=\"wp-block-column is-layout-flow wp-block-column-is-layout-flow\">\n<figure class=\"wp-block-image size-large\"><a href=\"https:\/\/cdn.das-art.com\/My-Little-Apocalypse_PandemicOutfit.png\"><noscript><img decoding=\"async\" data-skip-lazy src=\"https:\/\/cdn.das-art.com\/My-Little-Apocalypse_PandemicOutfit.png\" alt=\"My Little Apocalypse - PandemicOutfit\"\/><\/noscript><img decoding=\"async\" src=\"data:image\/svg+xml;base64,PHN2ZyB3aWR0aD0iMTgzOCIgaGVpZ2h0PSIyNjAwIiB2aWV3Qm94PSIwIDAgMTgzOCAyNjAwIiBmaWxsPSJub25lIiB4bWxucz0iaHR0cDovL3d3dy53My5vcmcvMjAwMC9zdmciPjwvc3ZnPg==\" alt=\"My Little Apocalypse - PandemicOutfit\" data-src=\"https:\/\/cdn.das-art.com\/My-Little-Apocalypse_PandemicOutfit.png\" data-sizes=\"auto\" loading=\"eager\" class=\"vp-lazyload\"><\/a><\/figure>\n<\/div>\n\n\n\n<div class=\"wp-block-column is-layout-flow wp-block-column-is-layout-flow\">\n<figure class=\"wp-block-image size-large\"><a href=\"https:\/\/cdn.das-art.com\/My-Little-Apocalypse_HappyExperiment.png\"><noscript><img decoding=\"async\" data-skip-lazy src=\"https:\/\/cdn.das-art.com\/My-Little-Apocalypse_HappyExperiment.png\" alt=\"My Little Apocalypse - HappyExperiment\"\/><\/noscript><img decoding=\"async\" src=\"data:image\/svg+xml;base64,PHN2ZyB3aWR0aD0iMTgzOCIgaGVpZ2h0PSIyNjAwIiB2aWV3Qm94PSIwIDAgMTgzOCAyNjAwIiBmaWxsPSJub25lIiB4bWxucz0iaHR0cDovL3d3dy53My5vcmcvMjAwMC9zdmciPjwvc3ZnPg==\" alt=\"My Little Apocalypse - HappyExperiment\" data-src=\"https:\/\/cdn.das-art.com\/My-Little-Apocalypse_HappyExperiment.png\" data-sizes=\"auto\" loading=\"eager\" class=\"vp-lazyload\"><\/a><\/figure>\n<\/div>\n<\/div>\n\n\n\n<div class=\"wp-block-columns is-layout-flex wp-container-core-columns-is-layout-28f84493 wp-block-columns-is-layout-flex\">\n<div class=\"wp-block-column is-layout-flow wp-block-column-is-layout-flow\">\n<figure class=\"wp-block-image size-large\"><a href=\"https:\/\/cdn.das-art.com\/My-Little-Apocalypse_Mummy.png\"><noscript><img decoding=\"async\" data-skip-lazy src=\"https:\/\/cdn.das-art.com\/My-Little-Apocalypse_Mummy.png\" alt=\"My Little Apocalypse - Mummy\"\/><\/noscript><img decoding=\"async\" src=\"data:image\/svg+xml;base64,PHN2ZyB3aWR0aD0iMTgzOCIgaGVpZ2h0PSIyNjAwIiB2aWV3Qm94PSIwIDAgMTgzOCAyNjAwIiBmaWxsPSJub25lIiB4bWxucz0iaHR0cDovL3d3dy53My5vcmcvMjAwMC9zdmciPjwvc3ZnPg==\" alt=\"My Little Apocalypse - Mummy\" data-src=\"https:\/\/cdn.das-art.com\/My-Little-Apocalypse_Mummy.png\" data-sizes=\"auto\" loading=\"eager\" class=\"vp-lazyload\"><\/a><\/figure>\n<\/div>\n\n\n\n<div class=\"wp-block-column is-layout-flow wp-block-column-is-layout-flow\">\n<figure class=\"wp-block-image size-large\"><a href=\"https:\/\/cdn.das-art.com\/My-Little-Apocalypse_Arachnida.png\"><noscript><img decoding=\"async\" data-skip-lazy src=\"https:\/\/cdn.das-art.com\/My-Little-Apocalypse_Arachnida.png\" alt=\"My Little Apocalypse - Arachnida\"\/><\/noscript><img decoding=\"async\" src=\"data:image\/svg+xml;base64,PHN2ZyB3aWR0aD0iMTgzOCIgaGVpZ2h0PSIyNjAwIiB2aWV3Qm94PSIwIDAgMTgzOCAyNjAwIiBmaWxsPSJub25lIiB4bWxucz0iaHR0cDovL3d3dy53My5vcmcvMjAwMC9zdmciPjwvc3ZnPg==\" alt=\"My Little Apocalypse - Arachnida\" data-src=\"https:\/\/cdn.das-art.com\/My-Little-Apocalypse_Arachnida.png\" data-sizes=\"auto\" loading=\"eager\" class=\"vp-lazyload\"><\/a><\/figure>\n<\/div>\n\n\n\n<div class=\"wp-block-column is-layout-flow wp-block-column-is-layout-flow\"><\/div>\n<\/div>\n\n\n\n<div style=\"height:100px\" aria-hidden=\"true\" class=\"wp-block-spacer\"><\/div>\n<\/div>\n","protected":false},"excerpt":{"rendered":"<p>My Little Apocalypse Pendant les pand\u00e9mies, tout ce que tu peux faire, c&rsquo;est rester \u00e0 la maison, t&rsquo;occuper de toi et des tiens, et t&rsquo;ennuyer\u2026Heureusement, il y a plein de coloriages pour les enfants\u2026Mais les adultes dans tout \u00e7a ? Voil\u00e0 quelques illustrations en noir et blanc que tu peux t\u00e9l\u00e9charger gratuitement pour les colorier &hellip; <\/p>\n<p class=\"link-more\"><a href=\"https:\/\/das-art.com\/fr\/my-little-apocalypse\/\" class=\"more-link\">Lire la suite de<span class=\"screen-reader-text\">\u00ab\u00a0My Little Apocalypse\u00a0\u00bb<\/span><\/a><\/p>\n","protected":false},"author":1,"featured_media":582,"parent":0,"menu_order":0,"comment_status":"closed","ping_status":"closed","template":"page-templates\/full-width-no-title.php","meta":{"advanced_seo_description":"","jetpack_seo_html_title":"","jetpack_seo_noindex":false,"_vp_format_video_url":"","_vp_image_focal_point":[],"inspiro_hide_title":false,"footnotes":""},"class_list":["post-680","page","type-page","status-publish","has-post-thumbnail","hentry","page_tag-free-comics"],"translation":{"provider":"WPGlobus","version":"3.0.2","language":"fr","enabled_languages":["gb","fr"],"languages":{"gb":{"title":true,"content":true,"excerpt":false},"fr":{"title":true,"content":true,"excerpt":false}}},"jetpack_sharing_enabled":true,"_links":{"self":[{"href":"https:\/\/das-art.com\/fr\/wp-json\/wp\/v2\/pages\/680","targetHints":{"allow":["GET"]}}],"collection":[{"href":"https:\/\/das-art.com\/fr\/wp-json\/wp\/v2\/pages"}],"about":[{"href":"https:\/\/das-art.com\/fr\/wp-json\/wp\/v2\/types\/page"}],"author":[{"embeddable":true,"href":"https:\/\/das-art.com\/fr\/wp-json\/wp\/v2\/users\/1"}],"replies":[{"embeddable":true,"href":"https:\/\/das-art.com\/fr\/wp-json\/wp\/v2\/comments?post=680"}],"version-history":[{"count":23,"href":"https:\/\/das-art.com\/fr\/wp-json\/wp\/v2\/pages\/680\/revisions"}],"predecessor-version":[{"id":3357,"href":"https:\/\/das-art.com\/fr\/wp-json\/wp\/v2\/pages\/680\/revisions\/3357"}],"wp:featuredmedia":[{"embeddable":true,"href":"https:\/\/das-art.com\/fr\/wp-json\/wp\/v2\/media\/582"}],"wp:attachment":[{"href":"https:\/\/das-art.com\/fr\/wp-json\/wp\/v2\/media?parent=680"}],"curies":[{"name":"wp","href":"https:\/\/api.w.org\/{rel}","templated":true}]}}