{"id":1771,"date":"2023-09-15T00:00:16","date_gmt":"2023-09-14T22:00:16","guid":{"rendered":"https:\/\/das-art.com\/?post_type=product&#038;p=1771"},"modified":"2026-02-17T16:38:03","modified_gmt":"2026-02-17T15:38:03","slug":"enemy-engaged-2_fr","status":"publish","type":"product","link":"https:\/\/das-art.com\/fr\/shop\/books\/enemy-engaged-2_fr\/","title":{"rendered":"Enemy Engaged #2 &#8211; FR (comic book)"},"content":{"rendered":"","protected":false},"excerpt":{"rendered":"<div class=\"entry-content\">\n<div class=\"entry-content\">\n<div class=\"wp-container-9 wp-block-column is-vertically-aligned-top\">\n<div class=\"entry-content\">\n<div class=\"wp-container-21 wp-block-column is-vertically-aligned-top\">\n<div class=\"wp-container-9 wp-block-column is-vertically-aligned-top\">\n<h2>Enemy Engaged #2 (FR)<\/h2>\n<h3>Valkyride<\/h3>\n<p><em>\u00c9crit par Ratatarse<br \/>\nIllustr\u00e9 par Das<\/em><br \/>\n<em>\u00c9dit\u00e9 par Das avec Nice Kraken<\/em><\/p>\n<p><strong>Enemy Engaged est un comics parodique de science-fiction en cinq \u00e9pisodes cr\u00e9\u00e9 par Ratatarse et Das.<\/strong><br \/>\nRepartons dans l\u2019espace infini et hostile avec cet \u00e9quipage h\u00e9t\u00e9roclite qui apr\u00e8s les aventures du pr\u00e9c\u00e9dent \u00e9pisode, a besoin d\u2019un repos m\u00e9rit\u00e9\u2026<br \/>\nDu repos ? Enfin pas pour tout le monde !<\/p>\n<p><em>24 pages, couleur, fran\u00e7ais, couverture souple dos agraf\u00e9, 17x26cm, septembre 2023, ISBN: 978-2958902803<\/em><\/p>\n<\/div>\n<\/div>\n<\/div>\n<\/div>\n<\/div>\n<\/div>\n","protected":false},"featured_media":1790,"comment_status":"open","ping_status":"closed","template":"","meta":{"advanced_seo_description":"","jetpack_seo_html_title":"","jetpack_seo_noindex":false,"_wp_convertkit_post_meta":{"form":"-1","landing_page":"","tag":"0","restrict_content":"0"},"_vp_format_video_url":"","_vp_image_focal_point":[]},"product_brand":[],"product_cat":[22],"product_tag":[72],"class_list":{"0":"post-1771","1":"product","2":"type-product","3":"status-publish","4":"has-post-thumbnail","6":"product_cat-books","7":"product_tag-enemy-engaged","9":"first","10":"instock","11":"shipping-taxable","12":"purchasable","13":"product-type-simple"},"translation":{"provider":"WPGlobus","version":"3.0.2","language":"fr","enabled_languages":["gb","fr"],"languages":{"gb":{"title":true,"content":false,"excerpt":true},"fr":{"title":false,"content":false,"excerpt":false}}},"jetpack_sharing_enabled":true,"_links":{"self":[{"href":"https:\/\/das-art.com\/fr\/wp-json\/wp\/v2\/product\/1771","targetHints":{"allow":["GET"]}}],"collection":[{"href":"https:\/\/das-art.com\/fr\/wp-json\/wp\/v2\/product"}],"about":[{"href":"https:\/\/das-art.com\/fr\/wp-json\/wp\/v2\/types\/product"}],"replies":[{"embeddable":true,"href":"https:\/\/das-art.com\/fr\/wp-json\/wp\/v2\/comments?post=1771"}],"wp:featuredmedia":[{"embeddable":true,"href":"https:\/\/das-art.com\/fr\/wp-json\/wp\/v2\/media\/1790"}],"wp:attachment":[{"href":"https:\/\/das-art.com\/fr\/wp-json\/wp\/v2\/media?parent=1771"}],"wp:term":[{"taxonomy":"product_brand","embeddable":true,"href":"https:\/\/das-art.com\/fr\/wp-json\/wp\/v2\/product_brand?post=1771"},{"taxonomy":"product_cat","embeddable":true,"href":"https:\/\/das-art.com\/fr\/wp-json\/wp\/v2\/product_cat?post=1771"},{"taxonomy":"product_tag","embeddable":true,"href":"https:\/\/das-art.com\/fr\/wp-json\/wp\/v2\/product_tag?post=1771"}],"curies":[{"name":"wp","href":"https:\/\/api.w.org\/{rel}","templated":true}]}}