{"id":179,"date":"2019-02-10T00:00:40","date_gmt":"2019-02-09T23:00:40","guid":{"rendered":"https:\/\/v9.das-art.com\/?post_type=product&#038;p=179"},"modified":"2025-01-08T16:40:31","modified_gmt":"2025-01-08T15:40:31","slug":"un-crocodile-aux-dents-poilues","status":"publish","type":"product","link":"https:\/\/das-art.com\/fr\/shop\/books\/un-crocodile-aux-dents-poilues\/","title":{"rendered":"Un crocodile aux dents poilues (children&rsquo;s book)"},"content":{"rendered":"","protected":false},"excerpt":{"rendered":"<div class=\"entry-content\">\n<div class=\"entry-content\">\n<div class=\"wp-container-25 wp-block-column is-vertically-aligned-top\">\n<h2>Un crocodile aux dents poilues<\/h2>\n<p><em>\u00c9crit par Bao<br \/>\nIllustr\u00e9 par Das<br \/>\n\u00c9dit\u00e9 par Das avec Nice Kraken<\/em><\/p>\n<p><strong>\u00c0 l\u2019or\u00e9e de la for\u00eat, un jeune crocodile affam\u00e9 cherche un morceau \u00e0 croquer !<\/strong> Mais sa curiosit\u00e9 lui r\u00e9serve des surprises\u2026<\/p>\n<p>Un livre d\u2019aventure et d\u2019amiti\u00e9 pour les 3-8 ans.<\/p>\n<p><em>32 pages, couleur, en fran\u00e7ais, couverture souple en dos carr\u00e9 coll\u00e9, 17x17cm, d\u00e9cembre 2018, ISBN: 978-2957335404<\/em><\/p>\n<\/div>\n<\/div>\n<\/div>\n","protected":false},"featured_media":255,"comment_status":"open","ping_status":"closed","template":"","meta":{"advanced_seo_description":"","jetpack_seo_html_title":"","jetpack_seo_noindex":false,"_vp_format_video_url":"","_vp_image_focal_point":[]},"product_brand":[],"product_cat":[22],"product_tag":[],"class_list":{"0":"post-179","1":"product","2":"type-product","3":"status-publish","4":"has-post-thumbnail","6":"product_cat-books","8":"first","9":"instock","10":"shipping-taxable","11":"purchasable","12":"product-type-simple"},"translation":{"provider":"WPGlobus","version":"3.0.2","language":"fr","enabled_languages":["gb","fr"],"languages":{"gb":{"title":true,"content":false,"excerpt":true},"fr":{"title":false,"content":false,"excerpt":false}}},"jetpack_sharing_enabled":true,"_links":{"self":[{"href":"https:\/\/das-art.com\/fr\/wp-json\/wp\/v2\/product\/179","targetHints":{"allow":["GET"]}}],"collection":[{"href":"https:\/\/das-art.com\/fr\/wp-json\/wp\/v2\/product"}],"about":[{"href":"https:\/\/das-art.com\/fr\/wp-json\/wp\/v2\/types\/product"}],"replies":[{"embeddable":true,"href":"https:\/\/das-art.com\/fr\/wp-json\/wp\/v2\/comments?post=179"}],"wp:featuredmedia":[{"embeddable":true,"href":"https:\/\/das-art.com\/fr\/wp-json\/wp\/v2\/media\/255"}],"wp:attachment":[{"href":"https:\/\/das-art.com\/fr\/wp-json\/wp\/v2\/media?parent=179"}],"wp:term":[{"taxonomy":"product_brand","embeddable":true,"href":"https:\/\/das-art.com\/fr\/wp-json\/wp\/v2\/product_brand?post=179"},{"taxonomy":"product_cat","embeddable":true,"href":"https:\/\/das-art.com\/fr\/wp-json\/wp\/v2\/product_cat?post=179"},{"taxonomy":"product_tag","embeddable":true,"href":"https:\/\/das-art.com\/fr\/wp-json\/wp\/v2\/product_tag?post=179"}],"curies":[{"name":"wp","href":"https:\/\/api.w.org\/{rel}","templated":true}]}}