{"id":2358,"date":"2024-12-20T00:00:22","date_gmt":"2024-12-19T23:00:22","guid":{"rendered":"https:\/\/das-art.com\/?post_type=product&#038;p=2358"},"modified":"2025-09-17T18:30:14","modified_gmt":"2025-09-17T16:30:14","slug":"histoires-de-voyages-dans-l-esprit","status":"publish","type":"product","link":"https:\/\/das-art.com\/fr\/shop\/books\/histoires-de-voyages-dans-l-esprit\/","title":{"rendered":"Histoires de Voyages dans l&rsquo;Esprit (comic book)"},"content":{"rendered":"","protected":false},"excerpt":{"rendered":"<div class=\"entry-content\">\n<div class=\"entry-content\">\n<div class=\"wp-container-9 wp-block-column is-vertically-aligned-top\">\n<div class=\"entry-content\">\n<div class=\"wp-container-21 wp-block-column is-vertically-aligned-top\">\n<div class=\"wp-container-9 wp-block-column is-vertically-aligned-top\">\n<div class=\"entry-content\">\n<div class=\"wp-container-21 wp-block-column is-vertically-aligned-top\">\n<div class=\"wp-container-9 wp-block-column is-vertically-aligned-top\">\n<h2>Histoires de Voyages dans l&rsquo;Esprit<\/h2>\n<p><em>\u00c9<\/em><em>crit et illustr\u00e9 par Das<\/em><br \/>\n<em>\u00c9dit\u00e9 par Das avec Nice Kraken<\/em><\/p>\n<p><strong>Quatre histoires tortueuses autour du th\u00e8me de la m\u00e9moire en (presque) noir et blanc r\u00e9unies dans un seul livre !<\/strong><\/p>\n<p><em>\u2022 The Split<\/em> (polar super-h\u00e9ro\u00efque) :<br \/>\nUn justicier masqu\u00e9 face \u00e0 un tueur en s\u00e9rie qui ne cesse de lui \u00e9chapper.<\/p>\n<p><em>\u2022 Misanthropie<\/em> (horreur fantastique) :<br \/>\nAlors qu&rsquo;il d\u00e9couvre Paris englouti sous les eaux, un homme bless\u00e9 tente de fuir les survivants.<\/p>\n<p><em>\u2022 Resume<\/em> (science-fantasy) :<br \/>\nElle court apr\u00e8s son pass\u00e9 tout en essayant de se soustraire \u00e0 ses poursuivantes.<\/p>\n<p><em>\u2022 Fresh Start<\/em> (post-apocalyptique) :<br \/>\nIel ne se souvient plus comment iel est arriv\u00e9, iel connait pas contre un moyen de s&rsquo;\u00e9vader.<\/p>\n<p>Encore un doute avant de franchir le pas, tu peux d\u00e9j\u00e0 lire <a href=\"https:\/\/das-art.com\/the-split\/\"><em>The Split<\/em><\/a> et <a href=\"https:\/\/das-art.com\/misanthropie\/\"><em>Misanthropie<\/em><\/a> dans ma section <strong>BD gratuites<\/strong> si tu veux te faire une id\u00e9e de ce \u00e0 quoi t\u2019attendre !<\/p>\n<p><em>64 pages, couleur, en fran\u00e7ais, couverture souple en dos carr\u00e9 coll\u00e9, 21&#215;29.7cm, d\u00e9cembre 2024, ISBN: 978-2958902834<br \/>\n<\/em><\/p>\n<\/div>\n<\/div>\n<\/div>\n<\/div>\n<\/div>\n<\/div>\n<\/div>\n<\/div>\n<\/div>\n","protected":false},"featured_media":2414,"comment_status":"open","ping_status":"closed","template":"","meta":{"advanced_seo_description":"","jetpack_seo_html_title":"","jetpack_seo_noindex":false,"_wp_convertkit_post_meta":{"form":"-1","landing_page":"","tag":"0","restrict_content":"0"},"_vp_format_video_url":"","_vp_image_focal_point":[]},"product_brand":[],"product_cat":[22],"product_tag":[],"class_list":{"0":"post-2358","1":"product","2":"type-product","3":"status-publish","4":"has-post-thumbnail","6":"product_cat-books","8":"first","9":"outofstock","10":"shipping-taxable","11":"purchasable","12":"product-type-simple"},"translation":{"provider":"WPGlobus","version":"3.0.2","language":"fr","enabled_languages":["gb","fr"],"languages":{"gb":{"title":true,"content":false,"excerpt":true},"fr":{"title":false,"content":false,"excerpt":false}}},"jetpack_sharing_enabled":true,"_links":{"self":[{"href":"https:\/\/das-art.com\/fr\/wp-json\/wp\/v2\/product\/2358","targetHints":{"allow":["GET"]}}],"collection":[{"href":"https:\/\/das-art.com\/fr\/wp-json\/wp\/v2\/product"}],"about":[{"href":"https:\/\/das-art.com\/fr\/wp-json\/wp\/v2\/types\/product"}],"replies":[{"embeddable":true,"href":"https:\/\/das-art.com\/fr\/wp-json\/wp\/v2\/comments?post=2358"}],"wp:featuredmedia":[{"embeddable":true,"href":"https:\/\/das-art.com\/fr\/wp-json\/wp\/v2\/media\/2414"}],"wp:attachment":[{"href":"https:\/\/das-art.com\/fr\/wp-json\/wp\/v2\/media?parent=2358"}],"wp:term":[{"taxonomy":"product_brand","embeddable":true,"href":"https:\/\/das-art.com\/fr\/wp-json\/wp\/v2\/product_brand?post=2358"},{"taxonomy":"product_cat","embeddable":true,"href":"https:\/\/das-art.com\/fr\/wp-json\/wp\/v2\/product_cat?post=2358"},{"taxonomy":"product_tag","embeddable":true,"href":"https:\/\/das-art.com\/fr\/wp-json\/wp\/v2\/product_tag?post=2358"}],"curies":[{"name":"wp","href":"https:\/\/api.w.org\/{rel}","templated":true}]}}