{"id":2439,"date":"2024-12-20T00:00:30","date_gmt":"2024-12-19T23:00:30","guid":{"rendered":"https:\/\/das-art.com\/?post_type=product&#038;p=2439"},"modified":"2026-02-17T16:37:49","modified_gmt":"2026-02-17T15:37:49","slug":"enemy-engaged-3_fr","status":"publish","type":"product","link":"https:\/\/das-art.com\/fr\/shop\/books\/enemy-engaged-3_fr\/","title":{"rendered":"Enemy Engaged #3 &#8211; FR (comic book)"},"content":{"rendered":"","protected":false},"excerpt":{"rendered":"<div class=\"entry-content\">\n<div class=\"entry-content\">\n<div class=\"wp-container-9 wp-block-column is-vertically-aligned-top\">\n<div class=\"entry-content\">\n<div class=\"wp-container-21 wp-block-column is-vertically-aligned-top\">\n<div class=\"wp-container-9 wp-block-column is-vertically-aligned-top\">\n<h2>Enemy Engaged #3 (FR)<\/h2>\n<h3>Better Than Raw<\/h3>\n<p><em>\u00c9crit par Ratatarse<br \/>\nIllustr\u00e9 par Das<\/em><br \/>\n<em>\u00c9dit\u00e9 par Das avec Nice Kraken<\/em><\/p>\n<p><strong>Enemy Engaged est un comics parodique de science-fiction en cinq \u00e9pisodes cr\u00e9\u00e9 par Ratatarse et Das.<\/strong><br \/>\nApr\u00e8s un repos de courte dur\u00e9e et plein de rebondissements, l&rsquo;\u00e9quipage du Rampage subit les attaques d&rsquo;une flotte ennemie.<br \/>\nRien qui ne puisse effrayer la troupe surarm\u00e9e.<br \/>\nRien, vraiment ?<\/p>\n<p><em>24 pages, couleur, fran\u00e7ais, couverture souple dos agraf\u00e9, 17x26cm, d\u00e9cembre 2024, ISBN: 978-2958902841<\/em><\/p>\n<\/div>\n<\/div>\n<\/div>\n<\/div>\n<\/div>\n<\/div>\n","protected":false},"featured_media":2440,"comment_status":"open","ping_status":"closed","template":"","meta":{"advanced_seo_description":"","jetpack_seo_html_title":"","jetpack_seo_noindex":false,"_wp_convertkit_post_meta":{"form":"-1","landing_page":"","tag":"0","restrict_content":"0"},"_vp_format_video_url":"","_vp_image_focal_point":[]},"product_brand":[],"product_cat":[22],"product_tag":[72],"class_list":{"0":"post-2439","1":"product","2":"type-product","3":"status-publish","4":"has-post-thumbnail","6":"product_cat-books","7":"product_tag-enemy-engaged","9":"first","10":"outofstock","11":"shipping-taxable","12":"purchasable","13":"product-type-simple"},"translation":{"provider":"WPGlobus","version":"3.0.2","language":"fr","enabled_languages":["gb","fr"],"languages":{"gb":{"title":true,"content":false,"excerpt":true},"fr":{"title":false,"content":false,"excerpt":false}}},"jetpack_sharing_enabled":true,"_links":{"self":[{"href":"https:\/\/das-art.com\/fr\/wp-json\/wp\/v2\/product\/2439","targetHints":{"allow":["GET"]}}],"collection":[{"href":"https:\/\/das-art.com\/fr\/wp-json\/wp\/v2\/product"}],"about":[{"href":"https:\/\/das-art.com\/fr\/wp-json\/wp\/v2\/types\/product"}],"replies":[{"embeddable":true,"href":"https:\/\/das-art.com\/fr\/wp-json\/wp\/v2\/comments?post=2439"}],"wp:featuredmedia":[{"embeddable":true,"href":"https:\/\/das-art.com\/fr\/wp-json\/wp\/v2\/media\/2440"}],"wp:attachment":[{"href":"https:\/\/das-art.com\/fr\/wp-json\/wp\/v2\/media?parent=2439"}],"wp:term":[{"taxonomy":"product_brand","embeddable":true,"href":"https:\/\/das-art.com\/fr\/wp-json\/wp\/v2\/product_brand?post=2439"},{"taxonomy":"product_cat","embeddable":true,"href":"https:\/\/das-art.com\/fr\/wp-json\/wp\/v2\/product_cat?post=2439"},{"taxonomy":"product_tag","embeddable":true,"href":"https:\/\/das-art.com\/fr\/wp-json\/wp\/v2\/product_tag?post=2439"}],"curies":[{"name":"wp","href":"https:\/\/api.w.org\/{rel}","templated":true}]}}