{"id":260,"date":"2021-11-30T00:00:41","date_gmt":"2021-11-29T23:00:41","guid":{"rendered":"https:\/\/v9.das-art.com\/?post_type=product&#038;p=260"},"modified":"2026-02-17T16:44:29","modified_gmt":"2026-02-17T15:44:29","slug":"enemy-engaged-1_fr","status":"publish","type":"product","link":"https:\/\/das-art.com\/fr\/shop\/books\/enemy-engaged-1_fr\/","title":{"rendered":"Enemy Engaged #1 &#8211; FR (comic book)"},"content":{"rendered":"","protected":false},"excerpt":{"rendered":"<div class=\"entry-content\">\n<div class=\"entry-content\">\n<div class=\"wp-container-9 wp-block-column is-vertically-aligned-top\">\n<div class=\"entry-content\">\n<div class=\"wp-container-21 wp-block-column is-vertically-aligned-top\">\n<div class=\"wp-container-9 wp-block-column is-vertically-aligned-top\">\n<h2>Enemy Engaged #1 (FR)<\/h2>\n<h3>Destroid Apocalypse<\/h3>\n<p><em>\u00c9crit par Ratatarse<br \/>\nIllustr\u00e9 par Das<\/em><br \/>\n<em>\u00c9dit\u00e9 par Das avec Nice Kraken<\/em><\/p>\n<p><strong>Enemy Engaged est un comics parodique de science-fiction en cinq \u00e9pisodes cr\u00e9\u00e9 par Ratatarse et Das.<\/strong><br \/>\nCette nouvelle histoire humoristique (avec de nouveaux personnages, mecha et lieux) se d\u00e9roule pendant les heures sombres de la pacification de la galaxie, juste apr\u00e8s la 1\u00e8re Guerre Spatiale\u2026<\/p>\n<p><em>24 pages, couleur, fran\u00e7ais, couverture souple dos agraf\u00e9, 17x26cm, novembre 2021, ISBN: 978-2957335480<\/em><\/p>\n<\/div>\n<\/div>\n<\/div>\n<\/div>\n<\/div>\n<\/div>\n","protected":false},"featured_media":261,"comment_status":"open","ping_status":"closed","template":"","meta":{"advanced_seo_description":"","jetpack_seo_html_title":"","jetpack_seo_noindex":false,"_wp_convertkit_post_meta":{"form":"-1","landing_page":"","tag":"0","restrict_content":"0"},"_vp_format_video_url":"","_vp_image_focal_point":[]},"product_brand":[],"product_cat":[22],"product_tag":[72],"class_list":{"0":"post-260","1":"product","2":"type-product","3":"status-publish","4":"has-post-thumbnail","6":"product_cat-books","7":"product_tag-enemy-engaged","9":"first","10":"instock","11":"shipping-taxable","12":"purchasable","13":"product-type-simple"},"translation":{"provider":"WPGlobus","version":"3.0.2","language":"fr","enabled_languages":["gb","fr"],"languages":{"gb":{"title":true,"content":false,"excerpt":true},"fr":{"title":false,"content":false,"excerpt":false}}},"jetpack_sharing_enabled":true,"_links":{"self":[{"href":"https:\/\/das-art.com\/fr\/wp-json\/wp\/v2\/product\/260","targetHints":{"allow":["GET"]}}],"collection":[{"href":"https:\/\/das-art.com\/fr\/wp-json\/wp\/v2\/product"}],"about":[{"href":"https:\/\/das-art.com\/fr\/wp-json\/wp\/v2\/types\/product"}],"replies":[{"embeddable":true,"href":"https:\/\/das-art.com\/fr\/wp-json\/wp\/v2\/comments?post=260"}],"wp:featuredmedia":[{"embeddable":true,"href":"https:\/\/das-art.com\/fr\/wp-json\/wp\/v2\/media\/261"}],"wp:attachment":[{"href":"https:\/\/das-art.com\/fr\/wp-json\/wp\/v2\/media?parent=260"}],"wp:term":[{"taxonomy":"product_brand","embeddable":true,"href":"https:\/\/das-art.com\/fr\/wp-json\/wp\/v2\/product_brand?post=260"},{"taxonomy":"product_cat","embeddable":true,"href":"https:\/\/das-art.com\/fr\/wp-json\/wp\/v2\/product_cat?post=260"},{"taxonomy":"product_tag","embeddable":true,"href":"https:\/\/das-art.com\/fr\/wp-json\/wp\/v2\/product_tag?post=260"}],"curies":[{"name":"wp","href":"https:\/\/api.w.org\/{rel}","templated":true}]}}