{"id":264,"date":"2021-03-19T00:00:40","date_gmt":"2021-03-18T23:00:40","guid":{"rendered":"https:\/\/v9.das-art.com\/?post_type=product&#038;p=264"},"modified":"2025-01-08T17:14:41","modified_gmt":"2025-01-08T16:14:41","slug":"sts-135","status":"publish","type":"product","link":"https:\/\/das-art.com\/fr\/shop\/books\/sts-135\/","title":{"rendered":"STS-135 (comic book)"},"content":{"rendered":"","protected":false},"excerpt":{"rendered":"<div class=\"entry-content\">\n<div class=\"entry-content\">\n<div class=\"wp-container-9 wp-block-column is-vertically-aligned-top\">\n<div class=\"entry-content\">\n<div class=\"wp-container-21 wp-block-column is-vertically-aligned-top\">\n<div class=\"wp-container-9 wp-block-column is-vertically-aligned-top\">\n<div class=\"entry-content\">\n<div class=\"wp-container-21 wp-block-column is-vertically-aligned-top\">\n<div class=\"wp-container-9 wp-block-column is-vertically-aligned-top\">\n<h2>STS-135<\/h2>\n<p><em>\u00c9<\/em><em>crit et illustr\u00e9 par Das<\/em><br \/>\n<em>\u00c9dit\u00e9 par Das avec Nice Kraken<\/em><\/p>\n<p>Un humain.<br \/>\nUn sac de patates.<br \/>\nUn terrible secret.<br \/>\nQuand la vie suit son cours mais que la soci\u00e9t\u00e9 la rattrape\u2026<br \/>\nSuivez le parcours de ce personnage au travers d\u2019une all\u00e9gorie cyberpunk !<\/p>\n<p><strong>L\u2019humanit\u00e9 peut-elle se soustraire \u00e0 ses contraintes sociales ?<\/strong><\/p>\n<p>La machine est en route.<\/p>\n<p><em>52 pages, couleur, en fran\u00e7ais, couverture souple en dos carr\u00e9 coll\u00e9, 19x27cm, mars 2021, ISBN: 978-2957335442<\/em><\/p>\n<\/div>\n<\/div>\n<\/div>\n<\/div>\n<\/div>\n<\/div>\n<\/div>\n<\/div>\n<\/div>\n","protected":false},"featured_media":265,"comment_status":"open","ping_status":"closed","template":"","meta":{"advanced_seo_description":"","jetpack_seo_html_title":"","jetpack_seo_noindex":false,"_wp_convertkit_post_meta":{"form":"-1","landing_page":"","tag":"0","restrict_content":"0"},"_vp_format_video_url":"","_vp_image_focal_point":[]},"product_brand":[],"product_cat":[22],"product_tag":[],"class_list":{"0":"post-264","1":"product","2":"type-product","3":"status-publish","4":"has-post-thumbnail","6":"product_cat-books","8":"first","9":"instock","10":"shipping-taxable","11":"purchasable","12":"product-type-simple"},"translation":{"provider":"WPGlobus","version":"3.0.2","language":"fr","enabled_languages":["gb","fr"],"languages":{"gb":{"title":true,"content":false,"excerpt":true},"fr":{"title":false,"content":false,"excerpt":false}}},"jetpack_sharing_enabled":true,"_links":{"self":[{"href":"https:\/\/das-art.com\/fr\/wp-json\/wp\/v2\/product\/264","targetHints":{"allow":["GET"]}}],"collection":[{"href":"https:\/\/das-art.com\/fr\/wp-json\/wp\/v2\/product"}],"about":[{"href":"https:\/\/das-art.com\/fr\/wp-json\/wp\/v2\/types\/product"}],"replies":[{"embeddable":true,"href":"https:\/\/das-art.com\/fr\/wp-json\/wp\/v2\/comments?post=264"}],"wp:featuredmedia":[{"embeddable":true,"href":"https:\/\/das-art.com\/fr\/wp-json\/wp\/v2\/media\/265"}],"wp:attachment":[{"href":"https:\/\/das-art.com\/fr\/wp-json\/wp\/v2\/media?parent=264"}],"wp:term":[{"taxonomy":"product_brand","embeddable":true,"href":"https:\/\/das-art.com\/fr\/wp-json\/wp\/v2\/product_brand?post=264"},{"taxonomy":"product_cat","embeddable":true,"href":"https:\/\/das-art.com\/fr\/wp-json\/wp\/v2\/product_cat?post=264"},{"taxonomy":"product_tag","embeddable":true,"href":"https:\/\/das-art.com\/fr\/wp-json\/wp\/v2\/product_tag?post=264"}],"curies":[{"name":"wp","href":"https:\/\/api.w.org\/{rel}","templated":true}]}}